{"id":3296,"date":"2024-08-06T14:39:21","date_gmt":"2024-08-06T14:39:21","guid":{"rendered":"https:\/\/www.vanoo21.nl\/?post_type=product&#038;p=3296"},"modified":"2025-04-22T07:51:25","modified_gmt":"2025-04-22T07:51:25","slug":"ci-3","status":"publish","type":"product","link":"https:\/\/www.american-appliances.eu\/fr\/produit\/ci-3\/","title":{"rendered":"Ci 3"},"content":{"rendered":"<p>Les tables de cuisson \u00e0 induction plates modernes de CASO Design sont non seulement \u00e9l\u00e9gantes, mais offrent \u00e9galement le plus grand plaisir de cuisson possible gr\u00e2ce au panneau de commande tactile clair. Gr\u00e2ce aux curseurs innovants, il est possible de contr\u00f4ler facilement les diff\u00e9rentes zones de cuisson \u00e0 induction sur toute la surface et de r\u00e9gler rapidement l&rsquo;un des niveaux de puissance ou des fonctions souhait\u00e9s.<\/p>\n<p>Les nombreuses fonctions, telles que le syst\u00e8me de cuisson automatique pratique ou la puissante fonction de pontage, rendent les plaques \u00e0 induction de CASO Design encore plus int\u00e9ressantes. La technologie \u00e0 induction est utilis\u00e9e pour cuisiner rapidement et instantan\u00e9ment, comme le gaz. Gr\u00e2ce \u00e0 cette technique, la cuisson est particuli\u00e8rement propre, car rien ne peut br\u00fbler.<\/p>\n<p>En mati\u00e8re de s\u00e9curit\u00e9, un interrupteur de s\u00e9curit\u00e9, une s\u00e9curit\u00e9 enfant int\u00e9gr\u00e9e et un syst\u00e8me de verrouillage compl\u00e8tent la table de cuisson moderne. Dans chaque cuisine, les plaques de cuisson CASO Design offrent une exp\u00e9rience de cuisson unique.<\/p>\n","protected":false},"excerpt":{"rendered":"<p><strong>Table de cuisson \u00e0 induction plate <\/strong><br \/>\n+ Commande tactile<br \/>\n+ Circuit de capteur \/ TC Slim<br \/>\n+ Commande coulissante<br \/>\n+ \u00c9bullition automatique<br \/>\n+ Niveau de puissance pour chaque zone de cuisson<br \/>\n+ Fonction pont (avant\/arri\u00e8re)<br \/>\n+ Minuterie \/ minuterie de cuisson<br \/>\n+ Maintien au chaud<br \/>\n+ Interrupteur de s\u00e9curit\u00e9<br \/>\n+ Indicateur LED blanc<br \/>\n+ + Fonction gril<br \/>\n+ Fonction pause<br \/>\n+ Fonction de rappel<br \/>\n+ Verrouillage<br \/>\n+ S\u00e9curit\u00e9 enfant (bouton rapide)<br \/>\n+ D\u00e9tection automatique de casserole<\/p>\n","protected":false},"featured_media":2177,"comment_status":"closed","ping_status":"closed","template":"","meta":{"inline_featured_image":false},"product_brand":[],"product_cat":[107],"product_tag":[],"class_list":{"0":"post-3296","1":"product","2":"type-product","3":"status-publish","4":"has-post-thumbnail","6":"product_cat-induction-fr","8":"first","9":"instock","10":"shipping-taxable","11":"product-type-simple"},"_links":{"self":[{"href":"https:\/\/www.american-appliances.eu\/fr\/wp-json\/wp\/v2\/product\/3296","targetHints":{"allow":["GET"]}}],"collection":[{"href":"https:\/\/www.american-appliances.eu\/fr\/wp-json\/wp\/v2\/product"}],"about":[{"href":"https:\/\/www.american-appliances.eu\/fr\/wp-json\/wp\/v2\/types\/product"}],"replies":[{"embeddable":true,"href":"https:\/\/www.american-appliances.eu\/fr\/wp-json\/wp\/v2\/comments?post=3296"}],"wp:featuredmedia":[{"embeddable":true,"href":"https:\/\/www.american-appliances.eu\/fr\/wp-json\/wp\/v2\/media\/2177"}],"wp:attachment":[{"href":"https:\/\/www.american-appliances.eu\/fr\/wp-json\/wp\/v2\/media?parent=3296"}],"wp:term":[{"taxonomy":"product_brand","embeddable":true,"href":"https:\/\/www.american-appliances.eu\/fr\/wp-json\/wp\/v2\/product_brand?post=3296"},{"taxonomy":"product_cat","embeddable":true,"href":"https:\/\/www.american-appliances.eu\/fr\/wp-json\/wp\/v2\/product_cat?post=3296"},{"taxonomy":"product_tag","embeddable":true,"href":"https:\/\/www.american-appliances.eu\/fr\/wp-json\/wp\/v2\/product_tag?post=3296"}],"curies":[{"name":"wp","href":"https:\/\/api.w.org\/{rel}","templated":true}]}}