{"id":3294,"date":"2024-08-06T14:01:49","date_gmt":"2024-08-06T14:01:49","guid":{"rendered":"https:\/\/www.vanoo21.nl\/?post_type=product&#038;p=3294"},"modified":"2025-04-22T07:31:59","modified_gmt":"2025-04-22T07:31:59","slug":"c8-air-ek","status":"publish","type":"product","link":"https:\/\/www.american-appliances.eu\/fr\/produit\/c8-air-ek\/","title":{"rendered":"C8 Air EK"},"content":{"rendered":"<p>Conception appropri\u00e9e dans la pi\u00e8ce gr\u00e2ce aux plaques de cuisson int\u00e9gr\u00e9es avec syst\u00e8me d&rsquo;extraction. Notre technologie innovante combine deux avantages cl\u00e9s :<\/p>\n<p>+ de l&rsquo;air frais agr\u00e9able pendant la cuisson gr\u00e2ce \u00e0 la technologie de s\u00e9paration brevet\u00e9e JET AIR<br \/>\n+ Surface de cuisson maximale pour vos casseroles et po\u00eales gr\u00e2ce au flux d&rsquo;air concentr\u00e9<\/p>\n<p>Le syst\u00e8me brevet\u00e9 JET AIR de nos tables de cuisson purifie l&rsquo;air en s\u00e9parant les particules de l&rsquo;air et en les capturant selon le principe de la turbine. Cette technologie ne n\u00e9cessite pas de filtre \u00e0 graisse pour r\u00e9duire les performances en cas d&rsquo;encrassement &#8211; Jet Air assure toujours un nettoyage maximal. L&rsquo;efficacit\u00e9 et la facilit\u00e9 de nettoyage sont les avantages d\u00e9cisifs par rapport aux syst\u00e8mes de filtration.<\/p>\n<p>Un confort de premi\u00e8re classe lors de la cuisson. Avec le panneau de commande tactile, vous pouvez r\u00e9gler tous les param\u00e8tres de cuisson avec pr\u00e9cision et rapidit\u00e9 et garder un \u0153il sur tout avec les symboles LED blancs brillants. La fonction de cuisson int\u00e9gr\u00e9e r\u00e9gule automatiquement le chauffage rapide, puis r\u00e9gule automatiquement le niveau de cuisson sp\u00e9cifi\u00e9. Plus de temps pour profiter du moment parfait.<\/p>\n","protected":false},"excerpt":{"rendered":"<p>+ Table de cuisson \u00e0 induction avec aspiration de la table de cuisson JET AIR int\u00e9gr\u00e9e<br \/>\n+ Commande tactile<br \/>\n+ 9 niveaux de puissance<br \/>\n+ Niveau de puissance (pour chaque zone de cuisson)<br \/>\n+ Circuit de capteur \/ TC Slim<br \/>\n+ Curseurs de commande (curseurs)<br \/>\n+ Commande automatique d&rsquo;extraction int\u00e9gr\u00e9e<br \/>\n+ Entr\u00e9e automatique<br \/>\n+ Fonction pont (avant\/arri\u00e8re)<br \/>\n+ Minuterie \/ minuterie de cuisson<br \/>\n+ Zone de maintien au chaud<br \/>\n+ Interrupteur de s\u00e9curit\u00e9<br \/>\n+ Indicateur LED blanc<br \/>\n+ Indicateur de chaleur r\u00e9siduelle<br \/>\n+ Fonction grill<br \/>\n+ Fonction pause<br \/>\n+ Fonction de rappel<br \/>\n+ Verrouillage<br \/>\n+ S\u00e9curit\u00e9 enfant (bouton rapide)<br \/>\n+ Automatique Fonctionnement du ventilateur 10 minutes<br \/>\n+ D\u00e9tection automatique de casserole<br \/>\n+ Aspiration descendante<\/p>\n<p><strong>Y COMPRIS:<\/strong><\/p>\n<ul>\n<li>Noyau de ventilateur JET AIR (1\u00d7)<\/li>\n<li>Filtre de recirculation (2\u00d7 UF TH40 inclus)<\/li>\n<\/ul>\n","protected":false},"featured_media":2117,"comment_status":"closed","ping_status":"closed","template":"","meta":{"inline_featured_image":false},"product_brand":[],"product_cat":[107],"product_tag":[],"class_list":{"0":"post-3294","1":"product","2":"type-product","3":"status-publish","4":"has-post-thumbnail","6":"product_cat-induction-fr","8":"first","9":"instock","10":"shipping-taxable","11":"product-type-simple"},"_links":{"self":[{"href":"https:\/\/www.american-appliances.eu\/fr\/wp-json\/wp\/v2\/product\/3294","targetHints":{"allow":["GET"]}}],"collection":[{"href":"https:\/\/www.american-appliances.eu\/fr\/wp-json\/wp\/v2\/product"}],"about":[{"href":"https:\/\/www.american-appliances.eu\/fr\/wp-json\/wp\/v2\/types\/product"}],"replies":[{"embeddable":true,"href":"https:\/\/www.american-appliances.eu\/fr\/wp-json\/wp\/v2\/comments?post=3294"}],"wp:featuredmedia":[{"embeddable":true,"href":"https:\/\/www.american-appliances.eu\/fr\/wp-json\/wp\/v2\/media\/2117"}],"wp:attachment":[{"href":"https:\/\/www.american-appliances.eu\/fr\/wp-json\/wp\/v2\/media?parent=3294"}],"wp:term":[{"taxonomy":"product_brand","embeddable":true,"href":"https:\/\/www.american-appliances.eu\/fr\/wp-json\/wp\/v2\/product_brand?post=3294"},{"taxonomy":"product_cat","embeddable":true,"href":"https:\/\/www.american-appliances.eu\/fr\/wp-json\/wp\/v2\/product_cat?post=3294"},{"taxonomy":"product_tag","embeddable":true,"href":"https:\/\/www.american-appliances.eu\/fr\/wp-json\/wp\/v2\/product_tag?post=3294"}],"curies":[{"name":"wp","href":"https:\/\/api.w.org\/{rel}","templated":true}]}}