{"id":3292,"date":"2024-08-06T12:15:08","date_gmt":"2024-08-06T12:15:08","guid":{"rendered":"https:\/\/www.vanoo21.nl\/?post_type=product&#038;p=3292"},"modified":"2025-04-18T10:53:29","modified_gmt":"2025-04-18T10:53:29","slug":"sound-cool-black","status":"publish","type":"product","link":"https:\/\/www.american-appliances.eu\/fr\/produit\/sound-cool-black\/","title":{"rendered":"Sound &#038; Cool Black"},"content":{"rendered":"<p>Sound &amp; Cool est la table basse qui se d\u00e9marque de toutes les autres. Dot\u00e9e d&rsquo;un haut-parleur et de deux tiroirs de refroidissement, cette table allie fonctionnalit\u00e9 et design. Le point de charge sans fil pour un t\u00e9l\u00e9phone portable et les multiples ports USB offrent encore plus de confort.<\/p>\n<p>Disponible en trois couleurs diff\u00e9rentes, \u00e0 savoir le noir, le blanc et le bois.<\/p>\n","protected":false},"excerpt":{"rendered":"<p><strong>Table de salon avec compartiments r\u00e9frig\u00e9rants, barre de son et option de charge<\/strong><br \/>\n+ Table de salon avec compartiments r\u00e9frig\u00e9rants, haut-parleurs de musique int\u00e9gr\u00e9s et possibilit\u00e9 de charge pour smartphones, etc.<br \/>\n+ Refroidissement fiable par compresseur<br \/>\n+ Deux compartiments r\u00e9frig\u00e9rants (total 135 l) pour les collations et les boissons avec temp\u00e9rature r\u00e9glable individuellement :<br \/>\n\u2022 Zone de refroidissement gauche : 3 \u2013 8 \u00b0C \/ 70 l de volume<br \/>\n\u2022 Zone de refroidissement droite : 6 \u2013 12 \u00b0C \/ 65 l de volume<br \/>\n+ Le mode ECO pratique assure le r\u00e9glage de la temp\u00e9rature avec la consommation d&rsquo;\u00e9nergie la plus faible (en fonction de la temp\u00e9rature ambiante)<br \/>\n+ Lecture pratique de la musique, etc. via Bluetooth 5.0<br \/>\n+ Autre programme sonore : auto, rock, film, pop, jazz<br \/>\n+ Avec bande lumineuse LED RGB pour une ambiance d&rsquo;ambiance : \u00e9clairage individuel en fonction du r\u00e9glage de la musique<br \/>\n+ Options de charge pratiques :<br \/>\n\u2022 Ports USB : 2x USB (5 V) et 1x USB-C (5 V)<br \/>\n\u2022 Charge sans fil pour smartphones compatibles (jusqu&rsquo;\u00e0 15 W)<br \/>\n+ \u00c9cran LED avec panneau de commande tactile<br \/>\n+ Verre tremp\u00e9 de haute qualit\u00e9 avec un max. charge jusqu&rsquo;\u00e0 200 kg<br \/>\n+ Signal sonore lorsque la section de refroidissement est ouverte beaucoup trop longtemps<br \/>\n+ Bo\u00eetier noir avec dessus en verre noir<\/p>\n","protected":false},"featured_media":1946,"comment_status":"closed","ping_status":"closed","template":"","meta":{"inline_featured_image":false},"product_brand":[],"product_cat":[106],"product_tag":[],"class_list":{"0":"post-3292","1":"product","2":"type-product","3":"status-publish","4":"has-post-thumbnail","6":"product_cat-son-et-cool","8":"first","9":"instock","10":"shipping-taxable","11":"product-type-simple"},"_links":{"self":[{"href":"https:\/\/www.american-appliances.eu\/fr\/wp-json\/wp\/v2\/product\/3292","targetHints":{"allow":["GET"]}}],"collection":[{"href":"https:\/\/www.american-appliances.eu\/fr\/wp-json\/wp\/v2\/product"}],"about":[{"href":"https:\/\/www.american-appliances.eu\/fr\/wp-json\/wp\/v2\/types\/product"}],"replies":[{"embeddable":true,"href":"https:\/\/www.american-appliances.eu\/fr\/wp-json\/wp\/v2\/comments?post=3292"}],"wp:featuredmedia":[{"embeddable":true,"href":"https:\/\/www.american-appliances.eu\/fr\/wp-json\/wp\/v2\/media\/1946"}],"wp:attachment":[{"href":"https:\/\/www.american-appliances.eu\/fr\/wp-json\/wp\/v2\/media?parent=3292"}],"wp:term":[{"taxonomy":"product_brand","embeddable":true,"href":"https:\/\/www.american-appliances.eu\/fr\/wp-json\/wp\/v2\/product_brand?post=3292"},{"taxonomy":"product_cat","embeddable":true,"href":"https:\/\/www.american-appliances.eu\/fr\/wp-json\/wp\/v2\/product_cat?post=3292"},{"taxonomy":"product_tag","embeddable":true,"href":"https:\/\/www.american-appliances.eu\/fr\/wp-json\/wp\/v2\/product_tag?post=3292"}],"curies":[{"name":"wp","href":"https:\/\/api.w.org\/{rel}","templated":true}]}}