{"id":3289,"date":"2024-08-06T11:58:20","date_gmt":"2024-08-06T11:58:20","guid":{"rendered":"https:\/\/www.vanoo21.nl\/?post_type=product&#038;p=3289"},"modified":"2025-04-18T10:40:36","modified_gmt":"2025-04-18T10:40:36","slug":"vacuchef-40-hettich-profi-plus","status":"publish","type":"product","link":"https:\/\/www.american-appliances.eu\/fr\/produit\/vacuchef-40-hettich-profi-plus\/","title":{"rendered":"VacuChef 40 &#038; Hettich Profi Plus"},"content":{"rendered":"<p>Amoureux de la fra\u00eecheur.<\/p>\n<p>L&#8217;emballage sous vide n&rsquo;est pas seulement id\u00e9al pour conserver la fra\u00eecheur des aliments, mais aussi pour le portionnement, la marinade et bien plus encore. Avec les machines sous vide Caso Design, vous obtenez le meilleur r\u00e9sultat \u00e0 maintes reprises.<\/p>\n","protected":false},"excerpt":{"rendered":"<p><strong>Scelleuse sous vide Profi box &amp; insert de tiroir<\/strong><br \/>\n+ Id\u00e9al pour conserver la fra\u00eecheur et mariner<br \/>\n+ Dimensions de la bo\u00eete L\u00d7H\u00d7P : 260 \u00d7 45 \u00d7 260 mm (env. 3 litres)<br \/>\n+ Pompe \u00e0 vide Profi puissante : 70 litres \/ minute<br \/>\n+ Presque 100 % vide<br \/>\n+ Double cordon de soudure pour sacs jusqu&rsquo;\u00e0 25 cm de large<br \/>\n+ Avec support de serrage de sac int\u00e9gr\u00e9 pour un positionnement s\u00fbr du sac dans la chambre \u00e0 vide<br \/>\n+ Affichage pratique du processus<br \/>\n+ Finition de haute qualit\u00e9 : Bo\u00eetier et couvercle en acier inoxydable en verre tremp\u00e9<br \/>\n+ Aspiration et scellage combin\u00e9s avec r\u00e9glages individuels pour les aliments durs et mous, mais aussi secs et humides<br \/>\n+ Scellage manuel<br \/>\n+ Marinage automatique dans un sac sous vide<br \/>\n+ Convient \u00e9galement pour l&rsquo;aspiration de r\u00e9cipients alimentaires (y compris le tuyau d&rsquo;aspiration)<br \/>\n+ Aspiration \u00e9galement possible \u00e0 l&rsquo;ext\u00e9rieur de l&rsquo;appareil avec des sacs structurels<br \/>\n+ Utilisation simple et intuitive via le panneau de commande tactile<\/p>\n","protected":false},"featured_media":1922,"comment_status":"closed","ping_status":"closed","template":"","meta":{"inline_featured_image":false},"product_brand":[],"product_cat":[105],"product_tag":[],"class_list":{"0":"post-3289","1":"product","2":"type-product","3":"status-publish","4":"has-post-thumbnail","6":"product_cat-scelleuses-sous-vide","8":"first","9":"instock","10":"shipping-taxable","11":"product-type-simple"},"_links":{"self":[{"href":"https:\/\/www.american-appliances.eu\/fr\/wp-json\/wp\/v2\/product\/3289","targetHints":{"allow":["GET"]}}],"collection":[{"href":"https:\/\/www.american-appliances.eu\/fr\/wp-json\/wp\/v2\/product"}],"about":[{"href":"https:\/\/www.american-appliances.eu\/fr\/wp-json\/wp\/v2\/types\/product"}],"replies":[{"embeddable":true,"href":"https:\/\/www.american-appliances.eu\/fr\/wp-json\/wp\/v2\/comments?post=3289"}],"wp:featuredmedia":[{"embeddable":true,"href":"https:\/\/www.american-appliances.eu\/fr\/wp-json\/wp\/v2\/media\/1922"}],"wp:attachment":[{"href":"https:\/\/www.american-appliances.eu\/fr\/wp-json\/wp\/v2\/media?parent=3289"}],"wp:term":[{"taxonomy":"product_brand","embeddable":true,"href":"https:\/\/www.american-appliances.eu\/fr\/wp-json\/wp\/v2\/product_brand?post=3289"},{"taxonomy":"product_cat","embeddable":true,"href":"https:\/\/www.american-appliances.eu\/fr\/wp-json\/wp\/v2\/product_cat?post=3289"},{"taxonomy":"product_tag","embeddable":true,"href":"https:\/\/www.american-appliances.eu\/fr\/wp-json\/wp\/v2\/product_tag?post=3289"}],"curies":[{"name":"wp","href":"https:\/\/api.w.org\/{rel}","templated":true}]}}