{"id":3285,"date":"2024-08-06T10:38:52","date_gmt":"2024-08-06T10:38:52","guid":{"rendered":"https:\/\/www.vanoo21.nl\/?post_type=product&#038;p=3285"},"modified":"2025-04-18T10:17:52","modified_gmt":"2025-04-18T10:17:52","slug":"caso-vr-390-advanced-hettich-profi-plus","status":"publish","type":"product","link":"https:\/\/www.american-appliances.eu\/fr\/produit\/caso-vr-390-advanced-hettich-profi-plus\/","title":{"rendered":"CASO VR 390 advanced &#038; Hettich Profi Plus"},"content":{"rendered":"<p>Amoureux de la fra\u00eecheur.<\/p>\n<p>L&#8217;emballage sous vide n&rsquo;est pas seulement id\u00e9al pour conserver la fra\u00eecheur des aliments, mais aussi pour le portionnement, la marinade et bien plus encore. Avec les machines sous vide Caso Design, vous obtenez le meilleur r\u00e9sultat \u00e0 maintes reprises.<\/p>\n","protected":false},"excerpt":{"rendered":"<p><strong>Scelleuse sous vide et insert de tiroir<\/strong><br \/>\n+ Aspiration et scellage automatiques sous vide<br \/>\n+ Temps de soudage r\u00e9glable pour les aliments secs et humides<br \/>\n+ Force de vide r\u00e9glable (normal\/doux)<br \/>\n+ Scellage manuel<br \/>\n+ Fonction de r\u00e9cipient sous vide<br \/>\n+ Pour un cordon de soudure particuli\u00e8rement stable de 2,5 mm d&rsquo;\u00e9paisseur jusqu&rsquo;\u00e0 30 cm de largeur<br \/>\n+ Multicycle : jusqu&rsquo;\u00e0 75 cycles non-stop possibles<br \/>\n+ Pompe \u00e0 vide durable avec un maximum de 12 litres\/min et un vide maximal de -0,8 bar<br \/>\n+ Fa\u00e7ade en acier inoxydable design de haute qualit\u00e9<br \/>\n+ Bac d&rsquo;\u00e9gouttage amovible pour un nettoyage facile<br \/>\n+ Surveillance \u00e9lectronique de la temp\u00e9rature<br \/>\n+ Avec 10 sacs professionnels gratuits (20 \u00d7 30 cm), 1 tuyau d&rsquo;aspirateur<\/p>\n","protected":false},"featured_media":1910,"comment_status":"closed","ping_status":"closed","template":"","meta":{"inline_featured_image":false},"product_brand":[],"product_cat":[105],"product_tag":[],"class_list":{"0":"post-3285","1":"product","2":"type-product","3":"status-publish","4":"has-post-thumbnail","6":"product_cat-scelleuses-sous-vide","8":"first","9":"instock","10":"shipping-taxable","11":"product-type-simple"},"_links":{"self":[{"href":"https:\/\/www.american-appliances.eu\/fr\/wp-json\/wp\/v2\/product\/3285","targetHints":{"allow":["GET"]}}],"collection":[{"href":"https:\/\/www.american-appliances.eu\/fr\/wp-json\/wp\/v2\/product"}],"about":[{"href":"https:\/\/www.american-appliances.eu\/fr\/wp-json\/wp\/v2\/types\/product"}],"replies":[{"embeddable":true,"href":"https:\/\/www.american-appliances.eu\/fr\/wp-json\/wp\/v2\/comments?post=3285"}],"wp:featuredmedia":[{"embeddable":true,"href":"https:\/\/www.american-appliances.eu\/fr\/wp-json\/wp\/v2\/media\/1910"}],"wp:attachment":[{"href":"https:\/\/www.american-appliances.eu\/fr\/wp-json\/wp\/v2\/media?parent=3285"}],"wp:term":[{"taxonomy":"product_brand","embeddable":true,"href":"https:\/\/www.american-appliances.eu\/fr\/wp-json\/wp\/v2\/product_brand?post=3285"},{"taxonomy":"product_cat","embeddable":true,"href":"https:\/\/www.american-appliances.eu\/fr\/wp-json\/wp\/v2\/product_cat?post=3285"},{"taxonomy":"product_tag","embeddable":true,"href":"https:\/\/www.american-appliances.eu\/fr\/wp-json\/wp\/v2\/product_tag?post=3285"}],"curies":[{"name":"wp","href":"https:\/\/api.w.org\/{rel}","templated":true}]}}