{"id":3276,"date":"2024-08-05T12:56:27","date_gmt":"2024-08-05T12:56:27","guid":{"rendered":"https:\/\/www.vanoo21.nl\/?post_type=product&#038;p=3276"},"modified":"2025-04-18T09:00:56","modified_gmt":"2025-04-18T09:00:56","slug":"winechef-pro-180","status":"publish","type":"product","link":"https:\/\/www.american-appliances.eu\/fr\/produit\/winechef-pro-180\/","title":{"rendered":"WineChef Pro 180"},"content":{"rendered":"<p>Caves \u00e0 vin de CASO Design \u2013 La vaste gamme<\/p>\n<p>Avec les r\u00e9frig\u00e9rateurs \u00e0 vin exclusifs de CASO Design, les amateurs de vin passionn\u00e9s peuvent tirer le meilleur parti des meilleurs vins. Le processus de compression avec un syst\u00e8me de contr\u00f4le de la temp\u00e9rature r\u00e9glable cr\u00e9e un environnement de refroidissement optimal et durable pour vos vins haut de gamme.<\/p>\n<p>Gr\u00e2ce aux compresseurs \u00e0 faible vibration et aux amortisseurs sp\u00e9ciaux, ces caves \u00e0 vin garantissent que votre vin re\u00e7oit le repos dont il a besoin pour vieillir correctement.<\/p>\n<p>La ventilation active fait circuler l&rsquo;air froid autour de chaque zone de temp\u00e9rature, maintenant une temp\u00e9rature uniforme dans toute la cave \u00e0 vin.<\/p>\n","protected":false},"excerpt":{"rendered":"<p><strong>Cave \u00e0 vin autoportante ou encastr\u00e9e avec technologie de compresseur et pr\u00e9-ventilation <\/strong><br \/>\n+ WiFi Smart Control \u2013 utilisation confortable de presque n\u2019importe o\u00f9 gr\u00e2ce \u00e0 l\u2019application innovante CASO Control<br \/>\n+ L\u2019application CASO surveille et signale toute erreur en quelques secondes<br \/>\n+ Deux zones de temp\u00e9rature distinctes<br \/>\n+ Temp\u00e9rature r\u00e9glable \u00e9lectroniquement de 5 \u00e0 20 \u00b0C (41 \u2013 68 \u00b0F)**<br \/>\n+ Conception en acier inoxydable de haute qualit\u00e9<br \/>\n+ Commande tactile<br \/>\n+ Ventilateurs actifs par zone pour une r\u00e9partition homog\u00e8ne de la temp\u00e9rature<br \/>\n+ Compresseur \u00e0 fonctionnement silencieux : offrez \u00e0 votre vin le calme qu\u2019il m\u00e9rite<br \/>\n+ Refroidissement au-dessus de la base : peut \u00eatre utilis\u00e9 en pose libre ou encastr\u00e9<br \/>\n+ Porte verrouillable<br \/>\n+ Stockage jusqu\u2019\u00e0 180 bouteilles*<br \/>\n+ Verre isolant 3 couches pour une protection optimale des ar\u00f4mes<br \/>\n+ Sept \u00e9tag\u00e8res en bois extensibles \u00e0 roulement \u00e0 billes<br \/>\n+ Affichage LED blanc des temp\u00e9ratures des zones de refroidissement<br \/>\n+ \u00c9clairage int\u00e9rieur commutable<\/p>\n","protected":false},"featured_media":1741,"comment_status":"closed","ping_status":"closed","template":"","meta":{"inline_featured_image":false},"product_brand":[],"product_cat":[100,102],"product_tag":[],"class_list":{"0":"post-3276","1":"product","2":"type-product","3":"status-publish","4":"has-post-thumbnail","6":"product_cat-caves-a-vin","7":"product_cat-caves-a-vin-integrees","9":"first","10":"instock","11":"shipping-taxable","12":"product-type-simple"},"_links":{"self":[{"href":"https:\/\/www.american-appliances.eu\/fr\/wp-json\/wp\/v2\/product\/3276","targetHints":{"allow":["GET"]}}],"collection":[{"href":"https:\/\/www.american-appliances.eu\/fr\/wp-json\/wp\/v2\/product"}],"about":[{"href":"https:\/\/www.american-appliances.eu\/fr\/wp-json\/wp\/v2\/types\/product"}],"replies":[{"embeddable":true,"href":"https:\/\/www.american-appliances.eu\/fr\/wp-json\/wp\/v2\/comments?post=3276"}],"wp:featuredmedia":[{"embeddable":true,"href":"https:\/\/www.american-appliances.eu\/fr\/wp-json\/wp\/v2\/media\/1741"}],"wp:attachment":[{"href":"https:\/\/www.american-appliances.eu\/fr\/wp-json\/wp\/v2\/media?parent=3276"}],"wp:term":[{"taxonomy":"product_brand","embeddable":true,"href":"https:\/\/www.american-appliances.eu\/fr\/wp-json\/wp\/v2\/product_brand?post=3276"},{"taxonomy":"product_cat","embeddable":true,"href":"https:\/\/www.american-appliances.eu\/fr\/wp-json\/wp\/v2\/product_cat?post=3276"},{"taxonomy":"product_tag","embeddable":true,"href":"https:\/\/www.american-appliances.eu\/fr\/wp-json\/wp\/v2\/product_tag?post=3276"}],"curies":[{"name":"wp","href":"https:\/\/api.w.org\/{rel}","templated":true}]}}