{"id":3269,"date":"2024-07-22T06:35:29","date_gmt":"2024-07-22T06:35:29","guid":{"rendered":"https:\/\/www.vanoo21.nl\/?post_type=product&#038;p=3269"},"modified":"2025-04-18T08:43:06","modified_gmt":"2025-04-18T08:43:06","slug":"winedeluxe-wd-17","status":"publish","type":"product","link":"https:\/\/www.american-appliances.eu\/fr\/produit\/winedeluxe-wd-17\/","title":{"rendered":"WineDeluxe WD 17"},"content":{"rendered":"<p>Les caves \u00e0 vin exclusives de CASO Design r\u00e9pondent \u00e0 une grande vari\u00e9t\u00e9 d&rsquo;exigences. Notre s\u00e9rie WineDeluxe se pr\u00e9sente dans un design noble et noir avec une \u00e9l\u00e9gante fa\u00e7ade en verre. Les caves \u00e0 vin de haute qualit\u00e9 fonctionnent avec des compresseurs qui fonctionnent sans probl\u00e8me et fournissent ainsi l&rsquo;atmosph\u00e8re calme dont votre vin a besoin pour se manifester.<\/p>\n<p>Pratiquement partout. Le syst\u00e8me de contr\u00f4le intelligent int\u00e9gr\u00e9 permet de r\u00e9gler les deux zones de temp\u00e9rature ind\u00e9pendantes entre 5 et 20 \u00b0C. De cette fa\u00e7on, le vin conserve son caract\u00e8re typique. Vous le voulez encore plus \u00e9l\u00e9gant ? Il suffit d&rsquo;allumer les bandes LED d&rsquo;ambiance et votre vin brillera sous un nouveau jour. Gr\u00e2ce aux rails t\u00e9lescopiques pratiques sur les \u00e9tag\u00e8res en bois ajour\u00e9es, vous pouvez sortir vos bouteilles de vin de votre cave \u00e0 vin de la mani\u00e8re la plus s\u00fbre possible.<\/p>\n<p>Avec les charni\u00e8res \u00e0 fermeture en douceur et le fonctionnement sans poign\u00e9e de la porte \u00e0 ouverture par pression, il n&rsquo;est plus question d&rsquo;ouverture maladroite. La facilit\u00e9 d&rsquo;utilisation est d&rsquo;une importance primordiale pour nous. Voyez par vous-m\u00eame : CASO Design vous offre l&rsquo;espace optimal pour vos meilleurs vins.<\/p>\n","protected":false},"excerpt":{"rendered":"<p><strong>Cave \u00e0 vin encastrable design avec technologie de compresseur <\/strong><br \/>\n+ Cave \u00e0 vin encastrable design pour stocker jusqu&rsquo;\u00e0 17 bouteilles (jusqu&rsquo;\u00e0 76 mm \u00d8)<br \/>\n+ Peut \u00eatre utilis\u00e9 presque partout via le module Wi-Fi int\u00e9gr\u00e9 avec l&rsquo;application CASO<br \/>\n+ Commande de porte \u00e9l\u00e9gante et sans poign\u00e9e<br \/>\n+ Charni\u00e8res Hettich \u00e0 fermeture en douceur pour une fermeture en douceur<br \/>\n+ Le compresseur \u00e0 fonctionnement doux assure un stockage du vin doux et silencieux<br \/>\n+ Une zone de temp\u00e9rature r\u00e9glable \u00e9lectroniquement de 5 \u00e0 20 \u00b0C (41 \u00e0 68 \u00b0F)*<br \/>\n+ Ventilation active pour une r\u00e9partition uniforme de la temp\u00e9rature<br \/>\n+ Verre isolant 3 couches avec filtre UV pour une protection optimale des ar\u00f4mes<br \/>\n+ L&rsquo;alarme de porte avertit en cas de perte de temp\u00e9rature due \u00e0 une porte ouverte<br \/>\n+ \u00c9cran tactile \u00e0 capteur \u00e9l\u00e9gant<br \/>\n+ Affichage LED de la temp\u00e9rature de la zone de refroidissement<br \/>\n+ Les bandes LED d&rsquo;ambiance blanches commutables sur les c\u00f4t\u00e9s peuvent \u00eatre r\u00e9gl\u00e9es en 4 niveaux d&rsquo;intensit\u00e9 lumineuse &#8211; niveau 1 (25 %), niveau 2 (50 %), niveau 3 (75 %) et niveau 4 (100 %)<br \/>\n+ Retrait facile des bouteilles de vin gr\u00e2ce au support de rangement en bois avec rail t\u00e9lescopique \u00e0 roulement \u00e0 billes int\u00e9gr\u00e9<br \/>\n+ Filtre \u00e0 charbon actif pour une qualit\u00e9 d&rsquo;air optimale<br \/>\n+ Niveau sonore 36 dB<br \/>\n+ Porte interchangeable gauche ou droite<\/p>\n","protected":false},"featured_media":1567,"comment_status":"closed","ping_status":"closed","template":"","meta":{"inline_featured_image":false},"product_brand":[],"product_cat":[100,102],"product_tag":[],"class_list":{"0":"post-3269","1":"product","2":"type-product","3":"status-publish","4":"has-post-thumbnail","6":"product_cat-caves-a-vin","7":"product_cat-caves-a-vin-integrees","9":"first","10":"instock","11":"shipping-taxable","12":"product-type-simple"},"_links":{"self":[{"href":"https:\/\/www.american-appliances.eu\/fr\/wp-json\/wp\/v2\/product\/3269","targetHints":{"allow":["GET"]}}],"collection":[{"href":"https:\/\/www.american-appliances.eu\/fr\/wp-json\/wp\/v2\/product"}],"about":[{"href":"https:\/\/www.american-appliances.eu\/fr\/wp-json\/wp\/v2\/types\/product"}],"replies":[{"embeddable":true,"href":"https:\/\/www.american-appliances.eu\/fr\/wp-json\/wp\/v2\/comments?post=3269"}],"wp:featuredmedia":[{"embeddable":true,"href":"https:\/\/www.american-appliances.eu\/fr\/wp-json\/wp\/v2\/media\/1567"}],"wp:attachment":[{"href":"https:\/\/www.american-appliances.eu\/fr\/wp-json\/wp\/v2\/media?parent=3269"}],"wp:term":[{"taxonomy":"product_brand","embeddable":true,"href":"https:\/\/www.american-appliances.eu\/fr\/wp-json\/wp\/v2\/product_brand?post=3269"},{"taxonomy":"product_cat","embeddable":true,"href":"https:\/\/www.american-appliances.eu\/fr\/wp-json\/wp\/v2\/product_cat?post=3269"},{"taxonomy":"product_tag","embeddable":true,"href":"https:\/\/www.american-appliances.eu\/fr\/wp-json\/wp\/v2\/product_tag?post=3269"}],"curies":[{"name":"wp","href":"https:\/\/api.w.org\/{rel}","templated":true}]}}