{"id":3237,"date":"2024-07-22T06:58:18","date_gmt":"2024-07-22T06:58:18","guid":{"rendered":"https:\/\/www.vanoo21.nl\/?page_id=3237"},"modified":"2025-04-17T13:27:59","modified_gmt":"2025-04-17T13:27:59","slug":"telechargements","status":"publish","type":"page","link":"https:\/\/www.american-appliances.eu\/fr\/telechargements\/","title":{"rendered":"T\u00e9l\u00e9chargements"},"content":{"rendered":"<p>[vc_row rt_row_background_width=\u00a0\u00bbfullwidth\u00a0\u00bb rt_row_content_width=\u00a0\u00bbdefault\u00a0\u00bb rt_row_style=\u00a0\u00bbdefault-style\u00a0\u00bb rt_row_height=\u00a0\u00bb\u00a0\u00bb rt_column_gaps=\u00a0\u00bb\u00a0\u00bb rt_row_shadows=\u00a0\u00bb\u00a0\u00bb rt_row_borders=\u00a0\u00bb\u00a0\u00bb rt_bg_effect=\u00a0\u00bbclassic\u00a0\u00bb rt_bg_image_repeat=\u00a0\u00bbrepeat\u00a0\u00bb rt_bg_size=\u00a0\u00bbcover\u00a0\u00bb rt_bg_position=\u00a0\u00bbright top\u00a0\u00bb rt_bg_attachment=\u00a0\u00bbscroll\u00a0\u00bb rt_bg_layer=\u00a0\u00bb\u00a0\u00bb rt_bg_video_format=\u00a0\u00bbself-hosted\u00a0\u00bb rt_class=\u00a0\u00bbrt-7119608&Prime; rt_paddings=\u00a0\u00bb,50,,\u00a0\u00bb rt_margins=\u00a0\u00bb,,,\u00a0\u00bb rt_content_margins=\u00a0\u00bb,,,\u00a0\u00bb rt_tablet_paddings=\u00a0\u00bb,,,\u00a0\u00bb rt_tablet_margins=\u00a0\u00bb,,,\u00a0\u00bb rt_tablet_content_margins=\u00a0\u00bb,,,\u00a0\u00bb rt_sp_paddings=\u00a0\u00bb,,,\u00a0\u00bb rt_sp_margins=\u00a0\u00bb,,,\u00a0\u00bb rt_sp_content_margins=\u00a0\u00bb,,,\u00a0\u00bb rt_bg_color=\u00a0\u00bb#1d1d1d\u00a0\u00bb][vc_column rt_bg_effect=\u00a0\u00bbclassic\u00a0\u00bb rt_bg_image_repeat=\u00a0\u00bbrepeat\u00a0\u00bb rt_bg_size=\u00a0\u00bbauto auto\u00a0\u00bb rt_bg_position=\u00a0\u00bbright top\u00a0\u00bb rt_bg_attachment=\u00a0\u00bbscroll\u00a0\u00bb rt_class=\u00a0\u00bbrt-2856932&Prime; rt_margins=\u00a0\u00bb,25&Prime; rt_paddings=\u00a0\u00bb,,,\u00a0\u00bb rt_wrapper_paddings=\u00a0\u00bb,,,\u00a0\u00bb rt_tablet_margins=\u00a0\u00bb,\u00a0\u00bb rt_tablet_paddings=\u00a0\u00bb,,,\u00a0\u00bb rt_tablet_wrapper_paddings=\u00a0\u00bb,,,\u00a0\u00bb rt_sp_margins=\u00a0\u00bb,\u00a0\u00bb rt_sp_paddings=\u00a0\u00bb,,,\u00a0\u00bb rt_sp_wrapper_paddings=\u00a0\u00bb,,,\u00a0\u00bb rt_bg_color=\u00a0\u00bb\u00a0\u00bb rt_bg_overlay_color=\u00a0\u00bb\u00a0\u00bb]<div class=\"rt-heading-wrapper rt-2043997\">\n\t\t\t\t\t\t<h1 class=\"rt-heading\" >T\u00e9l\u00e9chargements<\/h1>\n\t\t\t\t\t<\/div>[vc_column_text css=\u00a0\u00bb\u00a0\u00bb]Vous souhaitez en savoir plus sur nos produits ? Consultez ci-dessous nos informations d\u00e9taill\u00e9es sur les produits. Si vous avez des questions, vous pouvez toujours nous contacter par t\u00e9l\u00e9phone au <a href=\"tel:+31859020500\">085 \u2013 90 20 500<\/a> ou envoyer un e-mail \u00e0 <a href=\"mailto:info@american-appliances.eu\">info@american-appliances.eu<\/a>[\/vc_column_text][\/vc_column][vc_column width=\u00a0\u00bb1\/2&Prime; rt_bg_effect=\u00a0\u00bbclassic\u00a0\u00bb rt_bg_image_repeat=\u00a0\u00bbrepeat\u00a0\u00bb rt_bg_size=\u00a0\u00bbauto auto\u00a0\u00bb rt_bg_position=\u00a0\u00bbright top\u00a0\u00bb rt_bg_attachment=\u00a0\u00bbscroll\u00a0\u00bb][vc_column_text css=\u00a0\u00bb\u00a0\u00bb el_class=\u00a0\u00bblinkjes\u00a0\u00bb]<\/p>\n<h3><strong>IOMABE:<\/strong><\/h3>\n<p><a href=\"\/wp-content\/uploads\/2025\/04\/iomabe-catalogus-NL-2025-web-mail-gecomprimeerd.pdf\" target=\"_blank\" rel=\"noopener noreferrer\">Catalogus 2025 NL<\/a><\/p>\n<p><a href=\"\/wp-content\/uploads\/2025\/04\/iomabe-prijslijst-2024-NL-web-mail-gecomprimeerd.pdf\" target=\"_blank\" rel=\"noopener noreferrer\">Iomabe prijslijst 2024 NL<\/a><\/p>\n<h3><strong>FALMEC:<\/strong><\/h3>\n<p><a href=\"\/wp-content\/uploads\/2025\/04\/Falmec-Elements-2023-NL-web-mail-gecomprimeerd.pdf\" target=\"_blank\" rel=\"noopener noreferrer\">Elements 2023 NL<\/a><\/p>\n<p><a href=\"\/wp-content\/uploads\/2025\/04\/Falmec-Prijslijst-Algemene-Brochure-2025-NL-web-mail-gecomprimeerd.pdf\" target=\"_blank\" rel=\"noopener noreferrer\">Prijslijst Algemene Brochure 2025 NL<\/a><\/p>\n<p><a href=\"\/wp-content\/uploads\/2025\/04\/Falmec-Prijslijst-Elements-2025-NL-web-mail-gecomprimeerd.pdf\" target=\"_blank\" rel=\"noopener noreferrer\">Prijslijst Elements 2025 NL<\/a><\/p>\n<p><a href=\"\/wp-content\/uploads\/2025\/04\/Falmec Solutions Catalogus 2025 NL web-mail.pdf\" target=\"_blank\" rel=\"noopener noreferrer\">Solutions Catalogus 2025 NL<\/a><\/p>\n<h3><strong>K\u00dcPPERSBUSCH:<\/strong><\/h3>\n<p><a href=\"\/wp-content\/uploads\/2025\/04\/K\u00fcppersbusch catalogus 2024 - 2025 NL web-mail-gecomprimeerd.pdf\" target=\"_blank\" rel=\"noopener noreferrer\">Catalogus 2024 &#8211; 2025 NL<\/a>[\/vc_column_text][\/vc_column][vc_column width=\u00a0\u00bb1\/2&Prime; rt_bg_effect=\u00a0\u00bbclassic\u00a0\u00bb rt_bg_image_repeat=\u00a0\u00bbrepeat\u00a0\u00bb rt_bg_size=\u00a0\u00bbauto auto\u00a0\u00bb rt_bg_position=\u00a0\u00bbright top\u00a0\u00bb rt_bg_attachment=\u00a0\u00bbscroll\u00a0\u00bb rt_class=\u00a0\u00bbrt-3874254&Prime; class=\u00a0\u00bblinkjes\u00a0\u00bb rt_margins=\u00a0\u00bb,\u00a0\u00bb rt_paddings=\u00a0\u00bb,,,\u00a0\u00bb rt_wrapper_paddings=\u00a0\u00bb,,,\u00a0\u00bb rt_tablet_margins=\u00a0\u00bb,\u00a0\u00bb rt_tablet_paddings=\u00a0\u00bb,,,\u00a0\u00bb rt_tablet_wrapper_paddings=\u00a0\u00bb,,,\u00a0\u00bb rt_sp_margins=\u00a0\u00bb,\u00a0\u00bb rt_sp_paddings=\u00a0\u00bb,,,\u00a0\u00bb rt_sp_wrapper_paddings=\u00a0\u00bb,,,\u00a0\u00bb rt_bg_color=\u00a0\u00bb\u00a0\u00bb rt_bg_overlay_color=\u00a0\u00bb\u00a0\u00bb][vc_column_text css=\u00a0\u00bb\u00a0\u00bb]<\/p>\n<h3><strong>HITACHI:<\/strong><\/h3>\n<p><a href=\"\/wp-content\/uploads\/2025\/04\/Hitachi-Catalogus-2024-web-mail-gecomprimeerd.pdf\" target=\"_blank\" rel=\"noopener noreferrer\">Catalogus 2024 NL<\/a><\/p>\n<p><a href=\"\/wp-content\/uploads\/2025\/04\/Hitachi-Prijslijst-2024-NL-web-mail-gecomprimeerd.pdf\" target=\"_blank\" rel=\"noopener noreferrer\">Prijslijst 2024 NL<\/a><\/p>\n<h3><strong>CASO DESIGN:<\/strong><\/h3>\n<p><a href=\"\/wp-content\/uploads\/2025\/04\/CASO-KRT-Catalogus-2025-NL-web-mail-gecomprimeerd.pdf\" target=\"_blank\" rel=\"noopener noreferrer\">KRT Catalogus 2025 NL<\/a><\/p>\n<p><a href=\"\/wp-content\/uploads\/2025\/04\/CASO-Prijsljist-2025-NL-web-mail-gecomprimeerd.pdf\" target=\"_blank\" rel=\"noopener noreferrer\">Prijsljist 2025 NL<\/a><\/p>\n<p><a href=\"\/wp-content\/uploads\/2025\/04\/CASO-Vrijstaand-Catalogus-2025-NL-web-mail-gecomprimeerd.pdf\" target=\"_blank\" rel=\"noopener noreferrer\">Vrijstaand Catalogus 2025 NL<\/a><\/p>\n<h3><strong>AVITANA:<\/strong><\/h3>\n<p><a href=\"\/wp-content\/uploads\/2025\/04\/Avitana-Catalogus-2024-NL-web-mail-gecomprimeerd.pdf\" target=\"_blank\" rel=\"noopener noreferrer\">Catalogus 2024 NL<\/a><\/p>\n<p><a href=\"\/wp-content\/uploads\/2025\/04\/Avitana-Prijslijst-2024-web-mail-gecomprimeerd.pdf\" target=\"_blank\" rel=\"noopener noreferrer\">Prijslijst 2024 NL<\/a>[\/vc_column_text][\/vc_column][\/vc_row][vc_row rt_row_background_width=\u00a0\u00bbfullwidth\u00a0\u00bb rt_row_content_width=\u00a0\u00bbdefault\u00a0\u00bb rt_row_style=\u00a0\u00bbdefault-style\u00a0\u00bb rt_row_height=\u00a0\u00bb\u00a0\u00bb rt_column_gaps=\u00a0\u00bb\u00a0\u00bb rt_row_shadows=\u00a0\u00bb\u00a0\u00bb rt_row_borders=\u00a0\u00bb\u00a0\u00bb rt_bg_effect=\u00a0\u00bbparallax\u00a0\u00bb rt_bg_parallax_effect=\u00a0\u00bb3&Prime; rt_bg_image_repeat=\u00a0\u00bbno-repeat\u00a0\u00bb rt_bg_size=\u00a0\u00bbcover\u00a0\u00bb rt_bg_position=\u00a0\u00bbcenter center\u00a0\u00bb rt_bg_layer=\u00a0\u00bb\u00a0\u00bb rt_bg_video_format=\u00a0\u00bbself-hosted\u00a0\u00bb rt_class=\u00a0\u00bbrt-2310035&Prime; rt_paddings=\u00a0\u00bb,,,\u00a0\u00bb rt_margins=\u00a0\u00bb,,,\u00a0\u00bb rt_content_margins=\u00a0\u00bb,,,\u00a0\u00bb rt_tablet_paddings=\u00a0\u00bb,,,\u00a0\u00bb rt_tablet_margins=\u00a0\u00bb,,,\u00a0\u00bb rt_tablet_content_margins=\u00a0\u00bb,,,\u00a0\u00bb rt_sp_paddings=\u00a0\u00bb,,,\u00a0\u00bb rt_sp_margins=\u00a0\u00bb,,,\u00a0\u00bb rt_sp_content_margins=\u00a0\u00bb,,,\u00a0\u00bb rt_bg_image=\u00a0\u00bb1506&Prime;][vc_column rt_bg_effect=\u00a0\u00bbclassic\u00a0\u00bb rt_bg_image_repeat=\u00a0\u00bbrepeat\u00a0\u00bb rt_bg_size=\u00a0\u00bbauto auto\u00a0\u00bb rt_bg_position=\u00a0\u00bbright top\u00a0\u00bb rt_bg_attachment=\u00a0\u00bbscroll\u00a0\u00bb rt_class=\u00a0\u00bbrt-1926817&Prime; rt_margins=\u00a0\u00bb,\u00a0\u00bb rt_paddings=\u00a0\u00bb,,,\u00a0\u00bb rt_wrapper_paddings=\u00a0\u00bb,,,\u00a0\u00bb rt_tablet_margins=\u00a0\u00bb,\u00a0\u00bb rt_tablet_paddings=\u00a0\u00bb,,,\u00a0\u00bb rt_tablet_wrapper_paddings=\u00a0\u00bb,,,\u00a0\u00bb rt_sp_margins=\u00a0\u00bb,\u00a0\u00bb rt_sp_paddings=\u00a0\u00bb,,,\u00a0\u00bb rt_sp_wrapper_paddings=\u00a0\u00bb,,,\u00a0\u00bb rt_min_height=\u00a0\u00bb300px\u00a0\u00bb rt_bg_color=\u00a0\u00bb\u00a0\u00bb rt_bg_overlay_color=\u00a0\u00bb\u00a0\u00bb][\/vc_column][\/vc_row]<\/p>\n","protected":false},"excerpt":{"rendered":"<p>[vc_row rt_row_background_width=\u00a0\u00bbfullwidth\u00a0\u00bb rt_row_content_width=\u00a0\u00bbdefault\u00a0\u00bb rt_row_style=\u00a0\u00bbdefault-style\u00a0\u00bb rt_row_height=\u00a0\u00bb\u00a0\u00bb rt_column_gaps=\u00a0\u00bb\u00a0\u00bb rt_row_shadows=\u00a0\u00bb\u00a0\u00bb rt_row_borders=\u00a0\u00bb\u00a0\u00bb rt_bg_effect=\u00a0\u00bbclassic\u00a0\u00bb rt_bg_image_repeat=\u00a0\u00bbrepeat\u00a0\u00bb rt_bg_size=\u00a0\u00bbcover\u00a0\u00bb rt_bg_position=\u00a0\u00bbright top\u00a0\u00bb rt_bg_attachment=\u00a0\u00bbscroll\u00a0\u00bb rt_bg_layer=\u00a0\u00bb\u00a0\u00bb rt_bg_video_format=\u00a0\u00bbself-hosted\u00a0\u00bb rt_class=\u00a0\u00bbrt-7119608&Prime; rt_paddings=\u00a0\u00bb,50,,\u00a0\u00bb rt_margins=\u00a0\u00bb,,,\u00a0\u00bb rt_content_margins=\u00a0\u00bb,,,\u00a0\u00bb rt_tablet_paddings=\u00a0\u00bb,,,\u00a0\u00bb rt_tablet_margins=\u00a0\u00bb,,,\u00a0\u00bb rt_tablet_content_margins=\u00a0\u00bb,,,\u00a0\u00bb rt_sp_paddings=\u00a0\u00bb,,,\u00a0\u00bb rt_sp_margins=\u00a0\u00bb,,,\u00a0\u00bb rt_sp_content_margins=\u00a0\u00bb,,,\u00a0\u00bb rt_bg_color=\u00a0\u00bb#1d1d1d\u00a0\u00bb][vc_column rt_bg_effect=\u00a0\u00bbclassic\u00a0\u00bb rt_bg_image_repeat=\u00a0\u00bbrepeat\u00a0\u00bb rt_bg_size=\u00a0\u00bbauto auto\u00a0\u00bb rt_bg_position=\u00a0\u00bbright top\u00a0\u00bb rt_bg_attachment=\u00a0\u00bbscroll\u00a0\u00bb rt_class=\u00a0\u00bbrt-2856932&Prime; rt_margins=\u00a0\u00bb,25&Prime; rt_paddings=\u00a0\u00bb,,,\u00a0\u00bb rt_wrapper_paddings=\u00a0\u00bb,,,\u00a0\u00bb rt_tablet_margins=\u00a0\u00bb,\u00a0\u00bb rt_tablet_paddings=\u00a0\u00bb,,,\u00a0\u00bb rt_tablet_wrapper_paddings=\u00a0\u00bb,,,\u00a0\u00bb rt_sp_margins=\u00a0\u00bb,\u00a0\u00bb rt_sp_paddings=\u00a0\u00bb,,,\u00a0\u00bb rt_sp_wrapper_paddings=\u00a0\u00bb,,,\u00a0\u00bb rt_bg_color=\u00a0\u00bb\u00a0\u00bb rt_bg_overlay_color=\u00a0\u00bb\u00a0\u00bb][vc_column_text css=\u00a0\u00bb\u00a0\u00bb]Vous souhaitez en savoir plus sur nos produits ? [&hellip;]<\/p>\n","protected":false},"author":1,"featured_media":0,"parent":0,"menu_order":0,"comment_status":"closed","ping_status":"closed","template":"","meta":{"inline_featured_image":false,"footnotes":""},"class_list":["post-3237","page","type-page","status-publish","hentry"],"_links":{"self":[{"href":"https:\/\/www.american-appliances.eu\/fr\/wp-json\/wp\/v2\/pages\/3237","targetHints":{"allow":["GET"]}}],"collection":[{"href":"https:\/\/www.american-appliances.eu\/fr\/wp-json\/wp\/v2\/pages"}],"about":[{"href":"https:\/\/www.american-appliances.eu\/fr\/wp-json\/wp\/v2\/types\/page"}],"author":[{"embeddable":true,"href":"https:\/\/www.american-appliances.eu\/fr\/wp-json\/wp\/v2\/users\/1"}],"replies":[{"embeddable":true,"href":"https:\/\/www.american-appliances.eu\/fr\/wp-json\/wp\/v2\/comments?post=3237"}],"version-history":[{"count":1,"href":"https:\/\/www.american-appliances.eu\/fr\/wp-json\/wp\/v2\/pages\/3237\/revisions"}],"predecessor-version":[{"id":3239,"href":"https:\/\/www.american-appliances.eu\/fr\/wp-json\/wp\/v2\/pages\/3237\/revisions\/3239"}],"wp:attachment":[{"href":"https:\/\/www.american-appliances.eu\/fr\/wp-json\/wp\/v2\/media?parent=3237"}],"curies":[{"name":"wp","href":"https:\/\/api.w.org\/{rel}","templated":true}]}}