{"id":3225,"date":"2025-02-12T13:08:28","date_gmt":"2025-02-12T13:08:28","guid":{"rendered":"https:\/\/www.vanoo21.nl\/?page_id=3225"},"modified":"2025-04-17T13:17:34","modified_gmt":"2025-04-17T13:17:34","slug":"des-manuels-iomabe-ge","status":"publish","type":"page","link":"https:\/\/www.american-appliances.eu\/fr\/des-manuels-iomabe-ge\/","title":{"rendered":"Des manuels Iomabe &#038; GE"},"content":{"rendered":"<p>[vc_row rt_row_background_width=\u00a0\u00bbfullwidth\u00a0\u00bb rt_row_content_width=\u00a0\u00bbdefault\u00a0\u00bb rt_row_style=\u00a0\u00bbdefault-style\u00a0\u00bb rt_row_height=\u00a0\u00bb\u00a0\u00bb rt_column_gaps=\u00a0\u00bb\u00a0\u00bb rt_row_shadows=\u00a0\u00bb\u00a0\u00bb rt_row_borders=\u00a0\u00bb\u00a0\u00bb rt_bg_effect=\u00a0\u00bbclassic\u00a0\u00bb rt_bg_image_repeat=\u00a0\u00bbrepeat\u00a0\u00bb rt_bg_size=\u00a0\u00bbcover\u00a0\u00bb rt_bg_position=\u00a0\u00bbright top\u00a0\u00bb rt_bg_attachment=\u00a0\u00bbscroll\u00a0\u00bb rt_bg_layer=\u00a0\u00bb\u00a0\u00bb rt_bg_video_format=\u00a0\u00bbself-hosted\u00a0\u00bb rt_class=\u00a0\u00bbrt-7119608&Prime; rt_paddings=\u00a0\u00bb,50,,\u00a0\u00bb rt_margins=\u00a0\u00bb,,,\u00a0\u00bb rt_content_margins=\u00a0\u00bb,,,\u00a0\u00bb rt_tablet_paddings=\u00a0\u00bb,,,\u00a0\u00bb rt_tablet_margins=\u00a0\u00bb,,,\u00a0\u00bb rt_tablet_content_margins=\u00a0\u00bb,,,\u00a0\u00bb rt_sp_paddings=\u00a0\u00bb,,,\u00a0\u00bb rt_sp_margins=\u00a0\u00bb,,,\u00a0\u00bb rt_sp_content_margins=\u00a0\u00bb,,,\u00a0\u00bb rt_bg_color=\u00a0\u00bb#1d1d1d\u00a0\u00bb][vc_column rt_bg_effect=\u00a0\u00bbclassic\u00a0\u00bb rt_bg_image_repeat=\u00a0\u00bbrepeat\u00a0\u00bb rt_bg_size=\u00a0\u00bbauto auto\u00a0\u00bb rt_bg_position=\u00a0\u00bbright top\u00a0\u00bb rt_bg_attachment=\u00a0\u00bbscroll\u00a0\u00bb rt_class=\u00a0\u00bbrt-2856932&Prime; rt_margins=\u00a0\u00bb,25&Prime; rt_paddings=\u00a0\u00bb,,,\u00a0\u00bb rt_wrapper_paddings=\u00a0\u00bb,,,\u00a0\u00bb rt_tablet_margins=\u00a0\u00bb,\u00a0\u00bb rt_tablet_paddings=\u00a0\u00bb,,,\u00a0\u00bb rt_tablet_wrapper_paddings=\u00a0\u00bb,,,\u00a0\u00bb rt_sp_margins=\u00a0\u00bb,\u00a0\u00bb rt_sp_paddings=\u00a0\u00bb,,,\u00a0\u00bb rt_sp_wrapper_paddings=\u00a0\u00bb,,,\u00a0\u00bb rt_bg_color=\u00a0\u00bb\u00a0\u00bb rt_bg_overlay_color=\u00a0\u00bb\u00a0\u00bb][vc_column_text css=\u00a0\u00bb\u00a0\u00bb]<\/p>\n<h2 style=\"color: white;\">Manuels d&rsquo;utilisation iomabe \/ GE<\/h2>\n<p><span style=\"color: white;\">Ci-dessous, vous pouvez t\u00e9l\u00e9charger le manuel de votre r\u00e9frig\u00e9rateur.<\/span>[\/vc_column_text][\/vc_column][vc_column width=\u00a0\u00bb1\/2&Prime; rt_bg_effect=\u00a0\u00bbclassic\u00a0\u00bb rt_bg_image_repeat=\u00a0\u00bbrepeat\u00a0\u00bb rt_bg_size=\u00a0\u00bbauto auto\u00a0\u00bb rt_bg_position=\u00a0\u00bbright top\u00a0\u00bb rt_bg_attachment=\u00a0\u00bbscroll\u00a0\u00bb][vc_column_text css=\u00a0\u00bb\u00a0\u00bb el_class=\u00a0\u00bblinkjes\u00a0\u00bb]<strong>SIDE-BY-SIDE:<\/strong><\/p>\n<p><a href=\"https:\/\/www.american-appliances.eu\/wp-content\/uploads\/2016\/10\/ORE24RCE24GSE28-algemene-handleiding.pdf\" target=\"_blank\" rel=\"noopener noreferrer\">RCE24,ORE24,GSE28 SERIES<\/a><\/p>\n<p><a href=\"https:\/\/www.american-appliances.eu\/wp-content\/uploads\/2016\/10\/Handleiding-NL-OKG-ORG-serie-modellen-2014.pdf\" target=\"_blank\" rel=\"noopener noreferrer\">Global serie OKGS2\/ORGS2 SERIES<\/a><\/p>\n<p><a href=\"https:\/\/www.american-appliances.eu\/wp-content\/uploads\/2016\/10\/GSESxS20-22-25.pdf\" target=\"_blank\" rel=\"noopener noreferrer\">GSE20\/22\/25<\/a><\/p>\n<p><a href=\"https:\/\/www.american-appliances.eu\/wp-content\/uploads\/2016\/10\/PCE-SxS-23-PSE-27-29-PHE-25.pdf\" target=\"_blank\" rel=\"noopener noreferrer\">PCE23\/PSE27\/29\/PHE25<\/a><\/p>\n<p><a href=\"https:\/\/www.american-appliances.eu\/wp-content\/uploads\/2016\/10\/SxS-PHG-voor-2009.pdf\" target=\"_blank\" rel=\"noopener noreferrer\">PHG van voor 2009<\/a><\/p>\n<p><a href=\"https:\/\/www.american-appliances.eu\/wp-content\/uploads\/2016\/10\/SxS-voor-2009.pdf\" target=\"_blank\" rel=\"noopener noreferrer\">Side-by-side van voor 2009<\/a><\/p>\n<p><strong>BOTTOM FREEZER:<\/strong><\/p>\n<p><a href=\"https:\/\/www.american-appliances.eu\/wp-content\/uploads\/2016\/10\/Bottom-Freezer-PFSE-PFCE-PDCE-PDSE.pdf\" target=\"_blank\" rel=\"noopener noreferrer\">PFSE\/PFCE\/PDCE\/PDSE SERIE<\/a><\/p>\n<p><a href=\"https:\/\/docs.google.com\/a\/american-appliances.eu\/viewer?a=v&amp;pid=sites&amp;srcid=YW1lcmljYW4tYXBwbGlhbmNlcy5ldXx0ZXN0fGd4OjJhNjI2YWQxMGIwOTc2ODQ\" target=\"_blank\" rel=\"noopener noreferrer\">GFCE SERIES<\/a>[\/vc_column_text][\/vc_column][vc_column width=\u00a0\u00bb1\/2&Prime; rt_bg_effect=\u00a0\u00bbclassic\u00a0\u00bb rt_bg_image_repeat=\u00a0\u00bbrepeat\u00a0\u00bb rt_bg_size=\u00a0\u00bbauto auto\u00a0\u00bb rt_bg_position=\u00a0\u00bbright top\u00a0\u00bb rt_bg_attachment=\u00a0\u00bbscroll\u00a0\u00bb rt_class=\u00a0\u00bbrt-3874254&Prime; class=\u00a0\u00bblinkjes\u00a0\u00bb rt_margins=\u00a0\u00bb,\u00a0\u00bb rt_paddings=\u00a0\u00bb,,,\u00a0\u00bb rt_wrapper_paddings=\u00a0\u00bb,,,\u00a0\u00bb rt_tablet_margins=\u00a0\u00bb,\u00a0\u00bb rt_tablet_paddings=\u00a0\u00bb,,,\u00a0\u00bb rt_tablet_wrapper_paddings=\u00a0\u00bb,,,\u00a0\u00bb rt_sp_margins=\u00a0\u00bb,\u00a0\u00bb rt_sp_paddings=\u00a0\u00bb,,,\u00a0\u00bb rt_sp_wrapper_paddings=\u00a0\u00bb,,,\u00a0\u00bb rt_bg_color=\u00a0\u00bb\u00a0\u00bb rt_bg_overlay_color=\u00a0\u00bb\u00a0\u00bb][vc_column_text css=\u00a0\u00bb\u00a0\u00bb]<strong>WINE &amp; BEVERAGECENTER<\/strong><\/p>\n<p><a href=\"https:\/\/docs.google.com\/a\/american-appliances.eu\/viewer?a=v&amp;pid=sites&amp;srcid=YW1lcmljYW4tYXBwbGlhbmNlcy5ldXx0ZXN0fGd4OjRhM2Q5YzIwODhlODZhMzQ\" target=\"_blank\" rel=\"noopener noreferrer\">IOW51DDSS<\/a><\/p>\n<p><strong>TOP FREEZER:<\/strong><\/p>\n<p><a href=\"https:\/\/www.american-appliances.eu\/wp-content\/uploads\/2016\/10\/GTE-17-Top-Freezer.pdf\" target=\"_blank\" rel=\"noopener noreferrer\">GTE17<\/a><\/p>\n<p><a href=\"https:\/\/docs.google.com\/a\/american-appliances.eu\/viewer?a=v&amp;pid=sites&amp;srcid=YW1lcmljYW4tYXBwbGlhbmNlcy5ldXx0ZXN0fGd4Ojc4ZDdjZWFiMmEwYzQ0NWI\" target=\"_blank\" rel=\"noopener noreferrer\">TM20<\/a><\/p>\n<p><strong>ADOUCISSEURS D&rsquo;EAU:<\/strong><\/p>\n<p><a href=\"https:\/\/www.american-appliances.eu\/wp-content\/uploads\/2016\/10\/GXOF18KE-Handleiding-NEDERLANDS.pdf\" target=\"_blank\" rel=\"noopener noreferrer\">GXOF18KE<\/a><\/p>\n<p><a href=\"https:\/\/www.american-appliances.eu\/wp-content\/uploads\/2016\/10\/GXOF27KE-GNOH45KE-Handleiding-NEDERLANDS.pdf\" target=\"_blank\" rel=\"noopener noreferrer\">GXOF27KE\/GNOH45KE<\/a>[\/vc_column_text][\/vc_column][\/vc_row][vc_row rt_row_background_width=\u00a0\u00bbfullwidth\u00a0\u00bb rt_row_content_width=\u00a0\u00bbdefault\u00a0\u00bb rt_row_style=\u00a0\u00bbdefault-style\u00a0\u00bb rt_row_height=\u00a0\u00bb\u00a0\u00bb rt_column_gaps=\u00a0\u00bb\u00a0\u00bb rt_row_shadows=\u00a0\u00bb\u00a0\u00bb rt_row_borders=\u00a0\u00bb\u00a0\u00bb rt_bg_effect=\u00a0\u00bbparallax\u00a0\u00bb rt_bg_parallax_effect=\u00a0\u00bb3&Prime; rt_bg_image_repeat=\u00a0\u00bbno-repeat\u00a0\u00bb rt_bg_size=\u00a0\u00bbcover\u00a0\u00bb rt_bg_position=\u00a0\u00bbcenter center\u00a0\u00bb rt_bg_layer=\u00a0\u00bb\u00a0\u00bb rt_bg_video_format=\u00a0\u00bbself-hosted\u00a0\u00bb rt_class=\u00a0\u00bbrt-6402726&Prime; rt_paddings=\u00a0\u00bb,,,\u00a0\u00bb rt_margins=\u00a0\u00bb,,,\u00a0\u00bb rt_content_margins=\u00a0\u00bb,,,\u00a0\u00bb rt_tablet_paddings=\u00a0\u00bb,,,\u00a0\u00bb rt_tablet_margins=\u00a0\u00bb,,,\u00a0\u00bb rt_tablet_content_margins=\u00a0\u00bb,,,\u00a0\u00bb rt_sp_paddings=\u00a0\u00bb,,,\u00a0\u00bb rt_sp_margins=\u00a0\u00bb,,,\u00a0\u00bb rt_sp_content_margins=\u00a0\u00bb,,,\u00a0\u00bb rt_bg_image=\u00a0\u00bb1525&Prime;][vc_column rt_bg_effect=\u00a0\u00bbclassic\u00a0\u00bb rt_bg_image_repeat=\u00a0\u00bbrepeat\u00a0\u00bb rt_bg_size=\u00a0\u00bbauto auto\u00a0\u00bb rt_bg_position=\u00a0\u00bbright top\u00a0\u00bb rt_bg_attachment=\u00a0\u00bbscroll\u00a0\u00bb rt_class=\u00a0\u00bbrt-1926817&Prime; rt_margins=\u00a0\u00bb,\u00a0\u00bb rt_paddings=\u00a0\u00bb,,,\u00a0\u00bb rt_wrapper_paddings=\u00a0\u00bb,,,\u00a0\u00bb rt_tablet_margins=\u00a0\u00bb,\u00a0\u00bb rt_tablet_paddings=\u00a0\u00bb,,,\u00a0\u00bb rt_tablet_wrapper_paddings=\u00a0\u00bb,,,\u00a0\u00bb rt_sp_margins=\u00a0\u00bb,\u00a0\u00bb rt_sp_paddings=\u00a0\u00bb,,,\u00a0\u00bb rt_sp_wrapper_paddings=\u00a0\u00bb,,,\u00a0\u00bb rt_min_height=\u00a0\u00bb300px\u00a0\u00bb rt_bg_color=\u00a0\u00bb\u00a0\u00bb rt_bg_overlay_color=\u00a0\u00bb\u00a0\u00bb][\/vc_column][\/vc_row]<\/p>\n","protected":false},"excerpt":{"rendered":"<p>[vc_row rt_row_background_width=\u00a0\u00bbfullwidth\u00a0\u00bb rt_row_content_width=\u00a0\u00bbdefault\u00a0\u00bb rt_row_style=\u00a0\u00bbdefault-style\u00a0\u00bb rt_row_height=\u00a0\u00bb\u00a0\u00bb rt_column_gaps=\u00a0\u00bb\u00a0\u00bb rt_row_shadows=\u00a0\u00bb\u00a0\u00bb rt_row_borders=\u00a0\u00bb\u00a0\u00bb rt_bg_effect=\u00a0\u00bbclassic\u00a0\u00bb rt_bg_image_repeat=\u00a0\u00bbrepeat\u00a0\u00bb rt_bg_size=\u00a0\u00bbcover\u00a0\u00bb rt_bg_position=\u00a0\u00bbright top\u00a0\u00bb rt_bg_attachment=\u00a0\u00bbscroll\u00a0\u00bb rt_bg_layer=\u00a0\u00bb\u00a0\u00bb rt_bg_video_format=\u00a0\u00bbself-hosted\u00a0\u00bb rt_class=\u00a0\u00bbrt-7119608&Prime; rt_paddings=\u00a0\u00bb,50,,\u00a0\u00bb rt_margins=\u00a0\u00bb,,,\u00a0\u00bb rt_content_margins=\u00a0\u00bb,,,\u00a0\u00bb rt_tablet_paddings=\u00a0\u00bb,,,\u00a0\u00bb rt_tablet_margins=\u00a0\u00bb,,,\u00a0\u00bb rt_tablet_content_margins=\u00a0\u00bb,,,\u00a0\u00bb rt_sp_paddings=\u00a0\u00bb,,,\u00a0\u00bb rt_sp_margins=\u00a0\u00bb,,,\u00a0\u00bb rt_sp_content_margins=\u00a0\u00bb,,,\u00a0\u00bb rt_bg_color=\u00a0\u00bb#1d1d1d\u00a0\u00bb][vc_column rt_bg_effect=\u00a0\u00bbclassic\u00a0\u00bb rt_bg_image_repeat=\u00a0\u00bbrepeat\u00a0\u00bb rt_bg_size=\u00a0\u00bbauto auto\u00a0\u00bb rt_bg_position=\u00a0\u00bbright top\u00a0\u00bb rt_bg_attachment=\u00a0\u00bbscroll\u00a0\u00bb rt_class=\u00a0\u00bbrt-2856932&Prime; rt_margins=\u00a0\u00bb,25&Prime; rt_paddings=\u00a0\u00bb,,,\u00a0\u00bb rt_wrapper_paddings=\u00a0\u00bb,,,\u00a0\u00bb rt_tablet_margins=\u00a0\u00bb,\u00a0\u00bb rt_tablet_paddings=\u00a0\u00bb,,,\u00a0\u00bb rt_tablet_wrapper_paddings=\u00a0\u00bb,,,\u00a0\u00bb rt_sp_margins=\u00a0\u00bb,\u00a0\u00bb rt_sp_paddings=\u00a0\u00bb,,,\u00a0\u00bb rt_sp_wrapper_paddings=\u00a0\u00bb,,,\u00a0\u00bb rt_bg_color=\u00a0\u00bb\u00a0\u00bb rt_bg_overlay_color=\u00a0\u00bb\u00a0\u00bb][vc_column_text css=\u00a0\u00bb\u00a0\u00bb] Manuels d&rsquo;utilisation iomabe \/ GE Ci-dessous, vous pouvez [&hellip;]<\/p>\n","protected":false},"author":1,"featured_media":0,"parent":0,"menu_order":0,"comment_status":"closed","ping_status":"closed","template":"","meta":{"inline_featured_image":false,"footnotes":""},"class_list":["post-3225","page","type-page","status-publish","hentry"],"_links":{"self":[{"href":"https:\/\/www.american-appliances.eu\/fr\/wp-json\/wp\/v2\/pages\/3225","targetHints":{"allow":["GET"]}}],"collection":[{"href":"https:\/\/www.american-appliances.eu\/fr\/wp-json\/wp\/v2\/pages"}],"about":[{"href":"https:\/\/www.american-appliances.eu\/fr\/wp-json\/wp\/v2\/types\/page"}],"author":[{"embeddable":true,"href":"https:\/\/www.american-appliances.eu\/fr\/wp-json\/wp\/v2\/users\/1"}],"replies":[{"embeddable":true,"href":"https:\/\/www.american-appliances.eu\/fr\/wp-json\/wp\/v2\/comments?post=3225"}],"version-history":[{"count":1,"href":"https:\/\/www.american-appliances.eu\/fr\/wp-json\/wp\/v2\/pages\/3225\/revisions"}],"predecessor-version":[{"id":3227,"href":"https:\/\/www.american-appliances.eu\/fr\/wp-json\/wp\/v2\/pages\/3225\/revisions\/3227"}],"wp:attachment":[{"href":"https:\/\/www.american-appliances.eu\/fr\/wp-json\/wp\/v2\/media?parent=3225"}],"curies":[{"name":"wp","href":"https:\/\/api.w.org\/{rel}","templated":true}]}}