{"id":2995,"date":"2024-08-06T14:45:25","date_gmt":"2024-08-06T14:45:25","guid":{"rendered":"https:\/\/www.vanoo21.nl\/?post_type=product&#038;p=2995"},"modified":"2025-04-10T13:34:38","modified_gmt":"2025-04-10T13:34:38","slug":"ci-6","status":"publish","type":"product","link":"https:\/\/www.american-appliances.eu\/de\/produkt\/ci-6\/","title":{"rendered":"Ci 6"},"content":{"rendered":"<p>Die modernen flachen Induktionskochfelder von CASO Design sehen nicht nur elegant aus, sondern bieten dank des \u00fcbersichtlichen Touch-Bedienfelds auch gr\u00f6\u00dftm\u00f6glichen Kochgenuss. Mit den innovativen Schiebereglern ist es m\u00f6glich, die einzelnen Induktionskochzonen einfach \u00fcber die gesamte Fl\u00e4che zu steuern und schnell eine der gew\u00fcnschten Leistungsstufen oder Funktionen einzustellen.<\/p>\n<p>Die zahlreichen Funktionen, wie die praktische Kochautomatik oder die leistungsstarke \u00dcberbr\u00fcckungsfunktion, machen die Induktionskochfelder von CASO Design noch interessanter. Die Induktionstechnologie wird verwendet, um schnell und sofort zu kochen, \u00e4hnlich wie bei Gas. Dank dieser Technik wird besonders sauber gekocht, da nichts einbrennen kann.<\/p>\n<p>Wenn es um Sicherheit geht, erg\u00e4nzen eine Sicherheitsabschaltung, eine integrierte Kindersicherung und ein Verriegelungssystem das moderne Kochfeld. In jeder K\u00fcche bieten CASO Design Kochfelder ein einzigartiges Kocherlebnis.<\/p>\n","protected":false},"excerpt":{"rendered":"<p><strong>Flaches Induktionskochfeld<\/strong><\/p>\n<p>+ Touch-Steuerung<br \/>\n+ Sensorschaltung \/ TC Slim<br \/>\n+ Schieberegler<br \/>\n+ Einkochautomatik<br \/>\n+ Leistungsstufe f\u00fcr jede Kochzone<br \/>\n+ Bridge-Funktion (vorne\/hinten)<br \/>\n+ Timer \/ Gartimer<br \/>\n+ Warmhalten<br \/>\n+ Sicherheitsschalter<br \/>\n+ Wei\u00dfe LED-Anzeige<br \/>\n+ Grillfunktion<br \/>\n+ Pausenfunktion<br \/>\n+ R\u00fcckruffunktion<br \/>\n+ Verriegelung<br \/>\n+ Kindersicherung (Schnelltaste)<br \/>\n+ Automatische Pfannenerkennung<\/p>\n","protected":false},"featured_media":2184,"comment_status":"closed","ping_status":"closed","template":"","meta":{"inline_featured_image":false},"product_brand":[],"product_cat":[70],"product_tag":[],"class_list":{"0":"post-2995","1":"product","2":"type-product","3":"status-publish","4":"has-post-thumbnail","6":"product_cat-induktion","8":"first","9":"instock","10":"shipping-taxable","11":"product-type-simple"},"_links":{"self":[{"href":"https:\/\/www.american-appliances.eu\/de\/wp-json\/wp\/v2\/product\/2995","targetHints":{"allow":["GET"]}}],"collection":[{"href":"https:\/\/www.american-appliances.eu\/de\/wp-json\/wp\/v2\/product"}],"about":[{"href":"https:\/\/www.american-appliances.eu\/de\/wp-json\/wp\/v2\/types\/product"}],"replies":[{"embeddable":true,"href":"https:\/\/www.american-appliances.eu\/de\/wp-json\/wp\/v2\/comments?post=2995"}],"wp:featuredmedia":[{"embeddable":true,"href":"https:\/\/www.american-appliances.eu\/de\/wp-json\/wp\/v2\/media\/2184"}],"wp:attachment":[{"href":"https:\/\/www.american-appliances.eu\/de\/wp-json\/wp\/v2\/media?parent=2995"}],"wp:term":[{"taxonomy":"product_brand","embeddable":true,"href":"https:\/\/www.american-appliances.eu\/de\/wp-json\/wp\/v2\/product_brand?post=2995"},{"taxonomy":"product_cat","embeddable":true,"href":"https:\/\/www.american-appliances.eu\/de\/wp-json\/wp\/v2\/product_cat?post=2995"},{"taxonomy":"product_tag","embeddable":true,"href":"https:\/\/www.american-appliances.eu\/de\/wp-json\/wp\/v2\/product_tag?post=2995"}],"curies":[{"name":"wp","href":"https:\/\/api.w.org\/{rel}","templated":true}]}}