{"id":2992,"date":"2024-08-06T14:11:22","date_gmt":"2024-08-06T14:11:22","guid":{"rendered":"https:\/\/www.vanoo21.nl\/?post_type=product&#038;p=2992"},"modified":"2025-04-10T13:26:14","modified_gmt":"2025-04-10T13:26:14","slug":"c9-air","status":"publish","type":"product","link":"https:\/\/www.american-appliances.eu\/de\/produkt\/c9-air\/","title":{"rendered":"C9 Air"},"content":{"rendered":"<p>Angemessenes Design im Raum dank der integrierten Kochfelder mit Abzugssystem. Unsere innovative Technologie vereint zwei wesentliche Vorteile:<\/p>\n<p>+ angenehm frische Luft beim Kochen dank der patentierten JET AIR Separation Technology<\/p>\n<p>+ Maximale Kochfl\u00e4che f\u00fcr Ihre T\u00f6pfe und Pfannen durch den konzentrierten Luftstrom<\/p>\n<p>Das patentierte JET AIR System in unseren Kochfeldern reinigt die Luft, indem es die Partikel von der Luft trennt und nach dem Turbinenprinzip auff\u00e4ngt. Diese Technologie ben\u00f6tigt keinen Fettfilter, um die Leistung im Falle einer Verschmutzung zu verringern \u2013 Jet Air sorgt immer f\u00fcr maximale Reinigung. Effizienz und einfache Reinigung sind die entscheidenden Vorteile gegen\u00fcber Filtersystemen.<\/p>\n<p>Erstklassiger Komfort beim Kochen. Mit dem Touch-Bedienfeld k\u00f6nnen Sie alle Gareinstellungen genau und schnell einstellen und mit den hellwei\u00dfen LED-Symbolen alles im Blick behalten. Die integrierte Kochfunktion regelt automatisch das Schnellaufheizen und regelt dann automatisch die vorgegebene Garstufe. Mehr Zeit, um die perfekte Zeit zu genie\u00dfen.<\/p>\n","protected":false},"excerpt":{"rendered":"<p><strong>Induktionskochfeld mit integrierter JET AIR Kochfeldabsaugung<\/strong><\/p>\n<p>+ Touch-Steuerung<br \/>\n+ 9 Leistungsstufen<br \/>\n+ Leistungsstufe (f\u00fcr jede Kochzone)<br \/>\n+ Sensor Circuit \/ TC Slim<br \/>\n+ Control Schieberegler (Schieberegler)<br \/>\n+ Eingebaute automatische Abzugssteuerung<br \/>\n+ Kochautomatik<br \/>\n+ Br\u00fcckenfunktion (vorne\/hinten)<br \/>\n+ Timer \/ Gartimer<br \/>\n+ Warmhaltezone<br \/>\n+ Sicherheitsschalter<br \/>\n+ Wei\u00dfe LED-Anzeige<br \/>\n+ Restw\u00e4rmeanzeige<br \/>\n+ Grillfunktion<br \/>\n+ Pausenfunktion<br \/>\n+ R\u00fcckruffunktion<br \/>\n+ Sperre<br \/>\n+ Kindersicherung (Schnelltaste)<br \/>\n+ Automatik L\u00fcfterbetrieb 10 Minuten<br \/>\n+ Automatische Schwenkerkennung<br \/>\n+ Abw\u00e4rtswind<\/p>\n<p>EINSCHLIE\u00dfLICH:<\/p>\n<ul>\n<li>JET AIR L\u00fcfterkern (1\u00d7)<\/li>\n<li>Umluftfilter (2\u00d7 UF TH40 im Lieferumfang enthalten)<\/li>\n<\/ul>\n","protected":false},"featured_media":2148,"comment_status":"closed","ping_status":"closed","template":"","meta":{"inline_featured_image":false},"product_brand":[],"product_cat":[70],"product_tag":[],"class_list":{"0":"post-2992","1":"product","2":"type-product","3":"status-publish","4":"has-post-thumbnail","6":"product_cat-induktion","8":"first","9":"instock","10":"shipping-taxable","11":"product-type-simple"},"_links":{"self":[{"href":"https:\/\/www.american-appliances.eu\/de\/wp-json\/wp\/v2\/product\/2992","targetHints":{"allow":["GET"]}}],"collection":[{"href":"https:\/\/www.american-appliances.eu\/de\/wp-json\/wp\/v2\/product"}],"about":[{"href":"https:\/\/www.american-appliances.eu\/de\/wp-json\/wp\/v2\/types\/product"}],"replies":[{"embeddable":true,"href":"https:\/\/www.american-appliances.eu\/de\/wp-json\/wp\/v2\/comments?post=2992"}],"wp:featuredmedia":[{"embeddable":true,"href":"https:\/\/www.american-appliances.eu\/de\/wp-json\/wp\/v2\/media\/2148"}],"wp:attachment":[{"href":"https:\/\/www.american-appliances.eu\/de\/wp-json\/wp\/v2\/media?parent=2992"}],"wp:term":[{"taxonomy":"product_brand","embeddable":true,"href":"https:\/\/www.american-appliances.eu\/de\/wp-json\/wp\/v2\/product_brand?post=2992"},{"taxonomy":"product_cat","embeddable":true,"href":"https:\/\/www.american-appliances.eu\/de\/wp-json\/wp\/v2\/product_cat?post=2992"},{"taxonomy":"product_tag","embeddable":true,"href":"https:\/\/www.american-appliances.eu\/de\/wp-json\/wp\/v2\/product_tag?post=2992"}],"curies":[{"name":"wp","href":"https:\/\/api.w.org\/{rel}","templated":true}]}}