{"id":2987,"date":"2024-08-06T13:08:34","date_gmt":"2024-08-06T13:08:34","guid":{"rendered":"https:\/\/www.vanoo21.nl\/?post_type=product&#038;p=2987"},"modified":"2025-04-10T12:37:20","modified_gmt":"2025-04-10T12:37:20","slug":"sound-cool-hout","status":"publish","type":"product","link":"https:\/\/www.american-appliances.eu\/de\/produkt\/sound-cool-hout\/","title":{"rendered":"Sound &#038; Cool Hout"},"content":{"rendered":"<p>Sound &amp; Cool ist der Couchtisch, der sich von allen anderen abhebt. Mit einem Lautsprecher und zwei K\u00fchlschubladen vereint dieser Tisch Funktionalit\u00e4t und Design. Die kabellose Ladestation f\u00fcr ein Mobiltelefon und mehrere USB-Anschl\u00fcsse sorgen f\u00fcr noch mehr Komfort.<\/p>\n<p>Erh\u00e4ltlich in drei verschiedenen Farben, n\u00e4mlich Schwarz, Wei\u00df und Holz.<\/p>\n","protected":false},"excerpt":{"rendered":"<p><strong>Loungetisch mit K\u00fchlf\u00e4chern, Soundbar und Ladem\u00f6glichkeit<\/strong><\/p>\n<p>+ Loungetisch mit K\u00fchlf\u00e4chern, integrierten Musiklautsprechern und Ladem\u00f6glichkeit f\u00fcr Smartphones etc.<br \/>\n+ Zuverl\u00e4ssige Kompressork\u00fchlung<br \/>\n+ Zwei K\u00fchlf\u00e4cher (insgesamt 135 l) f\u00fcr Snacks und Getr\u00e4nke mit individuell einstellbarer Temperatur:<br \/>\n\u2022 K\u00fchlzone links: 3 \u2013 8 \u00b0C \/ 70 l Volumen<br \/>\n\u2022 K\u00fchlzone rechts: 6 \u2013 12 \u00b0C \/ 65 l Volumen<br \/>\n+ Der praktische ECO-Modus sorgt f\u00fcr die Temperatureinstellung mit geringstem Stromverbrauch (je nach Umgebungstemperatur)<br \/>\n+ Komfortable Wiedergabe von Musik etc. \u00fcber Bluetooth 5.0<br \/>\n+ Weiteres Soundprogramm: Auto, Rock, Movie, Pop, Jazz<br \/>\n+ Mit RGB-LED-Lichtleiste f\u00fcr stimmungsvolles Ambiente: Individuelle Beleuchtung je nach Musikeinstellung<br \/>\n+ Praktische Ladem\u00f6glichkeiten:<br \/>\n\u2022 USB-Anschl\u00fcsse: 2x USB (5 V) und 1x USB-C (5 V).<br \/>\n\u2022 Kabelloses Laden f\u00fcr kompatible Smartphones (bis zu 15 W)<br \/>\n+ LED-Display mit Touch-Bedienfeld<br \/>\n+ Hochwertiges geh\u00e4rtetes Glas mit max. Traglast bis zu 200 kg<br \/>\n+ Akustisches Signal, wenn die K\u00fchlsektion viel zu lange ge\u00f6ffnet ist<br \/>\n+ Schwarzes Geh\u00e4use mit schwarzem Glasdeckel<\/p>\n","protected":false},"featured_media":1947,"comment_status":"closed","ping_status":"closed","template":"","meta":{"inline_featured_image":false},"product_brand":[],"product_cat":[69],"product_tag":[],"class_list":{"0":"post-2987","1":"product","2":"type-product","3":"status-publish","4":"has-post-thumbnail","6":"product_cat-sound-cool","8":"first","9":"instock","10":"shipping-taxable","11":"product-type-simple"},"_links":{"self":[{"href":"https:\/\/www.american-appliances.eu\/de\/wp-json\/wp\/v2\/product\/2987","targetHints":{"allow":["GET"]}}],"collection":[{"href":"https:\/\/www.american-appliances.eu\/de\/wp-json\/wp\/v2\/product"}],"about":[{"href":"https:\/\/www.american-appliances.eu\/de\/wp-json\/wp\/v2\/types\/product"}],"replies":[{"embeddable":true,"href":"https:\/\/www.american-appliances.eu\/de\/wp-json\/wp\/v2\/comments?post=2987"}],"wp:featuredmedia":[{"embeddable":true,"href":"https:\/\/www.american-appliances.eu\/de\/wp-json\/wp\/v2\/media\/1947"}],"wp:attachment":[{"href":"https:\/\/www.american-appliances.eu\/de\/wp-json\/wp\/v2\/media?parent=2987"}],"wp:term":[{"taxonomy":"product_brand","embeddable":true,"href":"https:\/\/www.american-appliances.eu\/de\/wp-json\/wp\/v2\/product_brand?post=2987"},{"taxonomy":"product_cat","embeddable":true,"href":"https:\/\/www.american-appliances.eu\/de\/wp-json\/wp\/v2\/product_cat?post=2987"},{"taxonomy":"product_tag","embeddable":true,"href":"https:\/\/www.american-appliances.eu\/de\/wp-json\/wp\/v2\/product_tag?post=2987"}],"curies":[{"name":"wp","href":"https:\/\/api.w.org\/{rel}","templated":true}]}}