{"id":2986,"date":"2024-08-06T11:58:20","date_gmt":"2024-08-06T11:58:20","guid":{"rendered":"https:\/\/www.vanoo21.nl\/?post_type=product&#038;p=2986"},"modified":"2025-04-10T12:29:21","modified_gmt":"2025-04-10T12:29:21","slug":"vacuchef-40-hettich-profi-plus","status":"publish","type":"product","link":"https:\/\/www.american-appliances.eu\/de\/produkt\/vacuchef-40-hettich-profi-plus\/","title":{"rendered":"VacuChef 40 &#038; Hettich Profi Plus"},"content":{"rendered":"<p>Verliebt in Frisches.<\/p>\n<p>Die Vakuumverpackung eignet sich nicht nur hervorragend zum Frischhalten von Lebensmitteln, sondern auch zum Portionieren, Marinieren und vielem mehr. Mit den Vakuumierern von Caso Design erzielen Sie immer wieder das beste Ergebnis.<\/p>\n","protected":false},"excerpt":{"rendered":"<p><strong>Profi Box Vakuumierer &amp; Schubladeneinsatz<\/strong><\/p>\n<p>+ Ideal zum Frischhalten und Marinieren<br \/>\n+ Boxgr\u00f6\u00dfe B\u00d7H\u00d7T: 260 \u00d7 45 \u00d7 260 mm (ca. 3 Liter)<br \/>\n+ Starke Profi Vakuumpumpe: 70 Liter \/ Minute<br \/>\n+ Nahezu 100% Vakuum<br \/>\n+ Doppelte Schwei\u00dfnaht f\u00fcr Beutel bis 25 cm Breite<br \/>\n+ Mit integrierter Beutelklemmhalterung zum sicheren Positionieren des Beutels in der Vakuumkammer<br \/>\n+ Praktische Prozessanzeige<br \/>\n+ Hochwertige Verarbeitung: Edelstahlgeh\u00e4use und Deckel aus geh\u00e4rtetem Glas<br \/>\n+ Kombiniertes Vakuumieren und Versiegeln mit individuellen Einstellungen f\u00fcr harte und weiche, aber auch trockene und feuchte Lebensmittel<br \/>\n+ Manuelles Versiegeln<br \/>\n+ Automatisches Marinieren im Vakuumbeutel<br \/>\n+ Auch zum Vakuumieren von Lebensmittelbeh\u00e4ltern geeignet (inkl. Vakuumschlauch)<br \/>\n+ Vakuumieren auch au\u00dferhalb des Ger\u00e4tes mit Strukturbeuteln m\u00f6glich<br \/>\n+ Einfache, intuitive Bedienung \u00fcber Touch-Bedienfeld<\/p>\n","protected":false},"featured_media":1923,"comment_status":"closed","ping_status":"closed","template":"","meta":{"inline_featured_image":false},"product_brand":[],"product_cat":[71],"product_tag":[],"class_list":{"0":"post-2986","1":"product","2":"type-product","3":"status-publish","4":"has-post-thumbnail","6":"product_cat-vakuumierer","8":"first","9":"instock","10":"shipping-taxable","11":"product-type-simple"},"_links":{"self":[{"href":"https:\/\/www.american-appliances.eu\/de\/wp-json\/wp\/v2\/product\/2986","targetHints":{"allow":["GET"]}}],"collection":[{"href":"https:\/\/www.american-appliances.eu\/de\/wp-json\/wp\/v2\/product"}],"about":[{"href":"https:\/\/www.american-appliances.eu\/de\/wp-json\/wp\/v2\/types\/product"}],"replies":[{"embeddable":true,"href":"https:\/\/www.american-appliances.eu\/de\/wp-json\/wp\/v2\/comments?post=2986"}],"wp:featuredmedia":[{"embeddable":true,"href":"https:\/\/www.american-appliances.eu\/de\/wp-json\/wp\/v2\/media\/1923"}],"wp:attachment":[{"href":"https:\/\/www.american-appliances.eu\/de\/wp-json\/wp\/v2\/media?parent=2986"}],"wp:term":[{"taxonomy":"product_brand","embeddable":true,"href":"https:\/\/www.american-appliances.eu\/de\/wp-json\/wp\/v2\/product_brand?post=2986"},{"taxonomy":"product_cat","embeddable":true,"href":"https:\/\/www.american-appliances.eu\/de\/wp-json\/wp\/v2\/product_cat?post=2986"},{"taxonomy":"product_tag","embeddable":true,"href":"https:\/\/www.american-appliances.eu\/de\/wp-json\/wp\/v2\/product_tag?post=2986"}],"curies":[{"name":"wp","href":"https:\/\/api.w.org\/{rel}","templated":true}]}}