{"id":2961,"date":"2024-08-05T09:59:21","date_gmt":"2024-08-05T09:59:21","guid":{"rendered":"https:\/\/www.vanoo21.nl\/?post_type=product&#038;p=2961"},"modified":"2025-04-10T10:17:39","modified_gmt":"2025-04-10T10:17:39","slug":"winedeluxe-wd-60","status":"publish","type":"product","link":"https:\/\/www.american-appliances.eu\/de\/produkt\/winedeluxe-wd-60\/","title":{"rendered":"WineDeluxe WD 60"},"content":{"rendered":"<p>Die exklusiven Weink\u00fchlschr\u00e4nke von CASO Design erf\u00fcllen die unterschiedlichsten Anforderungen. Unsere WineDeluxe Serie pr\u00e4sentiert sich in einem edlen, schwarzen Design mit eleganter Glasfront. Die hochwertigen Weink\u00fchlschr\u00e4nke arbeiten mit leichtg\u00e4ngigen Kompressoren und sorgen so f\u00fcr die ruhige Atmosph\u00e4re, die Ihr Wein braucht, um sich zu manifestieren.<\/p>\n<p>Praktisch \u00fcberall. Durch die integrierte intelligente Steuerung k\u00f6nnen die beiden unabh\u00e4ngigen Temperaturzonen zwischen 5 und 20 \u00b0C eingestellt werden. Auf diese Weise beh\u00e4lt der Wein seinen typischen Charakter. M\u00f6chten Sie es noch stilvoller? Schalten Sie einfach die stimmungsvollen LED-Streifen ein und Ihr Wein erstrahlt in einem neuen Licht. Mit den praktischen Teleskopschienen an den durchbrochenen Holzb\u00f6den k\u00f6nnen Sie Ihre Weinflaschen so sicher wie m\u00f6glich aus Ihrem Weinschrank nehmen.<\/p>\n<p>Mit den Soft-Close-Scharnieren und der grifflosen Push-to-open-T\u00fcrbedienung kann von ungeschicktem \u00d6ffnen keine Frage mehr sein. Benutzerfreundlichkeit ist f\u00fcr uns von gr\u00f6\u00dfter Bedeutung. \u00dcberzeugen Sie sich selbst: CASO Design bietet Ihnen den optimalen Raum f\u00fcr Ihre besten Weine.<\/p>\n","protected":false},"excerpt":{"rendered":"<p><strong>Design-Einbau-Weink\u00fchlschrank mit Kompressortechnik<\/strong><\/p>\n<p>+ Design-Einbau-Weink\u00fchlschrank f\u00fcr die Lagerung von bis zu 60 Flaschen (bis 76 mm \u00d8)<br \/>\n+ \u00dcber das eingebaute WLAN-Modul mit der CASO-App nahezu \u00fcberall bedienbar<br \/>\n+ Grifflose, elegante Push-to-open-T\u00fcrsteuerung<br \/>\n+ Soft-Close-Hettich-Scharniere f\u00fcr sanftes Schlie\u00dfen<br \/>\n+ Leichtg\u00e4ngiger Kompressor sorgt f\u00fcr eine sanfte und leise Weinlagerung<br \/>\n+ Zwei Temperaturzonen, individuell elektronisch einstellbar von 5 \u2013 20 \u00b0C (41 \u2013 68 \u00b0F)*<br \/>\n+ Aktive Bel\u00fcftung f\u00fcr einen gleichm\u00e4\u00dfige Temperaturverteilung<br \/>\n+ 3-Schicht-Isolierglas mit UV-Filter f\u00fcr optimalen Aromaschutz<br \/>\n+ T\u00fcralarm warnt vor Temperaturverlust durch ge\u00f6ffnete T\u00fcr<br \/>\n+ Elegantes Sensor-Touch-Display f\u00fcr beide Zonen<br \/>\n+ LED-Temperaturanzeige der K\u00fchlzone<br \/>\n+ Die zuschaltbaren wei\u00dfen atmosph\u00e4rischen LED-Streifen an den Seiten lassen sich in 4 Lichtst\u00e4rkestufen einstellen \u2013 Stufe 1 (25%), Stufe 2 (50%), Stufe 3 (75%) und Stufe 4 (100%)<br \/>\n+ Einfache Entnahme von Weinflaschen dank Holzablage mit integrierter kugelgelagerter Teleskopschiene<br \/>\n+ Inkl. Metallgestell f\u00fcr Flaschenpr\u00e4sentation<br \/>\n+ Aktivkohlefilter f\u00fcr optimale Luftqualit\u00e4t<br \/>\n+ Ger\u00e4uschpegel 38 dB<br \/>\n+ Wechselt\u00fcr links oder rechts<\/p>\n","protected":false},"featured_media":1637,"comment_status":"closed","ping_status":"closed","template":"","meta":{"inline_featured_image":false},"product_brand":[],"product_cat":[73,67,75],"product_tag":[],"class_list":{"0":"post-2961","1":"product","2":"type-product","3":"status-publish","4":"has-post-thumbnail","6":"product_cat-einbau-weinkuehlschraenke","7":"product_cat-weinkuehlschraenke","8":"product_cat-zum-oeffnen-druecken","10":"first","11":"instock","12":"shipping-taxable","13":"product-type-simple"},"_links":{"self":[{"href":"https:\/\/www.american-appliances.eu\/de\/wp-json\/wp\/v2\/product\/2961","targetHints":{"allow":["GET"]}}],"collection":[{"href":"https:\/\/www.american-appliances.eu\/de\/wp-json\/wp\/v2\/product"}],"about":[{"href":"https:\/\/www.american-appliances.eu\/de\/wp-json\/wp\/v2\/types\/product"}],"replies":[{"embeddable":true,"href":"https:\/\/www.american-appliances.eu\/de\/wp-json\/wp\/v2\/comments?post=2961"}],"wp:featuredmedia":[{"embeddable":true,"href":"https:\/\/www.american-appliances.eu\/de\/wp-json\/wp\/v2\/media\/1637"}],"wp:attachment":[{"href":"https:\/\/www.american-appliances.eu\/de\/wp-json\/wp\/v2\/media?parent=2961"}],"wp:term":[{"taxonomy":"product_brand","embeddable":true,"href":"https:\/\/www.american-appliances.eu\/de\/wp-json\/wp\/v2\/product_brand?post=2961"},{"taxonomy":"product_cat","embeddable":true,"href":"https:\/\/www.american-appliances.eu\/de\/wp-json\/wp\/v2\/product_cat?post=2961"},{"taxonomy":"product_tag","embeddable":true,"href":"https:\/\/www.american-appliances.eu\/de\/wp-json\/wp\/v2\/product_tag?post=2961"}],"curies":[{"name":"wp","href":"https:\/\/api.w.org\/{rel}","templated":true}]}}