{"id":2929,"date":"2024-08-05T13:33:19","date_gmt":"2024-08-05T13:33:19","guid":{"rendered":"https:\/\/www.vanoo21.nl\/?post_type=product&#038;p=2929"},"modified":"2025-04-10T10:02:19","modified_gmt":"2025-04-10T10:02:19","slug":"wineexclusive-126-smart","status":"publish","type":"product","link":"https:\/\/www.american-appliances.eu\/de\/produkt\/wineexclusive-126-smart\/","title":{"rendered":"WineExclusive 126 smart"},"content":{"rendered":"<p>Weink\u00fchlschr\u00e4nke von CASO Design \u2013 Das umfangreiche Sortiment<\/p>\n<p>Mit exklusiven Weink\u00fchlschr\u00e4nken von CASO Design k\u00f6nnen passionierte Weinliebhaber das Beste aus Spitzenweinen herausholen. Das Kompressionsverfahren mit einer einstellbaren Temperaturregelung schafft ein langanhaltend optimales K\u00fchlklima f\u00fcr Ihre Premiumweine.<\/p>\n<p>Dank der vibrationsarmen Kompressoren und der speziellen Sto\u00dfd\u00e4mpfer sorgen diese Weink\u00fchlschr\u00e4nke daf\u00fcr, dass Ihr Wein die Ruhe bekommt, die er braucht, um richtig zu altern.<\/p>\n<p>Die aktive Bel\u00fcftung zirkuliert kalte Luft um jede Temperaturzone und sorgt so f\u00fcr eine gleichm\u00e4\u00dfige Temperatur im gesamten Weink\u00fchlschrank.<\/p>\n","protected":false},"excerpt":{"rendered":"<p class=\"\" data-start=\"0\" data-end=\"80\"><strong>App-gesteuerter, freistehender Design-Weink\u00fchlschrank mit Kompressor-Technologie<\/strong><br \/>\n+ Hochwertiger Weink\u00fchlschrank mit Kompressor-Technologie<br \/>\n+ WiFi Smart Control \u2013 Komfortable Steuerung von fast \u00fcberall \u00fcber die innovative CASO WineControl App<br \/>\n+ Zwei getrennte Temperaturzonen f\u00fcr Wei\u00df- und Rotwein<br \/>\n+ Sanfte Kompressoren: sorgen f\u00fcr die Ruhe dessen, was Ihr Wein braucht<br \/>\n+ Aktive Ventilatoren pro Temperaturzone sorgen f\u00fcr eine sehr gleichm\u00e4\u00dfige Temperatur pro Zone<br \/>\n+ Lagerung f\u00fcr bis zu 126 Flaschen (bis zu 310 mm H\u00f6he)<br \/>\n+ 3-Schicht-Isoliersicherheitsglas mit UV-Filter f\u00fcr optimalen Schutz der Aromen<br \/>\n+ Temperatur pro Zone elektronisch einstellbar von 5 \u2013 20 \u00b0C<br \/>\n+ LED-Temperaturanzeige der K\u00fchlzonen<br \/>\n+ Zuschaltbare Innenbeleuchtung<br \/>\n+ Elegante Design-Glasfront<br \/>\n+ Sieben Ablageb\u00f6den aus Holz (davon sechs mit kugelgelagerten Verl\u00e4ngerungen) inkl. eines mit Pr\u00e4sentationsger\u00e4t f\u00fcr Ihre besten Weine<br \/>\n+ Mit abschlie\u00dfbarer T\u00fcr<\/p>\n","protected":false},"featured_media":1769,"comment_status":"closed","ping_status":"closed","template":"","meta":{"inline_featured_image":false},"product_brand":[],"product_cat":[72,67],"product_tag":[],"class_list":{"0":"post-2929","1":"product","2":"type-product","3":"status-publish","4":"has-post-thumbnail","6":"product_cat-freistehende-weinkuehlschraenke","7":"product_cat-weinkuehlschraenke","9":"first","10":"instock","11":"shipping-taxable","12":"product-type-simple"},"_links":{"self":[{"href":"https:\/\/www.american-appliances.eu\/de\/wp-json\/wp\/v2\/product\/2929","targetHints":{"allow":["GET"]}}],"collection":[{"href":"https:\/\/www.american-appliances.eu\/de\/wp-json\/wp\/v2\/product"}],"about":[{"href":"https:\/\/www.american-appliances.eu\/de\/wp-json\/wp\/v2\/types\/product"}],"replies":[{"embeddable":true,"href":"https:\/\/www.american-appliances.eu\/de\/wp-json\/wp\/v2\/comments?post=2929"}],"wp:featuredmedia":[{"embeddable":true,"href":"https:\/\/www.american-appliances.eu\/de\/wp-json\/wp\/v2\/media\/1769"}],"wp:attachment":[{"href":"https:\/\/www.american-appliances.eu\/de\/wp-json\/wp\/v2\/media?parent=2929"}],"wp:term":[{"taxonomy":"product_brand","embeddable":true,"href":"https:\/\/www.american-appliances.eu\/de\/wp-json\/wp\/v2\/product_brand?post=2929"},{"taxonomy":"product_cat","embeddable":true,"href":"https:\/\/www.american-appliances.eu\/de\/wp-json\/wp\/v2\/product_cat?post=2929"},{"taxonomy":"product_tag","embeddable":true,"href":"https:\/\/www.american-appliances.eu\/de\/wp-json\/wp\/v2\/product_tag?post=2929"}],"curies":[{"name":"wp","href":"https:\/\/api.w.org\/{rel}","templated":true}]}}