{"id":3801,"date":"2025-06-10T09:16:25","date_gmt":"2025-06-10T09:16:25","guid":{"rendered":"https:\/\/www.american-appliances.eu\/?page_id=3801"},"modified":"2026-01-22T15:27:55","modified_gmt":"2026-01-22T15:27:55","slug":"norcool","status":"publish","type":"page","link":"https:\/\/www.american-appliances.eu\/de\/norcool\/","title":{"rendered":"NORCOOL"},"content":{"rendered":"<p>[vc_row rt_row_background_width=&#8220;fullwidth&#8220; rt_row_content_width=&#8220;fullwidth&#8220; rt_row_style=&#8220;default-style&#8220; rt_row_height=&#8220;&#8220; rt_column_placement=&#8220;middle&#8220; rt_column_view=&#8220;equal_heights&#8220; rt_column_gaps=&#8220;&#8220; rt_row_shadows=&#8220;&#8220; rt_row_borders=&#8220;&#8220; rt_bg_effect=&#8220;classic&#8220; rt_bg_image_repeat=&#8220;repeat&#8220; rt_bg_size=&#8220;cover&#8220; rt_bg_position=&#8220;right top&#8220; rt_bg_attachment=&#8220;scroll&#8220; rt_bg_layer=&#8220;&#8220; rt_bg_video_format=&#8220;self-hosted&#8220; rt_class=&#8220;rt-8657465&#8243; rt_paddings=&#8220;25,75,60,60&#8243; rt_margins=&#8220;,,,&#8220; rt_content_margins=&#8220;,,,&#8220; rt_tablet_paddings=&#8220;,,30,30&#8243; rt_tablet_margins=&#8220;,,,&#8220; rt_tablet_content_margins=&#8220;,,,&#8220; rt_sp_paddings=&#8220;,,10,10&#8243; rt_sp_margins=&#8220;,,,&#8220; rt_sp_content_margins=&#8220;,,,&#8220; rt_bg_color=&#8220;#1d1d1d&#8220;][vc_column css_animation=&#8220;fadeInUp&#8220; width=&#8220;1\/2&#8243; rt_bg_effect=&#8220;classic&#8220; rt_bg_image_repeat=&#8220;repeat&#8220; rt_bg_size=&#8220;auto auto&#8220; rt_bg_position=&#8220;right top&#8220; rt_bg_attachment=&#8220;scroll&#8220; rt_class=&#8220;rt-2197675&#8243; rt_margins=&#8220;,&#8220; rt_paddings=&#8220;,,,&#8220; rt_wrapper_paddings=&#8220;,,,&#8220; rt_tablet_margins=&#8220;,&#8220; rt_tablet_paddings=&#8220;,,,&#8220; rt_tablet_wrapper_paddings=&#8220;,,,&#8220; rt_sp_margins=&#8220;,&#8220; rt_sp_paddings=&#8220;,,,&#8220; rt_sp_wrapper_paddings=&#8220;,,,&#8220; rt_bg_color=&#8220;&#8220; rt_bg_overlay_color=&#8220;&#8220; class=&#8220;kolomlinks&#8220;][vc_single_image image=&#8220;3425&#8243; img_size=&#8220;248&#215;83&#8243; css=&#8220;&#8220;][vc_column_text css=&#8220;.vc_custom_1769095626607{margin-bottom: 25px !important;}&#8220;]<span style=\"color: white;\">Seit unserer Gr\u00fcndung im Jahr 1978 haben wir eine starke Tradition in der Gestaltung und Entwicklung innovativer K\u00fchll\u00f6sungen aufgebaut. Was als ehrgeizige Idee begann, hat sich zu einem f\u00fchrenden Unternehmen in der Welt der hochwertigen K\u00fchlsysteme entwickelt. Mit jahrzehntelanger Erfahrung und einem kontinuierlichen Fokus auf Innovation sind wir zu einem vertrauensw\u00fcrdigen Partner f\u00fcr private und professionelle Kunden im In- und Ausland geworden.<\/span><\/p>\n<p><span style=\"color: white;\">Heute bieten wir ein breites Spektrum an K\u00fchll\u00f6sungen, darunter kompakte und leistungsstarke K\u00fchlger\u00e4te, flexible K\u00fchlzellen, stilvolle eingebaute K\u00fchnecken, praktische K\u00fchl- und Gefrierschubladen, elegante Weinschr\u00e4nke und fortschrittliche Technologien f\u00fcr die optimale Weinlagerung. Jedes Produkt wird unter Ber\u00fccksichtigung von Langlebigkeit, Zuverl\u00e4ssigkeit und Leistung entwickelt und gr\u00fcndlich getestet, um die h\u00f6chsten Qualit\u00e4tsstandards zu erf\u00fcllen.<\/span><\/p>\n<p><span style=\"color: white;\">Unsere Produkte zeichnen sich durch ihr schlankes skandinavisches Design, Energieeffizienz und Benutzerfreundlichkeit aus. Dank durchdachtem Design f\u00fcgen sie sich nahtlos in moderne K\u00fcchen und Interieurs ein, wobei sowohl Funktionalit\u00e4t als auch \u00c4sthetik im Vordergrund stehen. Mit unseren L\u00f6sungen m\u00f6chten wir nicht nur die Temperatur kontrollieren, sondern auch den Komfort, den Stil und die t\u00e4gliche Benutzerfreundlichkeit unserer Kunden verbessern.<\/span><\/p>\n<p><span style=\"color: white;\">Mit Norcool setzen wir uns daf\u00fcr ein, die Lagerung von Lebensmitteln und Getr\u00e4nken einfacher, effizienter und stilvoller zu gestalten \u2013 f\u00fcr private wie auch professionelle Nutzer.<\/span>[\/vc_column_text][vc_raw_html css=&#8220;.vc_custom_1769095635814{margin-bottom: 25px !important;}&#8220;]JTNDZGl2JTIwY2xhc3MlM0QlMjJsYW5kZW4lMjIlM0UlMEElMjAlMjAlMjAlMjAlMjAlMjAlMjAlMjAlM0NzcGFuJTIwc3R5bGUlM0QlMjJjb2xvciUzQXdoaXRlJTNCJTIyJTNFRXhrbHVzaXZlciUyMEltcG9ydGV1ciUyMGYlQzMlQkNyJTNBJTNDJTJGc3BhbiUzRSUwQSUyMCUyMCUyMCUyMCUyMCUyMCUyMCUyMCUzQ2ltZyUyMHNyYyUzRCUyMiUyRndwLWNvbnRlbnQlMkZ1cGxvYWRzJTJGMjAyNSUyRjAzJTJGYmUtbHUucG5nJTIyJTIwYWx0JTNEJTIyTG9nbyUyMiUzRSUwQSUyMCUyMCUyMCUyMCUzQyUyRmRpdiUzRQ==[\/vc_raw_html][vc_video link=&#8220;https:\/\/www.youtube.com\/watch?v=hT01CWSHiWI&#8220; css=&#8220;&#8220;][\/vc_column][vc_column css_animation=&#8220;fadeInUp&#8220; width=&#8220;1\/2&#8243; rt_bg_effect=&#8220;classic&#8220; rt_bg_image_repeat=&#8220;no-repeat&#8220; rt_bg_size=&#8220;cover&#8220; rt_bg_position=&#8220;center center&#8220; rt_bg_attachment=&#8220;scroll&#8220; rt_class=&#8220;rt-1580112&#8243; rt_margins=&#8220;,&#8220; rt_paddings=&#8220;,,,&#8220; rt_wrapper_paddings=&#8220;,,,&#8220; rt_tablet_margins=&#8220;,&#8220; rt_tablet_paddings=&#8220;,,,20&#8243; rt_tablet_wrapper_paddings=&#8220;,,,&#8220; rt_sp_margins=&#8220;,&#8220; rt_sp_paddings=&#8220;,,,10&#8243; rt_sp_wrapper_paddings=&#8220;,,,&#8220; rt_bg_color=&#8220;&#8220; rt_bg_overlay_color=&#8220;&#8220; rt_min_height=&#8220;600px&#8220; class=&#8220;kaart&#8220;][vc_single_image image=&#8220;1430&#8243; img_size=&#8220;full&#8220; css=&#8220;&#8220;][\/vc_column][\/vc_row][vc_row rt_row_background_width=&#8220;fullwidth&#8220; rt_row_content_width=&#8220;default&#8220; rt_row_style=&#8220;default-style&#8220; rt_row_height=&#8220;&#8220; rt_column_gaps=&#8220;&#8220; rt_row_shadows=&#8220;&#8220; rt_row_borders=&#8220;&#8220; rt_bg_effect=&#8220;parallax&#8220; rt_bg_parallax_effect=&#8220;3&#8243; rt_bg_image_repeat=&#8220;no-repeat&#8220; rt_bg_size=&#8220;cover&#8220; rt_bg_position=&#8220;center center&#8220; rt_bg_layer=&#8220;&#8220; rt_bg_video_format=&#8220;self-hosted&#8220; rt_class=&#8220;rt-6628497&#8243; rt_paddings=&#8220;,,,&#8220; rt_margins=&#8220;,,,&#8220; rt_content_margins=&#8220;,,,&#8220; rt_tablet_paddings=&#8220;,,,&#8220; rt_tablet_margins=&#8220;,,,&#8220; rt_tablet_content_margins=&#8220;,,,&#8220; rt_sp_paddings=&#8220;,,,&#8220; rt_sp_margins=&#8220;,,,&#8220; rt_sp_content_margins=&#8220;,,,&#8220; rt_bg_image=&#8220;3434&#8243;][vc_column rt_bg_effect=&#8220;classic&#8220; rt_bg_image_repeat=&#8220;repeat&#8220; rt_bg_size=&#8220;auto auto&#8220; rt_bg_position=&#8220;right top&#8220; rt_bg_attachment=&#8220;scroll&#8220; rt_class=&#8220;rt-1926817&#8243; rt_margins=&#8220;,&#8220; rt_paddings=&#8220;,,,&#8220; rt_wrapper_paddings=&#8220;,,,&#8220; rt_tablet_margins=&#8220;,&#8220; rt_tablet_paddings=&#8220;,,,&#8220; rt_tablet_wrapper_paddings=&#8220;,,,&#8220; rt_sp_margins=&#8220;,&#8220; rt_sp_paddings=&#8220;,,,&#8220; rt_sp_wrapper_paddings=&#8220;,,,&#8220; rt_min_height=&#8220;300px&#8220; rt_bg_color=&#8220;&#8220; rt_bg_overlay_color=&#8220;&#8220;][\/vc_column][\/vc_row][vc_row css_animation=&#8220;fadeInUp&#8220; rt_row_background_width=&#8220;fullwidth&#8220; rt_row_content_width=&#8220;fullwidth&#8220; rt_row_style=&#8220;default-style&#8220; rt_row_height=&#8220;&#8220; rt_column_placement=&#8220;middle&#8220; rt_column_gaps=&#8220;&#8220; rt_row_shadows=&#8220;&#8220; rt_row_borders=&#8220;&#8220; rt_bg_effect=&#8220;classic&#8220; rt_bg_image_repeat=&#8220;repeat&#8220; rt_bg_size=&#8220;cover&#8220; rt_bg_position=&#8220;right top&#8220; rt_bg_attachment=&#8220;scroll&#8220; rt_bg_layer=&#8220;&#8220; rt_bg_video_format=&#8220;self-hosted&#8220; rt_class=&#8220;rt-4538506&#8243; rt_paddings=&#8220;75,0,,&#8220; rt_margins=&#8220;,,60,60&#8243; rt_content_margins=&#8220;,,,&#8220; rt_tablet_paddings=&#8220;,,,&#8220; rt_tablet_margins=&#8220;,,30,30&#8243; rt_tablet_content_margins=&#8220;,,,&#8220; rt_sp_paddings=&#8220;,,,&#8220; rt_sp_margins=&#8220;,,10,10&#8243; rt_sp_content_margins=&#8220;,,,&#8220;][vc_column width=&#8220;1\/2&#8243; rt_bg_effect=&#8220;classic&#8220; rt_bg_image_repeat=&#8220;repeat&#8220; rt_bg_size=&#8220;auto auto&#8220; rt_bg_position=&#8220;right top&#8220; rt_bg_attachment=&#8220;scroll&#8220; rt_class=&#8220;rt-7618688&#8243; rt_margins=&#8220;,&#8220; rt_paddings=&#8220;,,,&#8220; rt_wrapper_paddings=&#8220;,,,&#8220; rt_tablet_margins=&#8220;,&#8220; rt_tablet_paddings=&#8220;,,,&#8220; rt_tablet_wrapper_paddings=&#8220;,,,&#8220; rt_sp_margins=&#8220;,20&#8243; rt_sp_paddings=&#8220;,,,&#8220; rt_sp_wrapper_paddings=&#8220;,,,&#8220; rt_bg_color=&#8220;&#8220; rt_bg_overlay_color=&#8220;&#8220;][vc_column_text css=&#8220;&#8220;]<\/p>\n<h2 style=\"margin-top: 0px;\">Ein Auszug aus den Produkten von <span style=\"color: #0d49a4;\">Norcool<\/span><\/h2>\n<p>[\/vc_column_text][\/vc_column][vc_column width=&#8220;1\/2&#8243; rt_bg_effect=&#8220;classic&#8220; rt_bg_image_repeat=&#8220;repeat&#8220; rt_bg_size=&#8220;auto auto&#8220; rt_bg_position=&#8220;right top&#8220; rt_bg_attachment=&#8220;scroll&#8220; rt_class=&#8220;rt-3248379&#8243; rt_margins=&#8220;,&#8220; rt_paddings=&#8220;,,,10&#8243; rt_wrapper_paddings=&#8220;,,,&#8220; rt_tablet_margins=&#8220;,&#8220; rt_tablet_paddings=&#8220;,,,&#8220; rt_tablet_wrapper_paddings=&#8220;,,,&#8220; rt_sp_margins=&#8220;,&#8220; rt_sp_paddings=&#8220;,,,&#8220; rt_sp_wrapper_paddings=&#8220;,,,&#8220; rt_bg_color=&#8220;&#8220; rt_bg_overlay_color=&#8220;&#8220; class=&#8220;buttonleft&#8220;]<div class=\"button_wrapper  alignright\"><a href=\"https:\/\/en.norcool.com\/\" target=\"_blank\" title=\"BESUCHEN SIE NORCOOL.COM\" class=\"button_  style-1 big rt-8766781\"><span><span>BESUCHEN SIE NORCOOL.COM<\/span><\/span><\/a><\/div>[\/vc_column][\/vc_row][vc_row rt_row_background_width=&#8220;fullwidth&#8220; rt_row_content_width=&#8220;fullwidth&#8220; rt_row_style=&#8220;default-style&#8220; rt_row_height=&#8220;&#8220; rt_column_gaps=&#8220;&#8220; rt_row_shadows=&#8220;&#8220; rt_row_borders=&#8220;&#8220; rt_bg_effect=&#8220;classic&#8220; rt_bg_image_repeat=&#8220;repeat&#8220; rt_bg_size=&#8220;cover&#8220; rt_bg_position=&#8220;right top&#8220; rt_bg_attachment=&#8220;scroll&#8220; rt_bg_layer=&#8220;&#8220; rt_bg_video_format=&#8220;self-hosted&#8220; rt_class=&#8220;rt-4755808&#8243; rt_paddings=&#8220;25,50,,&#8220; rt_margins=&#8220;,,60,60&#8243; rt_content_margins=&#8220;,,,&#8220; rt_tablet_paddings=&#8220;,,,&#8220; rt_tablet_margins=&#8220;,,30,30&#8243; rt_tablet_content_margins=&#8220;,,,&#8220; rt_sp_paddings=&#8220;35,15,,&#8220; rt_sp_margins=&#8220;,,10,10&#8243; rt_sp_content_margins=&#8220;,,,&#8220;][vc_column css_animation=&#8220;fadeInUp&#8220; width=&#8220;1\/3&#8243; rt_bg_effect=&#8220;classic&#8220; rt_bg_image_repeat=&#8220;repeat&#8220; rt_bg_size=&#8220;auto auto&#8220; rt_bg_position=&#8220;right top&#8220; rt_bg_attachment=&#8220;scroll&#8220; rt_class=&#8220;rt-6862718&#8243; class=&#8220;banner3&#8243; rt_margins=&#8220;,&#8220; rt_paddings=&#8220;,,0,0&#8243; rt_wrapper_paddings=&#8220;,,,&#8220; rt_tablet_margins=&#8220;,20&#8243; rt_tablet_paddings=&#8220;,,,&#8220; rt_tablet_wrapper_paddings=&#8220;,,,&#8220; rt_sp_margins=&#8220;,20&#8243; rt_sp_paddings=&#8220;,,,&#8220; rt_sp_wrapper_paddings=&#8220;,,,&#8220; rt_bg_color=&#8220;&#8220; rt_bg_overlay_color=&#8220;&#8220;][vc_single_image image=&#8220;3448&#8243; img_size=&#8220;full&#8220; alignment=&#8220;center&#8220; css=&#8220;&#8220;]<div class=\"rt-heading-wrapper text-center rt-3066994\">\n\t\t\t\t\t\t<h3 class=\"rt-heading\" >DRAWER FRIDGE<\/h3>\n\t\t\t\t\t<\/div>[vc_raw_html css=&#8220;&#8220;]JTNDYSUyMGhyZWYlM0QlMjJodHRwcyUzQSUyRiUyRmVuLm5vcmNvb2wuY29tJTJGcHJvZHVjdCUyRmRyYXdlci1mcmlkZ2UlMkYlMjIlMjB0YXJnZXQlM0QlMjJfYmxhbmslMjIlM0VhJTNDJTJGYSUzRQ==[\/vc_raw_html][\/vc_column][vc_column css_animation=&#8220;fadeInUp&#8220; width=&#8220;1\/3&#8243; rt_bg_effect=&#8220;classic&#8220; rt_bg_image_repeat=&#8220;repeat&#8220; rt_bg_size=&#8220;auto auto&#8220; rt_bg_position=&#8220;right top&#8220; rt_bg_attachment=&#8220;scroll&#8220; rt_class=&#8220;rt-2707282&#8243; class=&#8220;banner3&#8243; rt_margins=&#8220;,&#8220; rt_paddings=&#8220;,,0,0&#8243; rt_wrapper_paddings=&#8220;,,,&#8220; rt_tablet_margins=&#8220;,20&#8243; rt_tablet_paddings=&#8220;,,,&#8220; rt_tablet_wrapper_paddings=&#8220;,,,&#8220; rt_sp_margins=&#8220;,20&#8243; rt_sp_paddings=&#8220;,,,&#8220; rt_sp_wrapper_paddings=&#8220;,,,&#8220; rt_bg_color=&#8220;&#8220; rt_bg_overlay_color=&#8220;&#8220;][vc_single_image image=&#8220;3443&#8243; img_size=&#8220;full&#8220; alignment=&#8220;center&#8220; css=&#8220;&#8220;]<div class=\"rt-heading-wrapper text-center rt-3673572\">\n\t\t\t\t\t\t<h3 class=\"rt-heading\" >WINE DRAWER<\/h3>\n\t\t\t\t\t<\/div>[vc_raw_html css=&#8220;&#8220;]JTNDYSUyMGhyZWYlM0QlMjJodHRwcyUzQSUyRiUyRmVuLm5vcmNvb2wuY29tJTJGcHJvZHVjdCUyRndpbmUtZHJhd2VyJTJGJTIyJTIwdGFyZ2V0JTNEJTIyX2JsYW5rJTIyJTNFYSUzQyUyRmElM0U=[\/vc_raw_html][\/vc_column][vc_column css_animation=&#8220;fadeInUp&#8220; width=&#8220;1\/3&#8243; rt_bg_effect=&#8220;classic&#8220; rt_bg_image_repeat=&#8220;repeat&#8220; rt_bg_size=&#8220;auto auto&#8220; rt_bg_position=&#8220;center center&#8220; rt_bg_attachment=&#8220;scroll&#8220; rt_class=&#8220;rt-4307073&#8243; rt_margins=&#8220;,&#8220; rt_paddings=&#8220;,,0,0&#8243; rt_wrapper_paddings=&#8220;,,,&#8220; rt_tablet_margins=&#8220;,20&#8243; rt_tablet_paddings=&#8220;,,,&#8220; rt_tablet_wrapper_paddings=&#8220;,,,&#8220; rt_sp_margins=&#8220;,20&#8243; rt_sp_paddings=&#8220;,,,&#8220; rt_sp_wrapper_paddings=&#8220;,,,&#8220; rt_bg_color=&#8220;&#8220; rt_bg_overlay_color=&#8220;&#8220; class=&#8220;banner3&#8243;][vc_single_image image=&#8220;3470&#8243; img_size=&#8220;full&#8220; alignment=&#8220;center&#8220; css=&#8220;&#8220;]<div class=\"rt-heading-wrapper text-center rt-6430275\">\n\t\t\t\t\t\t<h3 class=\"rt-heading\" >DRAWER FREEZER<\/h3>\n\t\t\t\t\t<\/div>[vc_raw_html css=&#8220;&#8220;]JTNDYSUyMGhyZWYlM0QlMjJodHRwcyUzQSUyRiUyRmVuLm5vcmNvb2wuY29tJTJGcHJvZHVjdCUyRmRyYXdlci1mcmVlemVyJTJGJTIyJTIwdGFyZ2V0JTNEJTIyX2JsYW5rJTIyJTNFYSUzQyUyRmElM0U=[\/vc_raw_html][\/vc_column][\/vc_row][vc_row disable_element=&#8220;yes&#8220; rt_row_background_width=&#8220;fullwidth&#8220; rt_row_content_width=&#8220;default&#8220; rt_row_style=&#8220;default-style&#8220; rt_row_height=&#8220;&#8220; rt_column_view=&#8220;equal_heights&#8220; rt_column_gaps=&#8220;&#8220; rt_row_shadows=&#8220;&#8220; rt_row_borders=&#8220;&#8220; rt_bg_effect=&#8220;classic&#8220; rt_bg_image_repeat=&#8220;repeat&#8220; rt_bg_size=&#8220;cover&#8220; rt_bg_position=&#8220;right top&#8220; rt_bg_attachment=&#8220;scroll&#8220; rt_bg_layer=&#8220;&#8220; rt_bg_video_format=&#8220;self-hosted&#8220; rt_class=&#8220;rt-4314126&#8243; rt_paddings=&#8220;75,75,,&#8220; rt_margins=&#8220;,,,&#8220; rt_content_margins=&#8220;,,,&#8220; rt_tablet_paddings=&#8220;,,,&#8220; rt_tablet_margins=&#8220;,,,&#8220; rt_tablet_content_margins=&#8220;,,,&#8220; rt_sp_paddings=&#8220;,,,&#8220; rt_sp_margins=&#8220;,,,&#8220; rt_sp_content_margins=&#8220;,,,&#8220; rt_bg_color=&#8220;#1d1d1d&#8220;][vc_column css_animation=&#8220;fadeInUp&#8220; rt_bg_effect=&#8220;classic&#8220; rt_bg_image_repeat=&#8220;repeat&#8220; rt_bg_size=&#8220;auto auto&#8220; rt_bg_position=&#8220;right top&#8220; rt_bg_attachment=&#8220;scroll&#8220; rt_class=&#8220;rt-5017139&#8243; rt_margins=&#8220;,&#8220; rt_paddings=&#8220;,35,0,0&#8243; rt_wrapper_paddings=&#8220;,,,&#8220; rt_tablet_margins=&#8220;,&#8220; rt_tablet_paddings=&#8220;,,,&#8220; rt_tablet_wrapper_paddings=&#8220;,,,&#8220; rt_sp_margins=&#8220;,&#8220; rt_sp_paddings=&#8220;,,,&#8220; rt_sp_wrapper_paddings=&#8220;,,,&#8220; rt_bg_color=&#8220;&#8220; rt_bg_overlay_color=&#8220;&#8220;][vc_column_text css=&#8220;&#8220;]<\/p>\n<h2 style=\"margin-top: 0px; color: white; text-align: center;\">MET EEN KOELKAST VAN <span style=\"color: #0d49a4;\">IOMABE<\/span> KIEST U VOOR<\/h2>\n<p>[\/vc_column_text][\/vc_column][vc_column css_animation=&#8220;fadeInUp&#8220; width=&#8220;1\/3&#8243; rt_bg_effect=&#8220;classic&#8220; rt_bg_image_repeat=&#8220;repeat&#8220; rt_bg_size=&#8220;auto auto&#8220; rt_bg_position=&#8220;right top&#8220; rt_bg_attachment=&#8220;scroll&#8220; css=&#8220;.vc_custom_1739440393949{border-top-width: 1px !important;border-right-width: 1px !important;border-bottom-width: 1px !important;border-left-width: 1px !important;border-left-style: solid !important;border-right-style: solid !important;border-top-style: solid !important;border-bottom-style: solid !important;border-color: #4a4a4a !important;}&#8220; rt_class=&#8220;rt-4769787&#8243; rt_margins=&#8220;,&#8220; rt_paddings=&#8220;35,35,35,35&#8243; rt_wrapper_paddings=&#8220;,,,&#8220; rt_tablet_margins=&#8220;,&#8220; rt_tablet_paddings=&#8220;,,,&#8220; rt_tablet_wrapper_paddings=&#8220;,,,&#8220; rt_sp_margins=&#8220;,&#8220; rt_sp_paddings=&#8220;,,,&#8220; rt_sp_wrapper_paddings=&#8220;,,,&#8220; rt_bg_color=&#8220;&#8220; rt_bg_overlay_color=&#8220;&#8220;][vc_column_text css=&#8220;&#8220;]<\/p>\n<h2 style=\"color: white; margin-top: 0px;\">HARMONIE<\/h2>\n<p><span style=\"color: white;\">Het tijdloze design, kan moeiteloos in elke ruimte toegepast worden. Of u nu kiest voor vrijstaand of inbouw.<\/span>[\/vc_column_text][\/vc_column][vc_column css_animation=&#8220;fadeInUp&#8220; width=&#8220;1\/3&#8243; rt_bg_effect=&#8220;classic&#8220; rt_bg_image_repeat=&#8220;repeat&#8220; rt_bg_size=&#8220;auto auto&#8220; rt_bg_position=&#8220;right top&#8220; rt_bg_attachment=&#8220;scroll&#8220; css=&#8220;.vc_custom_1739440398763{border-top-width: 1px !important;border-right-width: 1px !important;border-bottom-width: 1px !important;border-left-width: 1px !important;border-left-style: solid !important;border-right-style: solid !important;border-top-style: solid !important;border-bottom-style: solid !important;border-color: #4a4a4a !important;}&#8220; rt_class=&#8220;rt-2844771&#8243; rt_margins=&#8220;,&#8220; rt_paddings=&#8220;35,35,35,35&#8243; rt_wrapper_paddings=&#8220;,,,&#8220; rt_tablet_margins=&#8220;,&#8220; rt_tablet_paddings=&#8220;,,,&#8220; rt_tablet_wrapper_paddings=&#8220;,,,&#8220; rt_sp_margins=&#8220;,&#8220; rt_sp_paddings=&#8220;,,,&#8220; rt_sp_wrapper_paddings=&#8220;,,,&#8220; rt_bg_color=&#8220;&#8220; rt_bg_overlay_color=&#8220;&#8220;][vc_column_text css=&#8220;&#8220;]<\/p>\n<h2 style=\"color: white; margin-top: 0px;\">BALANS<\/h2>\n<p><span style=\"color: white;\">Design en functionaliteiten zijn altijd perfect op elkaar afgestemd en zorgen voor een prima balans.<\/span>[\/vc_column_text][\/vc_column][vc_column css_animation=&#8220;fadeInUp&#8220; width=&#8220;1\/3&#8243; rt_bg_effect=&#8220;classic&#8220; rt_bg_image_repeat=&#8220;repeat&#8220; rt_bg_size=&#8220;auto auto&#8220; rt_bg_position=&#8220;right top&#8220; rt_bg_attachment=&#8220;scroll&#8220; css=&#8220;.vc_custom_1739440403657{border-top-width: 1px !important;border-right-width: 1px !important;border-bottom-width: 1px !important;border-left-width: 1px !important;border-left-style: solid !important;border-right-style: solid !important;border-top-style: solid !important;border-bottom-style: solid !important;border-color: #4a4a4a !important;}&#8220; rt_class=&#8220;rt-5880074&#8243; rt_margins=&#8220;,&#8220; rt_paddings=&#8220;35,35,35,35&#8243; rt_wrapper_paddings=&#8220;,,,&#8220; rt_tablet_margins=&#8220;,&#8220; rt_tablet_paddings=&#8220;,,,&#8220; rt_tablet_wrapper_paddings=&#8220;,,,&#8220; rt_sp_margins=&#8220;,&#8220; rt_sp_paddings=&#8220;,,,&#8220; rt_sp_wrapper_paddings=&#8220;,,,&#8220; rt_bg_color=&#8220;&#8220; rt_bg_overlay_color=&#8220;&#8220;][vc_column_text css=&#8220;&#8220;]<\/p>\n<h2 style=\"color: white; margin-top: 0px;\">EENVOUD<\/h2>\n<p><span style=\"color: white;\">Mooi in zijn eenvoud. De koelkasten van Iomabe zijn uitermate gebruiksvriendelijk.<\/span>[\/vc_column_text][\/vc_column][\/vc_row][vc_row rt_row_background_width=&#8220;fullwidth&#8220; rt_row_content_width=&#8220;default&#8220; rt_row_style=&#8220;default-style&#8220; rt_row_height=&#8220;&#8220; rt_column_gaps=&#8220;&#8220; rt_row_shadows=&#8220;&#8220; rt_row_borders=&#8220;&#8220; rt_bg_effect=&#8220;parallax&#8220; rt_bg_parallax_effect=&#8220;3&#8243; rt_bg_image_repeat=&#8220;no-repeat&#8220; rt_bg_size=&#8220;cover&#8220; rt_bg_position=&#8220;center center&#8220; rt_bg_layer=&#8220;&#8220; rt_bg_video_format=&#8220;self-hosted&#8220; rt_class=&#8220;rt-4653296&#8243; rt_paddings=&#8220;,,,&#8220; rt_margins=&#8220;,,,&#8220; rt_content_margins=&#8220;,,,&#8220; rt_tablet_paddings=&#8220;,,,&#8220; rt_tablet_margins=&#8220;,,,&#8220; rt_tablet_content_margins=&#8220;,,,&#8220; rt_sp_paddings=&#8220;,,,&#8220; rt_sp_margins=&#8220;,,,&#8220; rt_sp_content_margins=&#8220;,,,&#8220; rt_bg_image=&#8220;3558&#8243;][vc_column rt_bg_effect=&#8220;classic&#8220; rt_bg_image_repeat=&#8220;repeat&#8220; rt_bg_size=&#8220;auto auto&#8220; rt_bg_position=&#8220;right top&#8220; rt_bg_attachment=&#8220;scroll&#8220; rt_class=&#8220;rt-1926817&#8243; rt_margins=&#8220;,&#8220; rt_paddings=&#8220;,,,&#8220; rt_wrapper_paddings=&#8220;,,,&#8220; rt_tablet_margins=&#8220;,&#8220; rt_tablet_paddings=&#8220;,,,&#8220; rt_tablet_wrapper_paddings=&#8220;,,,&#8220; rt_sp_margins=&#8220;,&#8220; rt_sp_paddings=&#8220;,,,&#8220; rt_sp_wrapper_paddings=&#8220;,,,&#8220; rt_min_height=&#8220;300px&#8220; rt_bg_color=&#8220;&#8220; rt_bg_overlay_color=&#8220;&#8220;][\/vc_column][\/vc_row]<\/p>\n","protected":false},"excerpt":{"rendered":"<p>[vc_row rt_row_background_width=&#8220;fullwidth&#8220; rt_row_content_width=&#8220;fullwidth&#8220; rt_row_style=&#8220;default-style&#8220; rt_row_height=&#8220;&#8220; rt_column_placement=&#8220;middle&#8220; rt_column_view=&#8220;equal_heights&#8220; rt_column_gaps=&#8220;&#8220; rt_row_shadows=&#8220;&#8220; rt_row_borders=&#8220;&#8220; rt_bg_effect=&#8220;classic&#8220; rt_bg_image_repeat=&#8220;repeat&#8220; rt_bg_size=&#8220;cover&#8220; rt_bg_position=&#8220;right top&#8220; rt_bg_attachment=&#8220;scroll&#8220; rt_bg_layer=&#8220;&#8220; rt_bg_video_format=&#8220;self-hosted&#8220; rt_class=&#8220;rt-8657465&#8243; rt_paddings=&#8220;25,75,60,60&#8243; rt_margins=&#8220;,,,&#8220; rt_content_margins=&#8220;,,,&#8220; rt_tablet_paddings=&#8220;,,30,30&#8243; rt_tablet_margins=&#8220;,,,&#8220; rt_tablet_content_margins=&#8220;,,,&#8220; rt_sp_paddings=&#8220;,,10,10&#8243; rt_sp_margins=&#8220;,,,&#8220; rt_sp_content_margins=&#8220;,,,&#8220; rt_bg_color=&#8220;#1d1d1d&#8220;][vc_column css_animation=&#8220;fadeInUp&#8220; width=&#8220;1\/2&#8243; rt_bg_effect=&#8220;classic&#8220; rt_bg_image_repeat=&#8220;repeat&#8220; rt_bg_size=&#8220;auto auto&#8220; rt_bg_position=&#8220;right top&#8220; rt_bg_attachment=&#8220;scroll&#8220; rt_class=&#8220;rt-2197675&#8243; rt_margins=&#8220;,&#8220; rt_paddings=&#8220;,,,&#8220; rt_wrapper_paddings=&#8220;,,,&#8220; rt_tablet_margins=&#8220;,&#8220; rt_tablet_paddings=&#8220;,,,&#8220; rt_tablet_wrapper_paddings=&#8220;,,,&#8220; rt_sp_margins=&#8220;,&#8220; rt_sp_paddings=&#8220;,,,&#8220; rt_sp_wrapper_paddings=&#8220;,,,&#8220; rt_bg_color=&#8220;&#8220; rt_bg_overlay_color=&#8220;&#8220; class=&#8220;kolomlinks&#8220;][vc_single_image image=&#8220;3425&#8243; img_size=&#8220;248&#215;83&#8243; css=&#8220;&#8220;][vc_column_text css=&#8220;.vc_custom_1769095626607{margin-bottom: [&hellip;]<\/p>\n","protected":false},"author":1,"featured_media":0,"parent":0,"menu_order":0,"comment_status":"closed","ping_status":"closed","template":"","meta":{"inline_featured_image":false,"footnotes":""},"class_list":["post-3801","page","type-page","status-publish","hentry"],"_links":{"self":[{"href":"https:\/\/www.american-appliances.eu\/de\/wp-json\/wp\/v2\/pages\/3801","targetHints":{"allow":["GET"]}}],"collection":[{"href":"https:\/\/www.american-appliances.eu\/de\/wp-json\/wp\/v2\/pages"}],"about":[{"href":"https:\/\/www.american-appliances.eu\/de\/wp-json\/wp\/v2\/types\/page"}],"author":[{"embeddable":true,"href":"https:\/\/www.american-appliances.eu\/de\/wp-json\/wp\/v2\/users\/1"}],"replies":[{"embeddable":true,"href":"https:\/\/www.american-appliances.eu\/de\/wp-json\/wp\/v2\/comments?post=3801"}],"version-history":[{"count":1,"href":"https:\/\/www.american-appliances.eu\/de\/wp-json\/wp\/v2\/pages\/3801\/revisions"}],"predecessor-version":[{"id":3802,"href":"https:\/\/www.american-appliances.eu\/de\/wp-json\/wp\/v2\/pages\/3801\/revisions\/3802"}],"wp:attachment":[{"href":"https:\/\/www.american-appliances.eu\/de\/wp-json\/wp\/v2\/media?parent=3801"}],"curies":[{"name":"wp","href":"https:\/\/api.w.org\/{rel}","templated":true}]}}