{"id":2927,"date":"2025-02-03T10:06:15","date_gmt":"2025-02-03T10:06:15","guid":{"rendered":"https:\/\/www.vanoo21.nl\/?page_id=2927"},"modified":"2025-06-02T11:00:27","modified_gmt":"2025-06-02T11:00:27","slug":"caso-design","status":"publish","type":"page","link":"https:\/\/www.american-appliances.eu\/de\/caso-design\/","title":{"rendered":"CASO DESIGN"},"content":{"rendered":"<p>[vc_row rt_row_background_width=&#8220;fullwidth&#8220; rt_row_content_width=&#8220;fullwidth&#8220; rt_row_style=&#8220;default-style&#8220; rt_row_height=&#8220;&#8220; rt_column_placement=&#8220;middle&#8220; rt_column_view=&#8220;equal_heights&#8220; rt_column_gaps=&#8220;&#8220; rt_row_shadows=&#8220;&#8220; rt_row_borders=&#8220;&#8220; rt_bg_effect=&#8220;classic&#8220; rt_bg_image_repeat=&#8220;repeat&#8220; rt_bg_size=&#8220;cover&#8220; rt_bg_position=&#8220;right top&#8220; rt_bg_attachment=&#8220;scroll&#8220; rt_bg_layer=&#8220;&#8220; rt_bg_video_format=&#8220;self-hosted&#8220; rt_class=&#8220;rt-3473383&#8243; rt_paddings=&#8220;25,25,60,60&#8243; rt_margins=&#8220;,,,&#8220; rt_content_margins=&#8220;,,,&#8220; rt_tablet_paddings=&#8220;,,30,30&#8243; rt_tablet_margins=&#8220;,,,&#8220; rt_tablet_content_margins=&#8220;,,,&#8220; rt_sp_paddings=&#8220;,,10,10&#8243; rt_sp_margins=&#8220;,,,&#8220; rt_sp_content_margins=&#8220;,,,&#8220; rt_bg_color=&#8220;#1d1d1d&#8220;][vc_column css_animation=&#8220;fadeInUp&#8220; width=&#8220;1\/2&#8243; rt_bg_effect=&#8220;classic&#8220; rt_bg_image_repeat=&#8220;repeat&#8220; rt_bg_size=&#8220;auto auto&#8220; rt_bg_position=&#8220;right top&#8220; rt_bg_attachment=&#8220;scroll&#8220; rt_class=&#8220;rt-1473887&#8243; rt_margins=&#8220;,&#8220; rt_paddings=&#8220;,,,&#8220; rt_wrapper_paddings=&#8220;,,,&#8220; rt_tablet_margins=&#8220;,&#8220; rt_tablet_paddings=&#8220;,,,&#8220; rt_tablet_wrapper_paddings=&#8220;,,,&#8220; rt_sp_margins=&#8220;,&#8220; rt_sp_paddings=&#8220;,,,&#8220; rt_sp_wrapper_paddings=&#8220;,,,&#8220; rt_bg_color=&#8220;&#8220; rt_bg_overlay_color=&#8220;&#8220; class=&#8220;kolomlinks&#8220;][vc_single_image image=&#8220;1442&#8243; img_size=&#8220;248&#215;83&#8243; css=&#8220;&#8220;][vc_column_text css=&#8220;.vc_custom_1744209467408{margin-bottom: 25px !important;}&#8220;]<span style=\"color: white;\">In der heutigen K\u00fcche, in der \u00c4sthetik und Effizienz Hand in Hand gehen, spielt Caso Design eine herausragende Rolle. Die deutsche Marke hat sich als f\u00fchrender Anbieter innovativer K\u00fcchenger\u00e4te etabliert und verbindet dabei nahtlos einen starken Fokus auf Design mit hochwertiger Funktionalit\u00e4t. Caso Design setzt mit seinen fortschrittlichen Push-to-open-Einbau-Weink\u00fchlschr\u00e4nken neue Ma\u00dfst\u00e4be in der Welt der Weinkonservierung. Diese Ger\u00e4te vereinen nahtloses Design mit Funktionalit\u00e4t und bieten Weinliebhabern das ultimative Erlebnis.<\/span><\/p>\n<p><span style=\"color: white;\">Charakteristisch f\u00fcr diese Weink\u00fchlschr\u00e4nke ist die Push-to-open-Technologie, bei der sich die T\u00fcren mit einer leichten Ber\u00fchrung m\u00fchelos \u00f6ffnen. Diese Innovation verst\u00e4rkt nicht nur das Gef\u00fchl von Luxus, sondern tr\u00e4gt auch zu einem schlanken und minimalistischen K\u00fcchendesign bei, indem sie auf Griffe verzichtet. Die Aufrechterhaltung der perfekten Weinbedingungen ist f\u00fcr Caso Design von zentraler Bedeutung. Die eingebauten Weink\u00fchlschr\u00e4nke sind mit einer fortschrittlichen Temperaturregelung und Feuchtigkeitsregelung ausgestattet, die sicherstellt, dass jede Flasche unter optimalen Bedingungen gelagert wird. Dadurch wird sichergestellt, dass der Geschmack und die Qualit\u00e4t des Weines vollst\u00e4ndig erhalten bleiben.<\/span><\/p>\n<p><span style=\"color: white;\">Neben ihrer technologischen \u00dcberlegenheit zeichnen sich die Weink\u00fchlschr\u00e4nke von Caso Design durch ihr elegantes Design aus. Die klaren Linien, die hochwertigen Materialien und die dezent dimmbare LED-Beleuchtung schaffen eine optisch ansprechende Pr\u00e4sentation Ihrer Weinsammlung. Die Einbaum\u00f6glichkeiten sorgen daf\u00fcr, dass sich der Weinklimaschrank perfekt in jede moderne K\u00fcche integriert.<\/span><\/p>\n<p><span style=\"color: white;\">Das Engagement von Caso Design f\u00fcr Innovation und Qualit\u00e4t macht diese Push-to-Open-Einbau-Weink\u00fchlschr\u00e4nke zu einer unverzichtbaren Bereicherung f\u00fcr den ernsthaften Weinliebhaber. Die Marke ist weiterhin bestrebt, Produkte anzubieten, die nicht nur funktional \u00fcberlegen sind, sondern auch das Interieur bereichern.<\/span><\/p>\n<p><span style=\"color: white;\">Dar\u00fcber hinaus zeichnet sich Caso Design dadurch aus, dass es eine breite Palette von Produkten anbietet, die den Anforderungen des modernen Verbrauchers gerecht werden. Von eleganten freistehenden Weink\u00fchlschr\u00e4nken, die Ihre wertvolle Sammlung perfekt aufbewahren, \u00fcber fortschrittliche Vakuumierer, die die Frische von Lebensmitteln optimieren, bis hin zu leistungsstarken Induktionskochfeldern, die das Kochen zu einer effizienten Kunst machen. Das Sortiment von Caso Design ist vielf\u00e4ltig und durchdacht, mit der klaren Vision, das kulinarische Erlebnis zu vereinfachen und zu bereichern.<\/span>[\/vc_column_text][vc_raw_html css=&#8220;.vc_custom_1744209477846{margin-bottom: 25px !important;}&#8220;]JTNDZGl2JTIwY2xhc3MlM0QlMjJsYW5kZW4lMjIlM0UlMEElMjAlMjAlMjAlMjAlMjAlMjAlMjAlMjAlM0NzcGFuJTIwc3R5bGUlM0QlMjJjb2xvciUzQXdoaXRlJTNCJTIyJTNFRXhrbHVzaXZlciUyMEltcG9ydGV1ciUyMGYlQzMlQkNyJTNBJTNDJTJGc3BhbiUzRSUwQSUyMCUyMCUyMCUyMCUyMCUyMCUyMCUyMCUzQ2ltZyUyMHNyYyUzRCUyMiUyRndwLWNvbnRlbnQlMkZ1cGxvYWRzJTJGMjAyNSUyRjAzJTJGY2Fzby1sYW5kZW4ucG5nJTIyJTIwYWx0JTNEJTIyTG9nbyUyMiUzRSUwQSUyMCUyMCUyMCUyMCUzQyUyRmRpdiUzRQ==[\/vc_raw_html][\/vc_column][vc_column css_animation=&#8220;fadeInUp&#8220; width=&#8220;1\/2&#8243; rt_bg_effect=&#8220;classic&#8220; rt_bg_image_repeat=&#8220;no-repeat&#8220; rt_bg_size=&#8220;cover&#8220; rt_bg_position=&#8220;center center&#8220; rt_bg_attachment=&#8220;scroll&#8220; rt_class=&#8220;rt-3703043&#8243; rt_margins=&#8220;,&#8220; rt_paddings=&#8220;,,,&#8220; rt_wrapper_paddings=&#8220;,,,&#8220; rt_tablet_margins=&#8220;,&#8220; rt_tablet_paddings=&#8220;,,,&#8220; rt_tablet_wrapper_paddings=&#8220;,,,&#8220; rt_sp_margins=&#8220;,&#8220; rt_sp_paddings=&#8220;,,,&#8220; rt_sp_wrapper_paddings=&#8220;,,,&#8220; rt_bg_color=&#8220;&#8220; rt_bg_overlay_color=&#8220;&#8220; rt_min_height=&#8220;600px&#8220; class=&#8220;kaart&#8220;][vc_single_image image=&#8220;1445&#8243; img_size=&#8220;full&#8220; css=&#8220;&#8220;][\/vc_column][\/vc_row][vc_row css_animation=&#8220;fadeInUp&#8220; rt_row_background_width=&#8220;fullwidth&#8220; rt_row_content_width=&#8220;fullwidth&#8220; rt_row_style=&#8220;default-style&#8220; rt_row_height=&#8220;&#8220; rt_column_placement=&#8220;middle&#8220; rt_column_gaps=&#8220;&#8220; rt_row_shadows=&#8220;&#8220; rt_row_borders=&#8220;&#8220; rt_bg_effect=&#8220;classic&#8220; rt_bg_image_repeat=&#8220;repeat&#8220; rt_bg_size=&#8220;cover&#8220; rt_bg_position=&#8220;right top&#8220; rt_bg_attachment=&#8220;scroll&#8220; rt_bg_layer=&#8220;&#8220; rt_bg_video_format=&#8220;self-hosted&#8220; rt_class=&#8220;rt-3250604&#8243; rt_paddings=&#8220;75,0,,&#8220; rt_margins=&#8220;,,60,60&#8243; rt_content_margins=&#8220;,,,&#8220; rt_tablet_paddings=&#8220;,,,&#8220; rt_tablet_margins=&#8220;,,30,30&#8243; rt_tablet_content_margins=&#8220;,,,&#8220; rt_sp_paddings=&#8220;,,,&#8220; rt_sp_margins=&#8220;,,10,10&#8243; rt_sp_content_margins=&#8220;,,,&#8220;][vc_column rt_bg_effect=&#8220;classic&#8220; rt_bg_image_repeat=&#8220;repeat&#8220; rt_bg_size=&#8220;auto auto&#8220; rt_bg_position=&#8220;right top&#8220; rt_bg_attachment=&#8220;scroll&#8220;][vc_column_text css=&#8220;&#8220;]<\/p>\n<h2 style=\"margin-top: 0px;\">Der Schub f\u00fcr offene Weink\u00fchlschr\u00e4nke von <span style=\"color: #0d49a4;\">CASO DESIGN<\/span><\/h2>\n<p>[\/vc_column_text][\/vc_column][\/vc_row][vc_row rt_row_background_width=&#8220;fullwidth&#8220; rt_row_content_width=&#8220;fullwidth&#8220; rt_row_style=&#8220;default-style&#8220; rt_row_height=&#8220;&#8220; rt_column_gaps=&#8220;&#8220; rt_row_shadows=&#8220;&#8220; rt_row_borders=&#8220;&#8220; rt_bg_effect=&#8220;classic&#8220; rt_bg_image_repeat=&#8220;repeat&#8220; rt_bg_size=&#8220;cover&#8220; rt_bg_position=&#8220;right top&#8220; rt_bg_attachment=&#8220;scroll&#8220; rt_bg_layer=&#8220;&#8220; rt_bg_video_format=&#8220;self-hosted&#8220; rt_class=&#8220;rt-4957016&#8243; rt_paddings=&#8220;25,75,,&#8220; rt_margins=&#8220;,,60,60&#8243; rt_content_margins=&#8220;,,,&#8220; rt_tablet_paddings=&#8220;,,,&#8220; rt_tablet_margins=&#8220;,,30,30&#8243; rt_tablet_content_margins=&#8220;,,,&#8220; rt_sp_paddings=&#8220;35,15,,&#8220; rt_sp_margins=&#8220;,,10,10&#8243; rt_sp_content_margins=&#8220;,,,&#8220;][vc_column css_animation=&#8220;fadeInUp&#8220; width=&#8220;1\/5&#8243; rt_bg_effect=&#8220;classic&#8220; rt_bg_image_repeat=&#8220;repeat&#8220; rt_bg_size=&#8220;auto auto&#8220; rt_bg_position=&#8220;right top&#8220; rt_bg_attachment=&#8220;scroll&#8220; rt_class=&#8220;rt-7990609&#8243; class=&#8220;banner&#8220; rt_margins=&#8220;,&#8220; rt_paddings=&#8220;,,0,0&#8243; rt_wrapper_paddings=&#8220;,,,&#8220; rt_tablet_margins=&#8220;,20&#8243; rt_tablet_paddings=&#8220;,,,&#8220; rt_tablet_wrapper_paddings=&#8220;,,,&#8220; rt_sp_margins=&#8220;,20&#8243; rt_sp_paddings=&#8220;,,,&#8220; rt_sp_wrapper_paddings=&#8220;,,,&#8220; rt_bg_color=&#8220;&#8220; rt_bg_overlay_color=&#8220;&#8220;][vc_single_image image=&#8220;1302&#8243; img_size=&#8220;full&#8220; alignment=&#8220;center&#8220; css=&#8220;&#8220;]<div class=\"rt-heading-wrapper text-center rt-9045673\">\n\t\t\t\t\t\t<h3 class=\"rt-heading\" >WineDeluxe WDU 36<\/h3>\n\t\t\t\t\t<\/div>[vc_raw_html css=&#8220;&#8220;]JTNDYSUyMGhyZWYlM0QlMjIlMkZwcm9kdWN0JTJGd2luZWRlbHV4ZS13ZHUtMzYlMkYlMjIlM0VhJTNDJTJGYSUzRQ==[\/vc_raw_html][\/vc_column][vc_column css_animation=&#8220;fadeInUp&#8220; width=&#8220;1\/5&#8243; rt_bg_effect=&#8220;classic&#8220; rt_bg_image_repeat=&#8220;repeat&#8220; rt_bg_size=&#8220;auto auto&#8220; rt_bg_position=&#8220;right top&#8220; rt_bg_attachment=&#8220;scroll&#8220; rt_class=&#8220;rt-1408691&#8243; class=&#8220;banner&#8220; rt_margins=&#8220;,&#8220; rt_paddings=&#8220;,,0,0&#8243; rt_wrapper_paddings=&#8220;,,,&#8220; rt_tablet_margins=&#8220;,20&#8243; rt_tablet_paddings=&#8220;,,,&#8220; rt_tablet_wrapper_paddings=&#8220;,,,&#8220; rt_sp_margins=&#8220;,20&#8243; rt_sp_paddings=&#8220;,,,&#8220; rt_sp_wrapper_paddings=&#8220;,,,&#8220; rt_bg_color=&#8220;&#8220; rt_bg_overlay_color=&#8220;&#8220;][vc_single_image image=&#8220;1303&#8243; img_size=&#8220;full&#8220; alignment=&#8220;center&#8220; css=&#8220;&#8220;]<div class=\"rt-heading-wrapper text-center rt-5668206\">\n\t\t\t\t\t\t<h3 class=\"rt-heading\" >WineDeluxe WD 24<\/h3>\n\t\t\t\t\t<\/div>[vc_raw_html css=&#8220;&#8220;]JTNDYSUyMGhyZWYlM0QlMjIlMkZwcm9kdWN0JTJGd2luZWRlbHV4ZS13ZC0yNCUyRiUyMiUzRWElM0MlMkZhJTNF[\/vc_raw_html][\/vc_column][vc_column css_animation=&#8220;fadeInUp&#8220; width=&#8220;1\/5&#8243; rt_bg_effect=&#8220;classic&#8220; rt_bg_image_repeat=&#8220;repeat&#8220; rt_bg_size=&#8220;auto auto&#8220; rt_bg_position=&#8220;right top&#8220; rt_bg_attachment=&#8220;scroll&#8220; rt_class=&#8220;rt-2097024&#8243; rt_margins=&#8220;,&#8220; rt_paddings=&#8220;,,0,0&#8243; rt_wrapper_paddings=&#8220;,,,&#8220; rt_tablet_margins=&#8220;,20&#8243; rt_tablet_paddings=&#8220;,,,&#8220; rt_tablet_wrapper_paddings=&#8220;,,,&#8220; rt_sp_margins=&#8220;,20&#8243; rt_sp_paddings=&#8220;,,,&#8220; rt_sp_wrapper_paddings=&#8220;,,,&#8220; rt_bg_color=&#8220;&#8220; rt_bg_overlay_color=&#8220;&#8220; class=&#8220;banner&#8220;][vc_single_image image=&#8220;1304&#8243; img_size=&#8220;full&#8220; alignment=&#8220;center&#8220; css=&#8220;&#8220;]<div class=\"rt-heading-wrapper text-center rt-3631280\">\n\t\t\t\t\t\t<h3 class=\"rt-heading\" >WineDeluxe WD 41<\/h3>\n\t\t\t\t\t<\/div>[vc_raw_html css=&#8220;&#8220;]JTNDYSUyMGhyZWYlM0QlMjIlMkZwcm9kdWN0JTJGd2luZWRlbHV4ZS13ZC00MSUyRiUyMiUzRWElM0MlMkZhJTNF[\/vc_raw_html][\/vc_column][vc_column css_animation=&#8220;fadeInUp&#8220; width=&#8220;1\/5&#8243; rt_bg_effect=&#8220;classic&#8220; rt_bg_image_repeat=&#8220;repeat&#8220; rt_bg_size=&#8220;auto auto&#8220; rt_bg_position=&#8220;right top&#8220; rt_bg_attachment=&#8220;scroll&#8220; rt_class=&#8220;rt-5095113&#8243; class=&#8220;banner&#8220; rt_margins=&#8220;,&#8220; rt_paddings=&#8220;,,0,0&#8243; rt_wrapper_paddings=&#8220;,,,&#8220; rt_tablet_margins=&#8220;,20&#8243; rt_tablet_paddings=&#8220;,,,&#8220; rt_tablet_wrapper_paddings=&#8220;,,,&#8220; rt_sp_margins=&#8220;,20&#8243; rt_sp_paddings=&#8220;,,,&#8220; rt_sp_wrapper_paddings=&#8220;,,,&#8220; rt_bg_color=&#8220;&#8220; rt_bg_overlay_color=&#8220;&#8220;][vc_single_image image=&#8220;1305&#8243; img_size=&#8220;full&#8220; alignment=&#8220;center&#8220; css=&#8220;&#8220;]<div class=\"rt-heading-wrapper text-center rt-2051926\">\n\t\t\t\t\t\t<h3 class=\"rt-heading\" >WineDeluxe WD 60<\/h3>\n\t\t\t\t\t<\/div>[vc_raw_html css=&#8220;&#8220;]JTNDYSUyMGhyZWYlM0QlMjIlMkZwcm9kdWN0JTJGd2luZWRlbHV4ZS13ZC02MCUyRiUyMiUzRWElM0MlMkZhJTNF[\/vc_raw_html][\/vc_column][vc_column css_animation=&#8220;fadeInUp&#8220; width=&#8220;1\/5&#8243; rt_bg_effect=&#8220;classic&#8220; rt_bg_image_repeat=&#8220;repeat&#8220; rt_bg_size=&#8220;auto auto&#8220; rt_bg_position=&#8220;center center&#8220; rt_bg_attachment=&#8220;scroll&#8220; rt_class=&#8220;rt-9728070&#8243; rt_margins=&#8220;,&#8220; rt_paddings=&#8220;,,0,0&#8243; rt_wrapper_paddings=&#8220;,,,&#8220; rt_tablet_margins=&#8220;,20&#8243; rt_tablet_paddings=&#8220;,,,&#8220; rt_tablet_wrapper_paddings=&#8220;,,,&#8220; rt_sp_margins=&#8220;,20&#8243; rt_sp_paddings=&#8220;,,,&#8220; rt_sp_wrapper_paddings=&#8220;,,,&#8220; rt_bg_color=&#8220;&#8220; rt_bg_overlay_color=&#8220;&#8220; class=&#8220;banner&#8220;][vc_single_image image=&#8220;1306&#8243; img_size=&#8220;full&#8220; alignment=&#8220;center&#8220; css=&#8220;&#8220;]<div class=\"rt-heading-wrapper text-center rt-9114802\">\n\t\t\t\t\t\t<h3 class=\"rt-heading\" >WineDeluxe WD 96<\/h3>\n\t\t\t\t\t<\/div>[vc_raw_html css=&#8220;&#8220;]JTNDYSUyMGhyZWYlM0QlMjIlMkZwcm9kdWN0JTJGd2luZWRlbHV4ZS13ZC05NiUyRiUyMiUzRWElM0MlMkZhJTNF[\/vc_raw_html][\/vc_column][\/vc_row][vc_row rt_row_background_width=&#8220;fullwidth&#8220; rt_row_content_width=&#8220;default&#8220; rt_row_style=&#8220;default-style&#8220; rt_row_height=&#8220;&#8220; rt_column_gaps=&#8220;&#8220; rt_row_shadows=&#8220;&#8220; rt_row_borders=&#8220;&#8220; rt_bg_effect=&#8220;parallax&#8220; rt_bg_parallax_effect=&#8220;3&#8243; rt_bg_image_repeat=&#8220;no-repeat&#8220; rt_bg_size=&#8220;cover&#8220; rt_bg_position=&#8220;center center&#8220; rt_bg_layer=&#8220;&#8220; rt_bg_video_format=&#8220;self-hosted&#8220; rt_class=&#8220;rt-2614202&#8243; rt_paddings=&#8220;,,,&#8220; rt_margins=&#8220;,,,&#8220; rt_content_margins=&#8220;,,,&#8220; rt_tablet_paddings=&#8220;,,,&#8220; rt_tablet_margins=&#8220;,,,&#8220; rt_tablet_content_margins=&#8220;,,,&#8220; rt_sp_paddings=&#8220;,,,&#8220; rt_sp_margins=&#8220;,,,&#8220; rt_sp_content_margins=&#8220;,,,&#8220; rt_bg_image=&#8220;1113&#8243;][vc_column rt_bg_effect=&#8220;classic&#8220; rt_bg_image_repeat=&#8220;repeat&#8220; rt_bg_size=&#8220;auto auto&#8220; rt_bg_position=&#8220;right top&#8220; rt_bg_attachment=&#8220;scroll&#8220; rt_class=&#8220;rt-1926817&#8243; rt_margins=&#8220;,&#8220; rt_paddings=&#8220;,,,&#8220; rt_wrapper_paddings=&#8220;,,,&#8220; rt_tablet_margins=&#8220;,&#8220; rt_tablet_paddings=&#8220;,,,&#8220; rt_tablet_wrapper_paddings=&#8220;,,,&#8220; rt_sp_margins=&#8220;,&#8220; rt_sp_paddings=&#8220;,,,&#8220; rt_sp_wrapper_paddings=&#8220;,,,&#8220; rt_min_height=&#8220;300px&#8220; rt_bg_color=&#8220;&#8220; rt_bg_overlay_color=&#8220;&#8220;][\/vc_column][\/vc_row][vc_row rt_row_background_width=&#8220;fullwidth&#8220; rt_row_content_width=&#8220;fullwidth&#8220; rt_row_style=&#8220;default-style&#8220; rt_row_height=&#8220;&#8220; rt_column_gaps=&#8220;&#8220; rt_row_shadows=&#8220;&#8220; rt_row_borders=&#8220;&#8220; rt_bg_effect=&#8220;classic&#8220; rt_bg_image_repeat=&#8220;repeat&#8220; rt_bg_size=&#8220;cover&#8220; rt_bg_position=&#8220;right top&#8220; rt_bg_attachment=&#8220;scroll&#8220; rt_bg_layer=&#8220;&#8220; rt_bg_video_format=&#8220;self-hosted&#8220; rt_class=&#8220;rt-4957016&#8243; rt_paddings=&#8220;25,75,,&#8220; rt_margins=&#8220;,,60,60&#8243; rt_content_margins=&#8220;,,,&#8220; rt_tablet_paddings=&#8220;,,,&#8220; rt_tablet_margins=&#8220;,,30,30&#8243; rt_tablet_content_margins=&#8220;,,,&#8220; rt_sp_paddings=&#8220;35,15,,&#8220; rt_sp_margins=&#8220;,,10,10&#8243; rt_sp_content_margins=&#8220;,,,&#8220;][vc_column css_animation=&#8220;fadeInUp&#8220; width=&#8220;1\/5&#8243; rt_bg_effect=&#8220;classic&#8220; rt_bg_image_repeat=&#8220;repeat&#8220; rt_bg_size=&#8220;auto auto&#8220; rt_bg_position=&#8220;right top&#8220; rt_bg_attachment=&#8220;scroll&#8220; rt_class=&#8220;rt-7990609&#8243; class=&#8220;banner&#8220; rt_margins=&#8220;,&#8220; rt_paddings=&#8220;,,0,0&#8243; rt_wrapper_paddings=&#8220;,,,&#8220; rt_tablet_margins=&#8220;,20&#8243; rt_tablet_paddings=&#8220;,,,&#8220; rt_tablet_wrapper_paddings=&#8220;,,,&#8220; rt_sp_margins=&#8220;,20&#8243; rt_sp_paddings=&#8220;,,,&#8220; rt_sp_wrapper_paddings=&#8220;,,,&#8220; rt_bg_color=&#8220;&#8220; rt_bg_overlay_color=&#8220;&#8220;][vc_single_image image=&#8220;97&#8243; img_size=&#8220;full&#8220; alignment=&#8220;center&#8220; css=&#8220;&#8220;]<div class=\"rt-heading-wrapper text-center rt-5240596\">\n\t\t\t\t\t\t<h3 class=\"rt-heading\" >Weink\u00fchlschr\u00e4nke<\/h3>\n\t\t\t\t\t<\/div>[vc_raw_html css=&#8220;&#8220;]JTNDYSUyMGhyZWYlM0QlMjIlMkZkZSUyRnByb2R1Y3QtY2F0ZWdvcmllJTJGd2Vpbmt1ZWhsc2NocmFlbmtlJTJGJTIyJTNFYSUzQyUyRmElM0U=[\/vc_raw_html][\/vc_column][vc_column css_animation=&#8220;fadeInUp&#8220; width=&#8220;1\/5&#8243; rt_bg_effect=&#8220;classic&#8220; rt_bg_image_repeat=&#8220;repeat&#8220; rt_bg_size=&#8220;auto auto&#8220; rt_bg_position=&#8220;right top&#8220; rt_bg_attachment=&#8220;scroll&#8220; rt_class=&#8220;rt-1408691&#8243; class=&#8220;banner&#8220; rt_margins=&#8220;,&#8220; rt_paddings=&#8220;,,0,0&#8243; rt_wrapper_paddings=&#8220;,,,&#8220; rt_tablet_margins=&#8220;,20&#8243; rt_tablet_paddings=&#8220;,,,&#8220; rt_tablet_wrapper_paddings=&#8220;,,,&#8220; rt_sp_margins=&#8220;,20&#8243; rt_sp_paddings=&#8220;,,,&#8220; rt_sp_wrapper_paddings=&#8220;,,,&#8220; rt_bg_color=&#8220;&#8220; rt_bg_overlay_color=&#8220;&#8220;][vc_single_image image=&#8220;98&#8243; img_size=&#8220;full&#8220; alignment=&#8220;center&#8220; css=&#8220;&#8220;]<div class=\"rt-heading-wrapper text-center rt-7257878\">\n\t\t\t\t\t\t<h3 class=\"rt-heading\" >Reifeschr\u00e4nke<\/h3>\n\t\t\t\t\t<\/div>[vc_raw_html css=&#8220;&#8220;]JTNDYSUyMGhyZWYlM0QlMjIlMkZkZSUyRnByb2R1Y3QtY2F0ZWdvcmllJTJGcmVpZmVzY2hyYWVua2UlMkYlMjIlM0VhJTNDJTJGYSUzRQ==[\/vc_raw_html][\/vc_column][vc_column css_animation=&#8220;fadeInUp&#8220; width=&#8220;1\/5&#8243; rt_bg_effect=&#8220;classic&#8220; rt_bg_image_repeat=&#8220;repeat&#8220; rt_bg_size=&#8220;auto auto&#8220; rt_bg_position=&#8220;right top&#8220; rt_bg_attachment=&#8220;scroll&#8220; rt_class=&#8220;rt-2097024&#8243; rt_margins=&#8220;,&#8220; rt_paddings=&#8220;,,0,0&#8243; rt_wrapper_paddings=&#8220;,,,&#8220; rt_tablet_margins=&#8220;,20&#8243; rt_tablet_paddings=&#8220;,,,&#8220; rt_tablet_wrapper_paddings=&#8220;,,,&#8220; rt_sp_margins=&#8220;,20&#8243; rt_sp_paddings=&#8220;,,,&#8220; rt_sp_wrapper_paddings=&#8220;,,,&#8220; rt_bg_color=&#8220;&#8220; rt_bg_overlay_color=&#8220;&#8220; class=&#8220;banner&#8220;][vc_single_image image=&#8220;96&#8243; img_size=&#8220;full&#8220; alignment=&#8220;center&#8220; css=&#8220;&#8220;]<div class=\"rt-heading-wrapper text-center rt-3877186\">\n\t\t\t\t\t\t<h3 class=\"rt-heading\" >Sound &amp; Cool <\/h3>\n\t\t\t\t\t<\/div>[vc_raw_html css=&#8220;&#8220;]JTNDYSUyMGhyZWYlM0QlMjIlMkZkZSUyRnByb2R1Y3QtY2F0ZWdvcmllJTJGc291bmQtY29vbCUyRiUyMiUzRWElM0MlMkZhJTNF[\/vc_raw_html][\/vc_column][vc_column css_animation=&#8220;fadeInUp&#8220; width=&#8220;1\/5&#8243; rt_bg_effect=&#8220;classic&#8220; rt_bg_image_repeat=&#8220;repeat&#8220; rt_bg_size=&#8220;auto auto&#8220; rt_bg_position=&#8220;right top&#8220; rt_bg_attachment=&#8220;scroll&#8220; rt_class=&#8220;rt-5095113&#8243; class=&#8220;banner&#8220; rt_margins=&#8220;,&#8220; rt_paddings=&#8220;,,0,0&#8243; rt_wrapper_paddings=&#8220;,,,&#8220; rt_tablet_margins=&#8220;,20&#8243; rt_tablet_paddings=&#8220;,,,&#8220; rt_tablet_wrapper_paddings=&#8220;,,,&#8220; rt_sp_margins=&#8220;,20&#8243; rt_sp_paddings=&#8220;,,,&#8220; rt_sp_wrapper_paddings=&#8220;,,,&#8220; rt_bg_color=&#8220;&#8220; rt_bg_overlay_color=&#8220;&#8220;][vc_single_image image=&#8220;95&#8243; img_size=&#8220;full&#8220; alignment=&#8220;center&#8220; css=&#8220;&#8220;]<div class=\"rt-heading-wrapper text-center rt-7211153\">\n\t\t\t\t\t\t<h3 class=\"rt-heading\" >Induktion<\/h3>\n\t\t\t\t\t<\/div>[vc_raw_html css=&#8220;&#8220;]JTNDYSUyMGhyZWYlM0QlMjIlMkZkZSUyRnByb2R1Y3QtY2F0ZWdvcmllJTJGaW5kdWt0aW9uJTJGJTIyJTNFYSUzQyUyRmElM0U=[\/vc_raw_html][\/vc_column][vc_column css_animation=&#8220;fadeInUp&#8220; width=&#8220;1\/5&#8243; rt_bg_effect=&#8220;classic&#8220; rt_bg_image_repeat=&#8220;repeat&#8220; rt_bg_size=&#8220;auto auto&#8220; rt_bg_position=&#8220;center center&#8220; rt_bg_attachment=&#8220;scroll&#8220; rt_class=&#8220;rt-9728070&#8243; rt_margins=&#8220;,&#8220; rt_paddings=&#8220;,,0,0&#8243; rt_wrapper_paddings=&#8220;,,,&#8220; rt_tablet_margins=&#8220;,20&#8243; rt_tablet_paddings=&#8220;,,,&#8220; rt_tablet_wrapper_paddings=&#8220;,,,&#8220; rt_sp_margins=&#8220;,20&#8243; rt_sp_paddings=&#8220;,,,&#8220; rt_sp_wrapper_paddings=&#8220;,,,&#8220; rt_bg_color=&#8220;&#8220; rt_bg_overlay_color=&#8220;&#8220; class=&#8220;banner&#8220;][vc_single_image image=&#8220;309&#8243; img_size=&#8220;full&#8220; alignment=&#8220;center&#8220; css=&#8220;&#8220;]<div class=\"rt-heading-wrapper text-center rt-7048983\">\n\t\t\t\t\t\t<h3 class=\"rt-heading\" >Vakuumierer <\/h3>\n\t\t\t\t\t<\/div>[vc_raw_html css=&#8220;&#8220;]JTNDYSUyMGhyZWYlM0QlMjIlMkZkZSUyRnByb2R1Y3QtY2F0ZWdvcmllJTJGdmFrdXVtaWVyZXIlMkYlMjIlM0VhJTNDJTJGYSUzRQ==[\/vc_raw_html][\/vc_column][\/vc_row]<\/p>\n","protected":false},"excerpt":{"rendered":"<p>[vc_row rt_row_background_width=&#8220;fullwidth&#8220; rt_row_content_width=&#8220;fullwidth&#8220; rt_row_style=&#8220;default-style&#8220; rt_row_height=&#8220;&#8220; rt_column_placement=&#8220;middle&#8220; rt_column_view=&#8220;equal_heights&#8220; rt_column_gaps=&#8220;&#8220; rt_row_shadows=&#8220;&#8220; rt_row_borders=&#8220;&#8220; rt_bg_effect=&#8220;classic&#8220; rt_bg_image_repeat=&#8220;repeat&#8220; rt_bg_size=&#8220;cover&#8220; rt_bg_position=&#8220;right top&#8220; rt_bg_attachment=&#8220;scroll&#8220; rt_bg_layer=&#8220;&#8220; rt_bg_video_format=&#8220;self-hosted&#8220; rt_class=&#8220;rt-3473383&#8243; rt_paddings=&#8220;25,25,60,60&#8243; rt_margins=&#8220;,,,&#8220; rt_content_margins=&#8220;,,,&#8220; rt_tablet_paddings=&#8220;,,30,30&#8243; rt_tablet_margins=&#8220;,,,&#8220; rt_tablet_content_margins=&#8220;,,,&#8220; rt_sp_paddings=&#8220;,,10,10&#8243; rt_sp_margins=&#8220;,,,&#8220; rt_sp_content_margins=&#8220;,,,&#8220; rt_bg_color=&#8220;#1d1d1d&#8220;][vc_column css_animation=&#8220;fadeInUp&#8220; width=&#8220;1\/2&#8243; rt_bg_effect=&#8220;classic&#8220; rt_bg_image_repeat=&#8220;repeat&#8220; rt_bg_size=&#8220;auto auto&#8220; rt_bg_position=&#8220;right top&#8220; rt_bg_attachment=&#8220;scroll&#8220; rt_class=&#8220;rt-1473887&#8243; rt_margins=&#8220;,&#8220; rt_paddings=&#8220;,,,&#8220; rt_wrapper_paddings=&#8220;,,,&#8220; rt_tablet_margins=&#8220;,&#8220; rt_tablet_paddings=&#8220;,,,&#8220; rt_tablet_wrapper_paddings=&#8220;,,,&#8220; rt_sp_margins=&#8220;,&#8220; rt_sp_paddings=&#8220;,,,&#8220; rt_sp_wrapper_paddings=&#8220;,,,&#8220; rt_bg_color=&#8220;&#8220; rt_bg_overlay_color=&#8220;&#8220; class=&#8220;kolomlinks&#8220;][vc_single_image image=&#8220;1442&#8243; img_size=&#8220;248&#215;83&#8243; css=&#8220;&#8220;][vc_column_text css=&#8220;.vc_custom_1744209467408{margin-bottom: [&hellip;]<\/p>\n","protected":false},"author":1,"featured_media":0,"parent":0,"menu_order":0,"comment_status":"closed","ping_status":"closed","template":"","meta":{"inline_featured_image":false,"footnotes":""},"class_list":["post-2927","page","type-page","status-publish","hentry"],"_links":{"self":[{"href":"https:\/\/www.american-appliances.eu\/de\/wp-json\/wp\/v2\/pages\/2927","targetHints":{"allow":["GET"]}}],"collection":[{"href":"https:\/\/www.american-appliances.eu\/de\/wp-json\/wp\/v2\/pages"}],"about":[{"href":"https:\/\/www.american-appliances.eu\/de\/wp-json\/wp\/v2\/types\/page"}],"author":[{"embeddable":true,"href":"https:\/\/www.american-appliances.eu\/de\/wp-json\/wp\/v2\/users\/1"}],"replies":[{"embeddable":true,"href":"https:\/\/www.american-appliances.eu\/de\/wp-json\/wp\/v2\/comments?post=2927"}],"version-history":[{"count":4,"href":"https:\/\/www.american-appliances.eu\/de\/wp-json\/wp\/v2\/pages\/2927\/revisions"}],"predecessor-version":[{"id":3390,"href":"https:\/\/www.american-appliances.eu\/de\/wp-json\/wp\/v2\/pages\/2927\/revisions\/3390"}],"wp:attachment":[{"href":"https:\/\/www.american-appliances.eu\/de\/wp-json\/wp\/v2\/media?parent=2927"}],"curies":[{"name":"wp","href":"https:\/\/api.w.org\/{rel}","templated":true}]}}