{"id":2919,"date":"2025-03-10T10:48:23","date_gmt":"2025-03-10T10:48:23","guid":{"rendered":"https:\/\/www.vanoo21.nl\/?page_id=2919"},"modified":"2025-04-09T14:15:17","modified_gmt":"2025-04-09T14:15:17","slug":"hitachi","status":"publish","type":"page","link":"https:\/\/www.american-appliances.eu\/de\/hitachi\/","title":{"rendered":"HITACHI"},"content":{"rendered":"<p>[vc_row rt_row_background_width=&#8220;fullwidth&#8220; rt_row_content_width=&#8220;fullwidth&#8220; rt_row_style=&#8220;default-style&#8220; rt_row_height=&#8220;&#8220; rt_column_placement=&#8220;middle&#8220; rt_column_view=&#8220;equal_heights&#8220; rt_column_gaps=&#8220;&#8220; rt_row_shadows=&#8220;&#8220; rt_row_borders=&#8220;&#8220; rt_bg_effect=&#8220;classic&#8220; rt_bg_image_repeat=&#8220;repeat&#8220; rt_bg_size=&#8220;cover&#8220; rt_bg_position=&#8220;right top&#8220; rt_bg_attachment=&#8220;scroll&#8220; rt_bg_layer=&#8220;&#8220; rt_bg_video_format=&#8220;self-hosted&#8220; rt_class=&#8220;rt-1236983&#8243; rt_paddings=&#8220;25,50,60,60&#8243; rt_margins=&#8220;,,,&#8220; rt_content_margins=&#8220;,,,&#8220; rt_tablet_paddings=&#8220;,,30,30&#8243; rt_tablet_margins=&#8220;,,,&#8220; rt_tablet_content_margins=&#8220;,,,&#8220; rt_sp_paddings=&#8220;,,10,10&#8243; rt_sp_margins=&#8220;,,,&#8220; rt_sp_content_margins=&#8220;,,,&#8220; rt_bg_color=&#8220;#1d1d1d&#8220;][vc_column css_animation=&#8220;fadeInUp&#8220; width=&#8220;1\/2&#8243; rt_bg_effect=&#8220;classic&#8220; rt_bg_image_repeat=&#8220;repeat&#8220; rt_bg_size=&#8220;auto auto&#8220; rt_bg_position=&#8220;right top&#8220; rt_bg_attachment=&#8220;scroll&#8220; rt_class=&#8220;rt-9879914&#8243; rt_margins=&#8220;,&#8220; rt_paddings=&#8220;,,,&#8220; rt_wrapper_paddings=&#8220;,,,&#8220; rt_tablet_margins=&#8220;,&#8220; rt_tablet_paddings=&#8220;,,,&#8220; rt_tablet_wrapper_paddings=&#8220;,,,&#8220; rt_sp_margins=&#8220;,&#8220; rt_sp_paddings=&#8220;,,,&#8220; rt_sp_wrapper_paddings=&#8220;,,,&#8220; rt_bg_color=&#8220;&#8220; rt_bg_overlay_color=&#8220;&#8220; class=&#8220;kolomlinks&#8220;][vc_single_image image=&#8220;1243&#8243; img_size=&#8220;300&#215;101&#8243; css=&#8220;&#8220;][vc_column_text css=&#8220;.vc_custom_1744205781961{margin-bottom: 25px !important;}&#8220;]<span style=\"color: white;\">Hitachi, eine Marke, die weltweit f\u00fcr ihre technologischen Innovationen bekannt ist, bringt mit ihren K\u00fchlschr\u00e4nken ein St\u00fcck japanische Perfektion in die europ\u00e4ische K\u00fcche. Diese K\u00fchlschr\u00e4nke sind das Ergebnis jahrelanger Entwicklung und eines tiefen Verst\u00e4ndnisses dessen, was die Verbraucher erwarten: Frische, Zuverl\u00e4ssigkeit und Eleganz.<\/span><\/p>\n<p><span style=\"color: white;\">Der technologische Vorsprung von Hitachi spiegelt sich in fortschrittlichen Funktionen wie der Dual-Sensing-Steuerung wider, die sowohl im K\u00fchl- als auch im Gefrierfach f\u00fcr optimale Temperatur und Luftfeuchtigkeit sorgt. Das bedeutet, dass Ihre frischen Produkte l\u00e4nger frisch bleiben und gleichzeitig Geschmack und N\u00e4hrwert behalten. Dar\u00fcber hinaus sind die K\u00fchlschr\u00e4nke mit Funktionen wie &#8222;Quick Cooling&#8220; und Eisspendern ausgestattet, die den Alltag angenehmer machen.<\/span><\/p>\n<p><span style=\"color: white;\">Hitachi steht f\u00fcr Qualit\u00e4t und Langlebigkeit. Dies spiegelt sich in der robusten Bauweise und der Verwendung hochwertiger Materialien wider. Das zeitlose Design der K\u00fchlschr\u00e4nke passt in jede moderne K\u00fcche, von schlicht und minimalistisch bis hin zu warm und wohnlich.<\/span><\/p>\n<p><span style=\"color: white;\">Die Vakuumierschubladen-Funktion, die in den meisten Hitachi-K\u00fchlschr\u00e4nken vorhanden ist, ist eine fortschrittliche Funktion, die entwickelt wurde, um die Frische von Lebensmitteln erheblich zu verl\u00e4ngern. Durch die Entfernung der Luft in der Wanne schafft Hitachi eine Umgebung mit einer niedrigen Sauerstoffkonzentration, die Oxidation und Verderb verlangsamt. Dies ist besonders vorteilhaft f\u00fcr die Konservierung von Fleisch, Fisch und Milchprodukten. Diese Technologie erm\u00f6glicht es Lebensmitteln, ihren nat\u00fcrlichen Geschmack, ihre Textur und ihren N\u00e4hrwert l\u00e4nger zu behalten, was zu weniger Lebensmittelverschwendung und ges\u00fcnderen Mahlzeiten f\u00fchrt. Ein Hitachi-K\u00fchlschrank ist ein Produkt mit Innovation, Qualit\u00e4t und Design. Es ist eine Investition in Frische und Convenience, die speziell f\u00fcr die hohen Anforderungen von heute entwickelt wurde.<\/span>[\/vc_column_text][vc_raw_html css=&#8220;.vc_custom_1744205790922{margin-bottom: 25px !important;}&#8220;]JTNDZGl2JTIwY2xhc3MlM0QlMjJsYW5kZW4lMjIlM0UlMEElMjAlMjAlMjAlMjAlMjAlMjAlMjAlMjAlM0NzcGFuJTIwc3R5bGUlM0QlMjJjb2xvciUzQXdoaXRlJTNCJTIyJTNFRXhrbHVzaXZlciUyMEltcG9ydGV1ciUyMGYlQzMlQkNyJTNBJTNDJTJGc3BhbiUzRSUwQSUyMCUyMCUyMCUyMCUyMCUyMCUyMCUyMCUzQ2ltZyUyMHNyYyUzRCUyMiUyRndwLWNvbnRlbnQlMkZ1cGxvYWRzJTJGMjAyNSUyRjAzJTJGaW9tYWJlLWxhbmRlbi5wbmclMjIlMjBhbHQlM0QlMjJMb2dvJTIyJTNFJTBBJTIwJTIwJTIwJTIwJTNDJTJGZGl2JTNF[\/vc_raw_html][\/vc_column][vc_column css_animation=&#8220;fadeInUp&#8220; width=&#8220;1\/2&#8243; rt_bg_effect=&#8220;classic&#8220; rt_bg_image_repeat=&#8220;no-repeat&#8220; rt_bg_size=&#8220;cover&#8220; rt_bg_position=&#8220;center center&#8220; rt_bg_attachment=&#8220;scroll&#8220; rt_class=&#8220;rt-3730766&#8243; rt_margins=&#8220;,&#8220; rt_paddings=&#8220;,,,&#8220; rt_wrapper_paddings=&#8220;,,,&#8220; rt_tablet_margins=&#8220;,&#8220; rt_tablet_paddings=&#8220;,,,&#8220; rt_tablet_wrapper_paddings=&#8220;,,,&#8220; rt_sp_margins=&#8220;,&#8220; rt_sp_paddings=&#8220;,,,&#8220; rt_sp_wrapper_paddings=&#8220;,,,&#8220; rt_bg_color=&#8220;&#8220; rt_bg_overlay_color=&#8220;&#8220; rt_min_height=&#8220;600px&#8220; class=&#8220;kaart&#8220;][vc_single_image image=&#8220;1424&#8243; img_size=&#8220;full&#8220; css=&#8220;&#8220;][\/vc_column][\/vc_row][vc_row css_animation=&#8220;fadeInUp&#8220; rt_row_background_width=&#8220;fullwidth&#8220; rt_row_content_width=&#8220;fullwidth&#8220; rt_row_style=&#8220;default-style&#8220; rt_row_height=&#8220;&#8220; rt_column_placement=&#8220;middle&#8220; rt_column_gaps=&#8220;&#8220; rt_row_shadows=&#8220;&#8220; rt_row_borders=&#8220;&#8220; rt_bg_effect=&#8220;classic&#8220; rt_bg_image_repeat=&#8220;repeat&#8220; rt_bg_size=&#8220;cover&#8220; rt_bg_position=&#8220;right top&#8220; rt_bg_attachment=&#8220;scroll&#8220; rt_bg_layer=&#8220;&#8220; rt_bg_video_format=&#8220;self-hosted&#8220; rt_class=&#8220;rt-6796507&#8243; rt_paddings=&#8220;75,0,,&#8220; rt_margins=&#8220;,,60,60&#8243; rt_content_margins=&#8220;,,,&#8220; rt_tablet_paddings=&#8220;,,,&#8220; rt_tablet_margins=&#8220;,,30,30&#8243; rt_tablet_content_margins=&#8220;,,,&#8220; rt_sp_paddings=&#8220;,,,&#8220; rt_sp_margins=&#8220;,,10,10&#8243; rt_sp_content_margins=&#8220;,,,&#8220;][vc_column width=&#8220;1\/2&#8243; rt_bg_effect=&#8220;classic&#8220; rt_bg_image_repeat=&#8220;repeat&#8220; rt_bg_size=&#8220;auto auto&#8220; rt_bg_position=&#8220;right top&#8220; rt_bg_attachment=&#8220;scroll&#8220; rt_class=&#8220;rt-9558015&#8243; rt_margins=&#8220;,&#8220; rt_paddings=&#8220;,,,&#8220; rt_wrapper_paddings=&#8220;,,,&#8220; rt_tablet_margins=&#8220;,&#8220; rt_tablet_paddings=&#8220;,,,&#8220; rt_tablet_wrapper_paddings=&#8220;,,,&#8220; rt_sp_margins=&#8220;,20&#8243; rt_sp_paddings=&#8220;,,,&#8220; rt_sp_wrapper_paddings=&#8220;,,,&#8220; rt_bg_color=&#8220;&#8220; rt_bg_overlay_color=&#8220;&#8220;][vc_column_text css=&#8220;&#8220;]<\/p>\n<h2 style=\"margin-top: 0px;\">Eine Auswahl von <span style=\"color: #0d49a4;\">Hitachi-Produkten<\/span><\/h2>\n<p>[\/vc_column_text][\/vc_column][vc_column width=&#8220;1\/2&#8243; rt_bg_effect=&#8220;classic&#8220; rt_bg_image_repeat=&#8220;repeat&#8220; rt_bg_size=&#8220;auto auto&#8220; rt_bg_position=&#8220;right top&#8220; rt_bg_attachment=&#8220;scroll&#8220;]<div class=\"button_wrapper  alignright\"><a href=\"https:\/\/hitachi-appliances.eu\/de\/\" target=\"_blank\" title=\"BESUCHEN SIE HITACHI-APPLIANCES.EU\" class=\"button_  style-1 big rt-6084329\"><span><span>BESUCHEN SIE HITACHI-APPLIANCES.EU<\/span><\/span><\/a><\/div>[\/vc_column][\/vc_row][vc_row rt_row_background_width=&#8220;fullwidth&#8220; rt_row_content_width=&#8220;fullwidth&#8220; rt_row_style=&#8220;default-style&#8220; rt_row_height=&#8220;&#8220; rt_column_gaps=&#8220;&#8220; rt_row_shadows=&#8220;&#8220; rt_row_borders=&#8220;&#8220; rt_bg_effect=&#8220;classic&#8220; rt_bg_image_repeat=&#8220;repeat&#8220; rt_bg_size=&#8220;cover&#8220; rt_bg_position=&#8220;right top&#8220; rt_bg_attachment=&#8220;scroll&#8220; rt_bg_layer=&#8220;&#8220; rt_bg_video_format=&#8220;self-hosted&#8220; rt_class=&#8220;rt-8502337&#8243; rt_paddings=&#8220;25,75,,&#8220; rt_margins=&#8220;,,60,60&#8243; rt_content_margins=&#8220;,,,&#8220; rt_tablet_paddings=&#8220;,,,&#8220; rt_tablet_margins=&#8220;,,30,30&#8243; rt_tablet_content_margins=&#8220;,,,&#8220; rt_sp_paddings=&#8220;35,15,,&#8220; rt_sp_margins=&#8220;,,10,10&#8243; rt_sp_content_margins=&#8220;,,,&#8220;][vc_column css_animation=&#8220;fadeInUp&#8220; width=&#8220;1\/5&#8243; rt_bg_effect=&#8220;classic&#8220; rt_bg_image_repeat=&#8220;repeat&#8220; rt_bg_size=&#8220;auto auto&#8220; rt_bg_position=&#8220;right top&#8220; rt_bg_attachment=&#8220;scroll&#8220; rt_class=&#8220;rt-2610958&#8243; class=&#8220;banner&#8220; rt_margins=&#8220;,20&#8243; rt_paddings=&#8220;,,0,0&#8243; rt_wrapper_paddings=&#8220;,,,&#8220; rt_tablet_margins=&#8220;,20&#8243; rt_tablet_paddings=&#8220;,,,&#8220; rt_tablet_wrapper_paddings=&#8220;,,,&#8220; rt_sp_margins=&#8220;,20&#8243; rt_sp_paddings=&#8220;,,,&#8220; rt_sp_wrapper_paddings=&#8220;,,,&#8220; rt_bg_color=&#8220;&#8220; rt_bg_overlay_color=&#8220;&#8220;][vc_single_image image=&#8220;1531&#8243; img_size=&#8220;full&#8220; alignment=&#8220;center&#8220; css=&#8220;&#8220;]<div class=\"rt-heading-wrapper text-center rt-5917275\">\n\t\t\t\t\t\t<h3 class=\"rt-heading\" >R-WB640PRU1-1(GCK)<\/h3>\n\t\t\t\t\t<\/div>[vc_raw_html css=&#8220;&#8220;]JTNDYSUyMGhyZWYlM0QlMjJodHRwcyUzQSUyRiUyRmhpdGFjaGktYXBwbGlhbmNlcy5ldSUyRm1vZGVsbGVuJTJGJTIyJTIwdGFyZ2V0JTNEJTIyX2JsYW5rJTIyJTNFYSUzQyUyRmElM0U=[\/vc_raw_html][\/vc_column][vc_column css_animation=&#8220;fadeInUp&#8220; width=&#8220;1\/5&#8243; rt_bg_effect=&#8220;classic&#8220; rt_bg_image_repeat=&#8220;repeat&#8220; rt_bg_size=&#8220;auto auto&#8220; rt_bg_position=&#8220;right top&#8220; rt_bg_attachment=&#8220;scroll&#8220; rt_class=&#8220;rt-8726001&#8243; class=&#8220;banner&#8220; rt_margins=&#8220;,20&#8243; rt_paddings=&#8220;,,0,0&#8243; rt_wrapper_paddings=&#8220;,,,&#8220; rt_tablet_margins=&#8220;,20&#8243; rt_tablet_paddings=&#8220;,,,&#8220; rt_tablet_wrapper_paddings=&#8220;,,,&#8220; rt_sp_margins=&#8220;,20&#8243; rt_sp_paddings=&#8220;,,,&#8220; rt_sp_wrapper_paddings=&#8220;,,,&#8220; rt_bg_color=&#8220;&#8220; rt_bg_overlay_color=&#8220;&#8220;][vc_single_image image=&#8220;1534&#8243; img_size=&#8220;full&#8220; alignment=&#8220;center&#8220; css=&#8220;&#8220;]<div class=\"rt-heading-wrapper text-center rt-8142065\">\n\t\t\t\t\t\t<h3 class=\"rt-heading\" >R-WB640VRU0-GBK<\/h3>\n\t\t\t\t\t<\/div>[vc_raw_html css=&#8220;&#8220;]JTNDYSUyMGhyZWYlM0QlMjJodHRwcyUzQSUyRiUyRmhpdGFjaGktYXBwbGlhbmNlcy5ldSUyRmRlJTJGcHJvZHVrdCUyRnItd2I2NDB2cnUwLWdiayUyRiUyMiUyMHRhcmdldCUzRCUyMl9ibGFuayUyMiUzRWElM0MlMkZhJTNF[\/vc_raw_html][\/vc_column][vc_column css_animation=&#8220;fadeInUp&#8220; width=&#8220;1\/5&#8243; rt_bg_effect=&#8220;classic&#8220; rt_bg_image_repeat=&#8220;repeat&#8220; rt_bg_size=&#8220;auto auto&#8220; rt_bg_position=&#8220;center center&#8220; rt_bg_attachment=&#8220;scroll&#8220; rt_class=&#8220;rt-5489571&#8243; rt_margins=&#8220;,20&#8243; rt_paddings=&#8220;,,0,0&#8243; rt_wrapper_paddings=&#8220;,,,&#8220; rt_tablet_margins=&#8220;,20&#8243; rt_tablet_paddings=&#8220;,,,&#8220; rt_tablet_wrapper_paddings=&#8220;,,,&#8220; rt_sp_margins=&#8220;,20&#8243; rt_sp_paddings=&#8220;,,,&#8220; rt_sp_wrapper_paddings=&#8220;,,,&#8220; rt_bg_color=&#8220;&#8220; rt_bg_overlay_color=&#8220;&#8220; class=&#8220;banner&#8220;][vc_single_image image=&#8220;1532&#8243; img_size=&#8220;full&#8220; alignment=&#8220;center&#8220; css=&#8220;&#8220;]<div class=\"rt-heading-wrapper text-center rt-7433793\">\n\t\t\t\t\t\t<h3 class=\"rt-heading\" >R-WB640VRU0-GMG<\/h3>\n\t\t\t\t\t<\/div>[vc_raw_html css=&#8220;&#8220;]JTNDYSUyMGhyZWYlM0QlMjJodHRwcyUzQSUyRiUyRmhpdGFjaGktYXBwbGlhbmNlcy5ldSUyRmRlJTJGcHJvZHVrdCUyRnItd2I2NDB2cnUwLWdtZyUyRiUyMiUyMHRhcmdldCUzRCUyMl9ibGFuayUyMiUzRWElM0MlMkZhJTNF[\/vc_raw_html][\/vc_column][vc_column css_animation=&#8220;fadeInUp&#8220; width=&#8220;1\/5&#8243; rt_bg_effect=&#8220;classic&#8220; rt_bg_image_repeat=&#8220;repeat&#8220; rt_bg_size=&#8220;auto auto&#8220; rt_bg_position=&#8220;right top&#8220; rt_bg_attachment=&#8220;scroll&#8220; rt_class=&#8220;rt-6659196&#8243; rt_margins=&#8220;,20&#8243; rt_paddings=&#8220;,,0,0&#8243; rt_wrapper_paddings=&#8220;,,,&#8220; rt_tablet_margins=&#8220;,20&#8243; rt_tablet_paddings=&#8220;,,,&#8220; rt_tablet_wrapper_paddings=&#8220;,,,&#8220; rt_sp_margins=&#8220;,20&#8243; rt_sp_paddings=&#8220;,,,&#8220; rt_sp_wrapper_paddings=&#8220;,,,&#8220; rt_bg_color=&#8220;&#8220; rt_bg_overlay_color=&#8220;&#8220; class=&#8220;banner&#8220;][vc_single_image image=&#8220;1347&#8243; img_size=&#8220;full&#8220; alignment=&#8220;center&#8220; css=&#8220;&#8220;]<div class=\"rt-heading-wrapper text-center rt-1219748\">\n\t\t\t\t\t\t<h3 class=\"rt-heading\" >R-MX700GVRU0<\/h3>\n\t\t\t\t\t<\/div>[vc_raw_html css=&#8220;&#8220;]JTNDYSUyMGhyZWYlM0QlMjJodHRwcyUzQSUyRiUyRmhpdGFjaGktYXBwbGlhbmNlcy5ldSUyRmRlJTJGcHJvZHVrdCUyRnItbXg3MDBndnJ1MCUyRiUyMiUyMHRhcmdldCUzRCUyMl9ibGFuayUyMiUzRWElM0MlMkZhJTNF[\/vc_raw_html][\/vc_column][vc_column css_animation=&#8220;fadeInUp&#8220; width=&#8220;1\/5&#8243; rt_bg_effect=&#8220;classic&#8220; rt_bg_image_repeat=&#8220;repeat&#8220; rt_bg_size=&#8220;auto auto&#8220; rt_bg_position=&#8220;right top&#8220; rt_bg_attachment=&#8220;scroll&#8220; rt_class=&#8220;rt-8631315&#8243; class=&#8220;banner&#8220; rt_margins=&#8220;,20&#8243; rt_paddings=&#8220;,,0,0&#8243; rt_wrapper_paddings=&#8220;,,,&#8220; rt_tablet_margins=&#8220;,&#8220; rt_tablet_paddings=&#8220;,,,&#8220; rt_tablet_wrapper_paddings=&#8220;,,,&#8220; rt_sp_margins=&#8220;,&#8220; rt_sp_paddings=&#8220;,,,&#8220; rt_sp_wrapper_paddings=&#8220;,,,&#8220; rt_bg_color=&#8220;&#8220; rt_bg_overlay_color=&#8220;&#8220;][vc_single_image image=&#8220;1350&#8243; img_size=&#8220;full&#8220; alignment=&#8220;center&#8220; css=&#8220;&#8220;]<div class=\"rt-heading-wrapper text-center rt-1610667\">\n\t\t\t\t\t\t<h3 class=\"rt-heading\" >R-WB640VRU0X<\/h3>\n\t\t\t\t\t<\/div>[vc_raw_html css=&#8220;&#8220;]JTNDYSUyMGhyZWYlM0QlMjJodHRwcyUzQSUyRiUyRmhpdGFjaGktYXBwbGlhbmNlcy5ldSUyRmRlJTJGcHJvZHVrdCUyRnItd2I2NDB2cnUweCUyRiUyMiUyMHRhcmdldCUzRCUyMl9ibGFuayUyMiUzRWElM0MlMkZhJTNF[\/vc_raw_html][\/vc_column][\/vc_row][vc_row rt_row_background_width=&#8220;fullwidth&#8220; rt_row_content_width=&#8220;default&#8220; rt_row_style=&#8220;default-style&#8220; rt_row_height=&#8220;&#8220; rt_column_gaps=&#8220;&#8220; rt_row_shadows=&#8220;&#8220; rt_row_borders=&#8220;&#8220; rt_bg_effect=&#8220;parallax&#8220; rt_bg_parallax_effect=&#8220;3&#8243; rt_bg_image_repeat=&#8220;no-repeat&#8220; rt_bg_size=&#8220;cover&#8220; rt_bg_position=&#8220;center center&#8220; rt_bg_layer=&#8220;&#8220; rt_bg_video_format=&#8220;self-hosted&#8220; rt_class=&#8220;rt-9258419&#8243; rt_paddings=&#8220;,,,&#8220; rt_margins=&#8220;,,,&#8220; rt_content_margins=&#8220;,,,&#8220; rt_tablet_paddings=&#8220;,,,&#8220; rt_tablet_margins=&#8220;,,,&#8220; rt_tablet_content_margins=&#8220;,,,&#8220; rt_sp_paddings=&#8220;,,,&#8220; rt_sp_margins=&#8220;,,,&#8220; rt_sp_content_margins=&#8220;,,,&#8220; rt_bg_image=&#8220;1359&#8243;][vc_column rt_bg_effect=&#8220;classic&#8220; rt_bg_image_repeat=&#8220;repeat&#8220; rt_bg_size=&#8220;auto auto&#8220; rt_bg_position=&#8220;right top&#8220; rt_bg_attachment=&#8220;scroll&#8220; rt_class=&#8220;rt-1926817&#8243; rt_margins=&#8220;,&#8220; rt_paddings=&#8220;,,,&#8220; rt_wrapper_paddings=&#8220;,,,&#8220; rt_tablet_margins=&#8220;,&#8220; rt_tablet_paddings=&#8220;,,,&#8220; rt_tablet_wrapper_paddings=&#8220;,,,&#8220; rt_sp_margins=&#8220;,&#8220; rt_sp_paddings=&#8220;,,,&#8220; rt_sp_wrapper_paddings=&#8220;,,,&#8220; rt_min_height=&#8220;300px&#8220; rt_bg_color=&#8220;&#8220; rt_bg_overlay_color=&#8220;&#8220;][\/vc_column][\/vc_row]<\/p>\n","protected":false},"excerpt":{"rendered":"<p>[vc_row rt_row_background_width=&#8220;fullwidth&#8220; rt_row_content_width=&#8220;fullwidth&#8220; rt_row_style=&#8220;default-style&#8220; rt_row_height=&#8220;&#8220; rt_column_placement=&#8220;middle&#8220; rt_column_view=&#8220;equal_heights&#8220; rt_column_gaps=&#8220;&#8220; rt_row_shadows=&#8220;&#8220; rt_row_borders=&#8220;&#8220; rt_bg_effect=&#8220;classic&#8220; rt_bg_image_repeat=&#8220;repeat&#8220; rt_bg_size=&#8220;cover&#8220; rt_bg_position=&#8220;right top&#8220; rt_bg_attachment=&#8220;scroll&#8220; rt_bg_layer=&#8220;&#8220; rt_bg_video_format=&#8220;self-hosted&#8220; rt_class=&#8220;rt-1236983&#8243; rt_paddings=&#8220;25,50,60,60&#8243; rt_margins=&#8220;,,,&#8220; rt_content_margins=&#8220;,,,&#8220; rt_tablet_paddings=&#8220;,,30,30&#8243; rt_tablet_margins=&#8220;,,,&#8220; rt_tablet_content_margins=&#8220;,,,&#8220; rt_sp_paddings=&#8220;,,10,10&#8243; rt_sp_margins=&#8220;,,,&#8220; rt_sp_content_margins=&#8220;,,,&#8220; rt_bg_color=&#8220;#1d1d1d&#8220;][vc_column css_animation=&#8220;fadeInUp&#8220; width=&#8220;1\/2&#8243; rt_bg_effect=&#8220;classic&#8220; rt_bg_image_repeat=&#8220;repeat&#8220; rt_bg_size=&#8220;auto auto&#8220; rt_bg_position=&#8220;right top&#8220; rt_bg_attachment=&#8220;scroll&#8220; rt_class=&#8220;rt-9879914&#8243; rt_margins=&#8220;,&#8220; rt_paddings=&#8220;,,,&#8220; rt_wrapper_paddings=&#8220;,,,&#8220; rt_tablet_margins=&#8220;,&#8220; rt_tablet_paddings=&#8220;,,,&#8220; rt_tablet_wrapper_paddings=&#8220;,,,&#8220; rt_sp_margins=&#8220;,&#8220; rt_sp_paddings=&#8220;,,,&#8220; rt_sp_wrapper_paddings=&#8220;,,,&#8220; rt_bg_color=&#8220;&#8220; rt_bg_overlay_color=&#8220;&#8220; class=&#8220;kolomlinks&#8220;][vc_single_image image=&#8220;1243&#8243; img_size=&#8220;300&#215;101&#8243; css=&#8220;&#8220;][vc_column_text css=&#8220;.vc_custom_1744205781961{margin-bottom: [&hellip;]<\/p>\n","protected":false},"author":1,"featured_media":0,"parent":0,"menu_order":0,"comment_status":"closed","ping_status":"closed","template":"","meta":{"inline_featured_image":false,"footnotes":""},"class_list":["post-2919","page","type-page","status-publish","hentry"],"_links":{"self":[{"href":"https:\/\/www.american-appliances.eu\/de\/wp-json\/wp\/v2\/pages\/2919","targetHints":{"allow":["GET"]}}],"collection":[{"href":"https:\/\/www.american-appliances.eu\/de\/wp-json\/wp\/v2\/pages"}],"about":[{"href":"https:\/\/www.american-appliances.eu\/de\/wp-json\/wp\/v2\/types\/page"}],"author":[{"embeddable":true,"href":"https:\/\/www.american-appliances.eu\/de\/wp-json\/wp\/v2\/users\/1"}],"replies":[{"embeddable":true,"href":"https:\/\/www.american-appliances.eu\/de\/wp-json\/wp\/v2\/comments?post=2919"}],"version-history":[{"count":3,"href":"https:\/\/www.american-appliances.eu\/de\/wp-json\/wp\/v2\/pages\/2919\/revisions"}],"predecessor-version":[{"id":2924,"href":"https:\/\/www.american-appliances.eu\/de\/wp-json\/wp\/v2\/pages\/2919\/revisions\/2924"}],"wp:attachment":[{"href":"https:\/\/www.american-appliances.eu\/de\/wp-json\/wp\/v2\/media?parent=2919"}],"curies":[{"name":"wp","href":"https:\/\/api.w.org\/{rel}","templated":true}]}}