{"id":2900,"date":"2025-02-12T13:46:54","date_gmt":"2025-02-12T13:46:54","guid":{"rendered":"https:\/\/www.vanoo21.nl\/?page_id=2900"},"modified":"2025-09-30T07:33:30","modified_gmt":"2025-09-30T07:33:30","slug":"garantiebedingungen","status":"publish","type":"page","link":"https:\/\/www.american-appliances.eu\/de\/garantiebedingungen\/","title":{"rendered":"Garantiebedingungen"},"content":{"rendered":"<p>[vc_row rt_row_background_width=&#8220;fullwidth&#8220; rt_row_content_width=&#8220;default&#8220; rt_row_style=&#8220;default-style&#8220; rt_row_height=&#8220;&#8220; rt_column_gaps=&#8220;&#8220; rt_row_shadows=&#8220;&#8220; rt_row_borders=&#8220;&#8220; rt_bg_effect=&#8220;classic&#8220; rt_bg_image_repeat=&#8220;repeat&#8220; rt_bg_size=&#8220;cover&#8220; rt_bg_position=&#8220;right top&#8220; rt_bg_attachment=&#8220;scroll&#8220; rt_bg_layer=&#8220;&#8220; rt_bg_video_format=&#8220;self-hosted&#8220; rt_class=&#8220;rt-4945004&#8243; rt_paddings=&#8220;50,75,,&#8220; rt_margins=&#8220;,,,&#8220; rt_content_margins=&#8220;,,,&#8220; rt_tablet_paddings=&#8220;,,,&#8220; rt_tablet_margins=&#8220;,,,&#8220; rt_tablet_content_margins=&#8220;,,,&#8220; rt_sp_paddings=&#8220;,,,&#8220; rt_sp_margins=&#8220;,,,&#8220; rt_sp_content_margins=&#8220;,,,&#8220; rt_bg_color=&#8220;#1d1d1d&#8220;][vc_column rt_bg_effect=&#8220;classic&#8220; rt_bg_image_repeat=&#8220;repeat&#8220; rt_bg_size=&#8220;auto auto&#8220; rt_bg_position=&#8220;right top&#8220; rt_bg_attachment=&#8220;scroll&#8220;][vc_column_text css=&#8220;&#8220; el_class=&#8220;plaatsen&#8220;]<\/p>\n<h1>Garantiebedingungen<\/h1>\n<h3 style=\"color: white;\">Garantie<\/h3>\n<p>Ger\u00e4te von General Electric, IOMABE und MABE unterliegen uneingeschr\u00e4nkt den EU-Rechtsvorschriften. Die Garantie betr\u00e4gt 2 Jahre auf Reparaturen aufgrund von M\u00e4ngeln des Produkts (Teile, Arbeits- und Anfahrtskosten). Die Garantie betr\u00e4gt 5 Jahre auf Teile des geschlossenen K\u00fchlkreislaufs, die ausgetauscht werden m\u00fcssen (ohne Arbeits- und Anfahrtskosten). F\u00fcr Informationen kontaktieren Sie uns bitte telefonisch, per Fax oder per E-Mail, die in unseren Unterlagen aufgef\u00fchrt sind.<\/p>\n<p>F\u00fcr unsere erweiterten Garantiebedingungen klicken Sie bitte\u00a0<a href=\"https:\/\/www.american-appliances.eu\/wp-content\/uploads\/2025\/09\/Warranty-Conditions-AMAP-iomabe-2021-DE.pdf\" target=\"_blank\" rel=\"noopener noreferrer\">hier<\/a>[\/vc_column_text][\/vc_column][\/vc_row]<\/p>\n","protected":false},"excerpt":{"rendered":"<p>[vc_row rt_row_background_width=&#8220;fullwidth&#8220; rt_row_content_width=&#8220;default&#8220; rt_row_style=&#8220;default-style&#8220; rt_row_height=&#8220;&#8220; rt_column_gaps=&#8220;&#8220; rt_row_shadows=&#8220;&#8220; rt_row_borders=&#8220;&#8220; rt_bg_effect=&#8220;classic&#8220; rt_bg_image_repeat=&#8220;repeat&#8220; rt_bg_size=&#8220;cover&#8220; rt_bg_position=&#8220;right top&#8220; rt_bg_attachment=&#8220;scroll&#8220; rt_bg_layer=&#8220;&#8220; rt_bg_video_format=&#8220;self-hosted&#8220; rt_class=&#8220;rt-4945004&#8243; rt_paddings=&#8220;50,75,,&#8220; rt_margins=&#8220;,,,&#8220; rt_content_margins=&#8220;,,,&#8220; rt_tablet_paddings=&#8220;,,,&#8220; rt_tablet_margins=&#8220;,,,&#8220; rt_tablet_content_margins=&#8220;,,,&#8220; rt_sp_paddings=&#8220;,,,&#8220; rt_sp_margins=&#8220;,,,&#8220; rt_sp_content_margins=&#8220;,,,&#8220; rt_bg_color=&#8220;#1d1d1d&#8220;][vc_column rt_bg_effect=&#8220;classic&#8220; rt_bg_image_repeat=&#8220;repeat&#8220; rt_bg_size=&#8220;auto auto&#8220; rt_bg_position=&#8220;right top&#8220; rt_bg_attachment=&#8220;scroll&#8220;][vc_column_text css=&#8220;&#8220; el_class=&#8220;plaatsen&#8220;] Garantiebedingungen Garantie Ger\u00e4te von General Electric, IOMABE und MABE unterliegen uneingeschr\u00e4nkt den EU-Rechtsvorschriften. Die Garantie betr\u00e4gt 2 Jahre auf [&hellip;]<\/p>\n","protected":false},"author":1,"featured_media":0,"parent":0,"menu_order":0,"comment_status":"closed","ping_status":"closed","template":"","meta":{"inline_featured_image":false,"footnotes":""},"class_list":["post-2900","page","type-page","status-publish","hentry"],"_links":{"self":[{"href":"https:\/\/www.american-appliances.eu\/de\/wp-json\/wp\/v2\/pages\/2900","targetHints":{"allow":["GET"]}}],"collection":[{"href":"https:\/\/www.american-appliances.eu\/de\/wp-json\/wp\/v2\/pages"}],"about":[{"href":"https:\/\/www.american-appliances.eu\/de\/wp-json\/wp\/v2\/types\/page"}],"author":[{"embeddable":true,"href":"https:\/\/www.american-appliances.eu\/de\/wp-json\/wp\/v2\/users\/1"}],"replies":[{"embeddable":true,"href":"https:\/\/www.american-appliances.eu\/de\/wp-json\/wp\/v2\/comments?post=2900"}],"version-history":[{"count":3,"href":"https:\/\/www.american-appliances.eu\/de\/wp-json\/wp\/v2\/pages\/2900\/revisions"}],"predecessor-version":[{"id":3661,"href":"https:\/\/www.american-appliances.eu\/de\/wp-json\/wp\/v2\/pages\/2900\/revisions\/3661"}],"wp:attachment":[{"href":"https:\/\/www.american-appliances.eu\/de\/wp-json\/wp\/v2\/media?parent=2900"}],"curies":[{"name":"wp","href":"https:\/\/api.w.org\/{rel}","templated":true}]}}