{"id":2898,"date":"2025-02-12T13:32:26","date_gmt":"2025-02-12T13:32:26","guid":{"rendered":"https:\/\/www.vanoo21.nl\/?page_id=2898"},"modified":"2025-04-09T12:34:30","modified_gmt":"2025-04-09T12:34:30","slug":"platzierungsanweisungen-iomabe","status":"publish","type":"page","link":"https:\/\/www.american-appliances.eu\/de\/platzierungsanweisungen-iomabe\/","title":{"rendered":"Platzierungsanweisungen iomabe"},"content":{"rendered":"<p>[vc_row rt_row_background_width=&#8220;fullwidth&#8220; rt_row_content_width=&#8220;default&#8220; rt_row_style=&#8220;default-style&#8220; rt_row_height=&#8220;&#8220; rt_column_gaps=&#8220;&#8220; rt_row_shadows=&#8220;&#8220; rt_row_borders=&#8220;&#8220; rt_bg_effect=&#8220;classic&#8220; rt_bg_image_repeat=&#8220;repeat&#8220; rt_bg_size=&#8220;cover&#8220; rt_bg_position=&#8220;right top&#8220; rt_bg_attachment=&#8220;scroll&#8220; rt_bg_layer=&#8220;&#8220; rt_bg_video_format=&#8220;self-hosted&#8220; rt_class=&#8220;rt-4945004&#8243; rt_paddings=&#8220;50,75,,&#8220; rt_margins=&#8220;,,,&#8220; rt_content_margins=&#8220;,,,&#8220; rt_tablet_paddings=&#8220;,,,&#8220; rt_tablet_margins=&#8220;,,,&#8220; rt_tablet_content_margins=&#8220;,,,&#8220; rt_sp_paddings=&#8220;,,,&#8220; rt_sp_margins=&#8220;,,,&#8220; rt_sp_content_margins=&#8220;,,,&#8220; rt_bg_color=&#8220;#1d1d1d&#8220;][vc_column rt_bg_effect=&#8220;classic&#8220; rt_bg_image_repeat=&#8220;repeat&#8220; rt_bg_size=&#8220;auto auto&#8220; rt_bg_position=&#8220;right top&#8220; rt_bg_attachment=&#8220;scroll&#8220;][vc_column_text css=&#8220;&#8220; el_class=&#8220;plaatsen&#8220;]<\/p>\n<h1>Einbauanleitung f\u00fcr iomabe K\u00fchlschr\u00e4nke<\/h1>\n<h3 style=\"color: white;\">Installation und Anschluss<\/h3>\n<p>Ger\u00e4te mit Eisverteilern ben\u00f6tigen einen Wasserleitungsanschluss. Eine Zuleitung mit Absperrventil und R\u00fcckschlagventil (ca. 15 cm \u00fcber dem Boden) vorsehen. Sp\u00fclen Sie das Rohr vor dem Anschluss gr\u00fcndlich aus. Ein Anschlussset ist im Lieferumfang enthalten. Halten Sie 1 Zoll Platz an den Seiten und 3 Zoll \u00fcber dem Ger\u00e4t, um eine optimale Platzierung und Bel\u00fcftung zu gew\u00e4hrleisten.<\/p>\n<h3 style=\"color: white;\">Elektrischer Anschluss<\/h3>\n<p>Alle Ger\u00e4te sind CEBEC-zertifiziert. Die Steckdose muss gem\u00e4\u00df den geltenden Vorschriften geerdet sein und die Sicherung muss mindestens 10 Ampere betragen.<\/p>\n<h3 style=\"color: white;\">Verwendung und Pflege<\/h3>\n<p>Sp\u00fclen Sie die Wasserleitung, indem Sie &#8222;Wasser&#8220; ausw\u00e4hlen und die Verteilertaste mindestens einige Minuten lang dr\u00fccken. Lassen Sie nach 2 Minuten mindestens 2 Liter Wasser ab. Lassen Sie das Ger\u00e4t 24 Stunden lang arbeiten, um eine stabile Temperatur zu erreichen. Verpacken Sie die Lebensmittel gut und machen Sie regelm\u00e4\u00dfig Eis und Wasser. Reinigen Sie das Ger\u00e4t j\u00e4hrlich mit milder Seifenlauge. Kein Auftauen n\u00f6tig dank No Frost.<\/p>\n<h3 style=\"color: white;\">Preis und Haftung<\/h3>\n<p>Im Preis ist die Installation nicht enthalten. Dies muss von einem autorisierten iomabe-H\u00e4ndler durchgef\u00fchrt werden. iomabe beh\u00e4lt sich das Recht vor, \u00c4nderungen vorzunehmen. \u00dcberpr\u00fcfen Sie das Ger\u00e4t bei der Lieferung auf Besch\u00e4digungen. Nach der Lieferung haftet iomabe nicht f\u00fcr Sch\u00e4den.<\/p>\n<h3 style=\"color: white;\">Garantie<\/h3>\n<p>Iomabe h\u00e4lt sich uneingeschr\u00e4nkt an die EU-Vorschriften: 2 Jahre Garantie auf Reparaturen (Teile, Arbeit, Anfahrtskosten) und 5 Jahre auf Teile des K\u00fchlkreislaufs (exkl. Arbeits-\/Anfahrtskosten). Kontaktieren Sie uns f\u00fcr weitere Informationen.[\/vc_column_text][\/vc_column][\/vc_row][vc_row rt_row_background_width=&#8220;fullwidth&#8220; rt_row_content_width=&#8220;default&#8220; rt_row_style=&#8220;default-style&#8220; rt_row_height=&#8220;&#8220; rt_column_gaps=&#8220;&#8220; rt_row_shadows=&#8220;&#8220; rt_row_borders=&#8220;&#8220; rt_bg_effect=&#8220;parallax&#8220; rt_bg_parallax_effect=&#8220;3&#8243; rt_bg_image_repeat=&#8220;no-repeat&#8220; rt_bg_size=&#8220;cover&#8220; rt_bg_position=&#8220;center center&#8220; rt_bg_layer=&#8220;&#8220; rt_bg_video_format=&#8220;self-hosted&#8220; rt_class=&#8220;rt-1186817&#8243; rt_paddings=&#8220;,,,&#8220; rt_margins=&#8220;,,,&#8220; rt_content_margins=&#8220;,,,&#8220; rt_tablet_paddings=&#8220;,,,&#8220; rt_tablet_margins=&#8220;,,,&#8220; rt_tablet_content_margins=&#8220;,,,&#8220; rt_sp_paddings=&#8220;,,,&#8220; rt_sp_margins=&#8220;,,,&#8220; rt_sp_content_margins=&#8220;,,,&#8220; rt_bg_image=&#8220;1523&#8243;][vc_column rt_bg_effect=&#8220;classic&#8220; rt_bg_image_repeat=&#8220;repeat&#8220; rt_bg_size=&#8220;auto auto&#8220; rt_bg_position=&#8220;right top&#8220; rt_bg_attachment=&#8220;scroll&#8220; rt_class=&#8220;rt-1926817&#8243; rt_margins=&#8220;,&#8220; rt_paddings=&#8220;,,,&#8220; rt_wrapper_paddings=&#8220;,,,&#8220; rt_tablet_margins=&#8220;,&#8220; rt_tablet_paddings=&#8220;,,,&#8220; rt_tablet_wrapper_paddings=&#8220;,,,&#8220; rt_sp_margins=&#8220;,&#8220; rt_sp_paddings=&#8220;,,,&#8220; rt_sp_wrapper_paddings=&#8220;,,,&#8220; rt_min_height=&#8220;300px&#8220; rt_bg_color=&#8220;&#8220; rt_bg_overlay_color=&#8220;&#8220;][\/vc_column][\/vc_row]<\/p>\n","protected":false},"excerpt":{"rendered":"<p>[vc_row rt_row_background_width=&#8220;fullwidth&#8220; rt_row_content_width=&#8220;default&#8220; rt_row_style=&#8220;default-style&#8220; rt_row_height=&#8220;&#8220; rt_column_gaps=&#8220;&#8220; rt_row_shadows=&#8220;&#8220; rt_row_borders=&#8220;&#8220; rt_bg_effect=&#8220;classic&#8220; rt_bg_image_repeat=&#8220;repeat&#8220; rt_bg_size=&#8220;cover&#8220; rt_bg_position=&#8220;right top&#8220; rt_bg_attachment=&#8220;scroll&#8220; rt_bg_layer=&#8220;&#8220; rt_bg_video_format=&#8220;self-hosted&#8220; rt_class=&#8220;rt-4945004&#8243; rt_paddings=&#8220;50,75,,&#8220; rt_margins=&#8220;,,,&#8220; rt_content_margins=&#8220;,,,&#8220; rt_tablet_paddings=&#8220;,,,&#8220; rt_tablet_margins=&#8220;,,,&#8220; rt_tablet_content_margins=&#8220;,,,&#8220; rt_sp_paddings=&#8220;,,,&#8220; rt_sp_margins=&#8220;,,,&#8220; rt_sp_content_margins=&#8220;,,,&#8220; rt_bg_color=&#8220;#1d1d1d&#8220;][vc_column rt_bg_effect=&#8220;classic&#8220; rt_bg_image_repeat=&#8220;repeat&#8220; rt_bg_size=&#8220;auto auto&#8220; rt_bg_position=&#8220;right top&#8220; rt_bg_attachment=&#8220;scroll&#8220;][vc_column_text css=&#8220;&#8220; el_class=&#8220;plaatsen&#8220;] Einbauanleitung f\u00fcr iomabe K\u00fchlschr\u00e4nke Installation und Anschluss Ger\u00e4te mit Eisverteilern ben\u00f6tigen einen Wasserleitungsanschluss. Eine Zuleitung mit Absperrventil und R\u00fcckschlagventil [&hellip;]<\/p>\n","protected":false},"author":1,"featured_media":0,"parent":0,"menu_order":0,"comment_status":"closed","ping_status":"closed","template":"","meta":{"inline_featured_image":false,"footnotes":""},"class_list":["post-2898","page","type-page","status-publish","hentry"],"_links":{"self":[{"href":"https:\/\/www.american-appliances.eu\/de\/wp-json\/wp\/v2\/pages\/2898","targetHints":{"allow":["GET"]}}],"collection":[{"href":"https:\/\/www.american-appliances.eu\/de\/wp-json\/wp\/v2\/pages"}],"about":[{"href":"https:\/\/www.american-appliances.eu\/de\/wp-json\/wp\/v2\/types\/page"}],"author":[{"embeddable":true,"href":"https:\/\/www.american-appliances.eu\/de\/wp-json\/wp\/v2\/users\/1"}],"replies":[{"embeddable":true,"href":"https:\/\/www.american-appliances.eu\/de\/wp-json\/wp\/v2\/comments?post=2898"}],"version-history":[{"count":2,"href":"https:\/\/www.american-appliances.eu\/de\/wp-json\/wp\/v2\/pages\/2898\/revisions"}],"predecessor-version":[{"id":2909,"href":"https:\/\/www.american-appliances.eu\/de\/wp-json\/wp\/v2\/pages\/2898\/revisions\/2909"}],"wp:attachment":[{"href":"https:\/\/www.american-appliances.eu\/de\/wp-json\/wp\/v2\/media?parent=2898"}],"curies":[{"name":"wp","href":"https:\/\/api.w.org\/{rel}","templated":true}]}}